{"id":107,"date":"2022-03-17T15:29:15","date_gmt":"2022-03-17T15:29:15","guid":{"rendered":"https:\/\/cectechsupport.com\/?page_id=107"},"modified":"2024-07-07T08:45:41","modified_gmt":"2024-07-07T12:45:41","slug":"technical-training-schedule","status":"publish","type":"page","link":"https:\/\/cectechsupport.com\/fr\/technical-training-schedule\/","title":{"rendered":"Calendrier de formation technique"},"content":{"rendered":"<h2 class=\"has-text-align-center wp-block-heading\" id=\"2022-spring-training-catalog\"><mark style=\"background-color:rgba(0, 0, 0, 0)\" class=\"has-inline-color has-black-color\">Catalogue de formations du printemps 2022<\/mark><\/h2>\n\n\n\n<h2 class=\"has-text-align-center wp-block-heading\" id=\"march-may-2022\"><mark style=\"background-color:rgba(0, 0, 0, 0)\" class=\"has-inline-color has-black-color\">Mars-mai 2022<\/mark><\/h2>\n\n\n\n<div class=\"wp-block-image size-large is-style-default\"><figure class=\"alignleft size-medium is-resized\"><img loading=\"lazy\" decoding=\"async\" src=\"https:\/\/cectechsupport.com\/wp-content\/uploads\/2022\/03\/carrier_experts_logo_300-300x170.png\" alt=\"\" class=\"wp-image-455\" width=\"252\" height=\"133\"\/><\/figure><\/div>\n\n\n\n<div class=\"wp-block-image size-large is-style-default\"><figure class=\"alignright size-medium is-resized\"><img loading=\"lazy\" decoding=\"async\" src=\"https:\/\/cectechsupport.com\/wp-content\/uploads\/2022\/03\/Brant-Logo-300x159.jpg\" alt=\"\" class=\"wp-image-456\" width=\"252\" height=\"133\" srcset=\"https:\/\/cectechsupport.com\/wp-content\/uploads\/2022\/03\/Brant-Logo-300x159.jpg 300w, https:\/\/cectechsupport.com\/wp-content\/uploads\/2022\/03\/Brant-Logo-600x318.jpg 600w, https:\/\/cectechsupport.com\/wp-content\/uploads\/2022\/03\/Brant-Logo-768x407.jpg 768w, https:\/\/cectechsupport.com\/wp-content\/uploads\/2022\/03\/Brant-Logo.jpg 1006w\" sizes=\"auto, (max-width: 252px) 100vw, 252px\" \/><\/figure><\/div>\n\n\n\n<h1 class=\"has-text-align-center wp-block-heading\" id=\"class-coordinator-contacts\"><mark style=\"background-color:rgba(0, 0, 0, 0)\" class=\"has-inline-color has-black-color\">Contacts du coordonnateur de classe\u00a0:\u00a0<\/mark><\/h1>\n\n\n\n<p class=\"has-text-align-center\"><mark style=\"background-color:rgba(0, 0, 0, 0)\" class=\"has-inline-color has-black-color\">Josh Goodman @<\/mark>\u00a0<a href=\"mailto:Josh.goodman@carrierenterprise.com\">Josh.goodman@carrierenterprise.com<\/a><\/p>\n\n\n\n<h2 class=\"has-text-align-center has-vivid-red-color has-text-color wp-block-heading\" id=\"how-does-the-registration-process-work-faq-s\"><strong><a href=\"https:\/\/cectechsupport.com\/fr\/technical-training-introduction-faqs\/\">Comment fonctionne le processus d&#039;inscription? FAQ<\/a><\/strong><\/h2>\n\n\n\n<hr class=\"wp-block-separator has-text-color has-background has-vivid-red-background-color has-vivid-red-color is-style-wide\"\/>\n\n\n\n<h2 class=\"has-text-align-center wp-block-heading\" id=\"course-information\"><strong><span class=\"has-inline-color has-black-color\">Informations sur les cours<\/span><\/strong><\/h2>\n\n\n\n<h3 class=\"has-text-align-left wp-block-heading\" id=\"next-generation-infinity-greenspeed-evolution-extreme-5-stage-variable-speed-systems\"><strong><span class=\"has-inline-color has-black-color\">Syst\u00e8mes de vitesse variable Infinity Greenspeed \/ Evolution Extreme et 5 \u00e9tapes de nouvelle g\u00e9n\u00e9ration<\/span><\/strong><\/h3>\n\n\n\n<p class=\"has-normal-font-size\"><mark style=\"background-color:rgba(0, 0, 0, 0)\" class=\"has-inline-color has-black-color\">Nous couvrirons l&#039;installation de l&#039;unit\u00e9 ext\u00e9rieure, de l&#039;unit\u00e9 int\u00e9rieure et de l&#039;interface utilisateur. Nous discuterons des caract\u00e9ristiques et des fonctions du syst\u00e8me et de la mani\u00e8re d&#039;assurer une bonne circulation de l&#039;air et de comprendre la charge critique de ces syst\u00e8mes. Nous aborderons le d\u00e9pannage des codes d\u2019erreur et les \u00e9tapes permettant de d\u00e9terminer la source du code d\u2019erreur.<\/mark><\/p>\n\n\n\n<p class=\"has-normal-font-size\"><mark style=\"background-color:rgba(0, 0, 0, 0)\" class=\"has-inline-color has-black-color\">Cette classe est con\u00e7ue pour le personnel d&#039;installation et de service.<\/mark><\/p>\n\n\n\n<p><em><strong><mark style=\"background-color:rgba(0, 0, 0, 0)\" class=\"has-inline-color has-black-color\">Cette classe est l&#039;une des conditions requises pour que les concessionnaires ach\u00e8tent des produits \u00e0 vitesse variable Carrier et Bryant.&nbsp;<\/mark><\/strong><\/em><\/p>\n\n\n\n<h4 class=\"has-text-align-center wp-block-heading\" id=\"course-outline\"><strong><mark style=\"background-color:rgba(0, 0, 0, 0)\" class=\"has-inline-color has-black-color\">Plan de cours<\/mark>&nbsp;<\/strong><\/h4>\n\n\n\n<ul class=\"has-normal-font-size wp-block-list\"><li><mark style=\"background-color:rgba(0, 0, 0, 0)\" class=\"has-inline-color has-black-color\">24\/26 Greenspeed \/ Extreme Evolution nouvelle g\u00e9n\u00e9ration, installation \u00e0 vitesse variable en 5 \u00e9tapes 18\/19<\/mark><\/li><li><mark style=\"background-color:rgba(0, 0, 0, 0)\" class=\"has-inline-color has-black-color\">24\/26 Greenspeed \/ Extreme Evolution nouvelle g\u00e9n\u00e9ration, configuration et fonctionnement \u00e0 vitesse variable en 5 \u00e9tapes 18\/19<\/mark><\/li><li><mark style=\"background-color:rgba(0, 0, 0, 0)\" class=\"has-inline-color has-black-color\">Configuration et fonctionnement du ventilo-convecteur FE<\/mark><\/li><li><mark style=\"background-color:rgba(0, 0, 0, 0)\" class=\"has-inline-color has-black-color\">D\u00e9marrage de l&#039;interface utilisateur \/ Utilisation en tant qu&#039;outil de service<\/mark><\/li><li><mark style=\"background-color:rgba(0, 0, 0, 0)\" class=\"has-inline-color has-black-color\">Codes de d\u00e9pannage expliqu\u00e9s\u00a0<\/mark><\/li><li><mark style=\"background-color:rgba(0, 0, 0, 0)\" class=\"has-inline-color has-black-color\">Proc\u00e9dures de d\u00e9pannage\u00a0<\/mark><\/li><li><mark style=\"background-color:rgba(0, 0, 0, 0)\" class=\"has-inline-color has-black-color\">Outils n\u00e9cessaires au d\u00e9pannage<\/mark><\/li><\/ul>\n\n\n\n<p><mark style=\"background-color:rgba(0, 0, 0, 0)\" class=\"has-inline-color has-black-color\">Les participants qui r\u00e9ussissent le test \u00e0 la fin du cours seront \u00e9ligibles \u00e0 8 heures de formation continue NATE et \u00e0 8 heures de formation de distributeur. <\/mark><\/p>\n\n\n\n<p><mark style=\"background-color:rgba(0, 0, 0, 0)\" class=\"has-inline-color has-black-color\"><strong>ID de classe NATE 6114-0018<\/strong>                                              <strong>Co\u00fbt $45.00<\/strong><\/mark><\/p>\n\n\n\n<section class=\"wp-block-uagb-columns uagb-columns__wrap uagb-columns__background-undefined uagb-columns__stack-mobile uagb-columns__valign-undefined uagb-columns__gap-10 alignundefined uagb-block-d341a176\"><div class=\"uagb-columns__overlay\"><\/div><div class=\"uagb-columns__inner-wrap uagb-columns__columns-2\">\n<div class=\"wp-block-uagb-column uagb-column__wrap uagb-column__background-undefined uagb-block-add12600\"><div class=\"uagb-column__overlay\"><\/div><div class=\"uagb-column__inner-wrap\">\n<h2 class=\"wp-block-heading\" id=\"want-to-purchase-the-course-for-someone-else-give-them-a-training-coupon\"><strong><span class=\"has-inline-color has-black-color\">Vous souhaitez acheter le cours pour quelqu&#039;un d&#039;autre ? Offrez-leur un coupon de formation<\/span><\/strong><\/h2>\n<\/div><\/div>\n\n\n\n<div class=\"wp-block-uagb-column uagb-column__wrap uagb-column__background-undefined uagb-block-287b323c\"><div class=\"uagb-column__overlay\"><\/div><div class=\"uagb-column__inner-wrap\">\n<p class=\"has-text-align-center\"><mark style=\"background-color:rgba(0, 0, 0, 0)\" class=\"has-inline-color has-black-color\">Cliquez ci-dessous pour en savoir plus<\/mark><\/p>\n\n\n\n<div class=\"wp-block-buttons is-layout-flex wp-block-buttons-is-layout-flex\">\n<div class=\"wp-block-button has-custom-width wp-block-button__width-100\"><a class=\"wp-block-button__link has-black-background-color has-background\" href=\"https:\/\/cectechsupport.com\/fr\/produit\/technician-training-coupons\/\"><strong><span class=\"has-inline-color has-white-color\">Coupon de formation<\/span><\/strong><\/a><\/div>\n<\/div>\n<\/div><\/div>\n<\/div><\/section>\n\n\n\n<hr class=\"wp-block-separator has-text-color has-background has-ast-global-color-8-background-color has-ast-global-color-8-color is-style-wide\"\/>\n\n\n\n<section class=\"wp-block-uagb-columns uagb-columns__wrap uagb-columns__background-undefined uagb-columns__stack-mobile uagb-columns__valign-top uagb-columns__gap-0 alignundefined uagb-block-d30c1657\"><div class=\"uagb-columns__overlay\"><\/div><div class=\"uagb-columns__inner-wrap uagb-columns__columns-4\">\n<div class=\"wp-block-uagb-column uagb-column__wrap uagb-column__background-undefined uagb-block-d0197855\"><div class=\"uagb-column__overlay\"><\/div><div class=\"uagb-column__inner-wrap\">\n<div style=\"height:45px\" aria-hidden=\"true\" class=\"wp-block-spacer\"><\/div>\n\n\n\n<h2 class=\"has-text-align-center has-black-color has-text-color wp-block-heading\" id=\"march\"><strong>Mars<\/strong><\/h2>\n\n\n\n<p><\/p>\n\n\n\n<p><\/p>\n<\/div><\/div>\n\n\n\n<div class=\"wp-block-uagb-column uagb-column__wrap uagb-column__background-color uagb-block-10037861\"><div class=\"uagb-column__overlay\"><\/div><div class=\"uagb-column__inner-wrap\">\n<h4 class=\"has-text-align-center wp-block-heading\" id=\"virtual-zoom\"><strong><span class=\"has-inline-color has-black-color\">Virtuel\/Zoom<\/span><\/strong><\/h4>\n\n\n\n<p class=\"has-text-align-center has-small-font-size\"><strong><mark style=\"background-color:rgba(0, 0, 0, 0)\" class=\"has-inline-color has-black-color\">15 mars de 8h \u00e0 16h<\/mark><\/strong><\/p>\n\n\n\n<div class=\"wp-block-buttons is-horizontal is-content-justification-center is-layout-flex wp-container-core-buttons-is-layout-03627597 wp-block-buttons-is-layout-flex\">\n<div class=\"wp-block-button has-custom-width wp-block-button__width-75\"><a class=\"wp-block-button__link has-black-background-color has-background\" href=\"https:\/\/cectechsupport.com\/fr\/cart\/?add-to-cart=32910&amp;quantity=1\" style=\"border-radius:25px\"><strong><span class=\"has-inline-color has-white-color\">Ajouter au panier<\/span><\/strong><\/a><\/div>\n<\/div>\n<\/div><\/div>\n\n\n\n<div class=\"wp-block-uagb-column uagb-column__wrap uagb-column__background-undefined uagb-block-1cd5ed00\"><div class=\"uagb-column__overlay\"><\/div><div class=\"uagb-column__inner-wrap\">\n<div style=\"height:45px\" aria-hidden=\"true\" class=\"wp-block-spacer\"><\/div>\n\n\n\n<p class=\"has-text-align-center\"><\/p>\n<\/div><\/div>\n\n\n\n<div class=\"wp-block-uagb-column uagb-column__wrap uagb-column__background-color uagb-block-e7a4c387\"><div class=\"uagb-column__overlay\"><\/div><div class=\"uagb-column__inner-wrap\">\n<div class=\"wp-block-buttons is-horizontal is-content-justification-center is-layout-flex wp-container-core-buttons-is-layout-03627597 wp-block-buttons-is-layout-flex\"><\/div>\n\n\n\n<p><\/p>\n<\/div><\/div>\n<\/div><\/section>\n\n\n\n<hr class=\"wp-block-separator has-text-color has-background has-ast-global-color-8-background-color has-ast-global-color-8-color is-style-wide\"\/>\n\n\n\n<section class=\"wp-block-uagb-columns uagb-columns__wrap uagb-columns__background-undefined uagb-columns__stack-mobile uagb-columns__valign-top uagb-columns__gap-0 alignundefined uagb-block-a3ad5c1c\"><div class=\"uagb-columns__overlay\"><\/div><div class=\"uagb-columns__inner-wrap uagb-columns__columns-4\">\n<div class=\"wp-block-uagb-column uagb-column__wrap uagb-column__background-undefined uagb-block-edf16b6c\"><div class=\"uagb-column__overlay\"><\/div><div class=\"uagb-column__inner-wrap\">\n<div style=\"height:45px\" aria-hidden=\"true\" class=\"wp-block-spacer\"><\/div>\n\n\n\n<h2 class=\"has-text-align-center wp-block-heading\" id=\"november\"><strong><mark style=\"background-color:rgba(0, 0, 0, 0)\" class=\"has-inline-color has-black-color\">Avril<\/mark><\/strong><\/h2>\n\n\n\n<p><\/p>\n<\/div><\/div>\n\n\n\n<div class=\"wp-block-uagb-column uagb-column__wrap uagb-column__background-color uagb-block-b21a51ff\"><div class=\"uagb-column__overlay\"><\/div><div class=\"uagb-column__inner-wrap\">\n<h4 class=\"has-text-align-center wp-block-heading\" id=\"virtual-zoom\"><strong><span class=\"has-inline-color has-black-color\">Virtuel\/Zoom<\/span><\/strong><\/h4>\n\n\n\n<p class=\"has-text-align-center has-small-font-size\"><strong><mark style=\"background-color:rgba(0, 0, 0, 0)\" class=\"has-inline-color has-black-color\">7 avril de 8h \u00e0 16h<\/mark><\/strong><\/p>\n\n\n\n<div class=\"wp-block-buttons is-horizontal is-content-justification-center is-layout-flex wp-container-core-buttons-is-layout-03627597 wp-block-buttons-is-layout-flex\">\n<div class=\"wp-block-button has-custom-width wp-block-button__width-75\"><a class=\"wp-block-button__link has-black-background-color has-background\" href=\"https:\/\/cectechsupport.com\/fr\/cart\/?add-to-cart=32911&amp;quantity=1\/\" style=\"border-radius:25px\"><strong><span class=\"has-inline-color has-white-color\">Ajouter au panier<\/span><\/strong><\/a><\/div>\n<\/div>\n<\/div><\/div>\n\n\n\n<div class=\"wp-block-uagb-column uagb-column__wrap uagb-column__background-undefined uagb-block-e409d5c1\"><div class=\"uagb-column__overlay\"><\/div><div class=\"uagb-column__inner-wrap\">\n<div style=\"height:45px\" aria-hidden=\"true\" class=\"wp-block-spacer\"><\/div>\n\n\n\n<p class=\"has-text-align-center\"><\/p>\n<\/div><\/div>\n\n\n\n<div class=\"wp-block-uagb-column uagb-column__wrap uagb-column__background-color uagb-block-d7aaf292\"><div class=\"uagb-column__overlay\"><\/div><div class=\"uagb-column__inner-wrap\">\n<div class=\"wp-block-buttons is-horizontal is-content-justification-center is-layout-flex wp-container-core-buttons-is-layout-03627597 wp-block-buttons-is-layout-flex\"><\/div>\n\n\n\n<p><\/p>\n<\/div><\/div>\n<\/div><\/section>\n\n\n\n<hr class=\"wp-block-separator has-text-color has-background has-ast-global-color-8-background-color has-ast-global-color-8-color is-style-wide\"\/>\n\n\n\n<section class=\"wp-block-uagb-columns uagb-columns__wrap uagb-columns__background-undefined uagb-columns__stack-mobile uagb-columns__valign-top uagb-columns__gap-0 alignundefined uagb-block-98878ff4\"><div class=\"uagb-columns__overlay\"><\/div><div class=\"uagb-columns__inner-wrap uagb-columns__columns-4\">\n<div class=\"wp-block-uagb-column uagb-column__wrap uagb-column__background-undefined uagb-block-6d18dee8\"><div class=\"uagb-column__overlay\"><\/div><div class=\"uagb-column__inner-wrap\">\n<div style=\"height:45px\" aria-hidden=\"true\" class=\"wp-block-spacer\"><\/div>\n\n\n\n<h2 class=\"has-text-align-center wp-block-heading\" id=\"december\"><strong><mark style=\"background-color:rgba(0, 0, 0, 0)\" class=\"has-inline-color has-black-color\">Peut<\/mark><\/strong><\/h2>\n\n\n\n<p><\/p>\n<\/div><\/div>\n\n\n\n<div class=\"wp-block-uagb-column uagb-column__wrap uagb-column__background-color uagb-block-eb432992\"><div class=\"uagb-column__overlay\"><\/div><div class=\"uagb-column__inner-wrap\">\n<h4 class=\"has-text-align-center wp-block-heading\" id=\"virtual-zoom\"><mark style=\"background-color:rgba(0, 0, 0, 0)\" class=\"has-inline-color has-black-color\"><strong>Virtuel\/<\/strong><\/mark><strong><mark style=\"background-color:rgba(0, 0, 0, 0)\" class=\"has-inline-color has-black-color\">Zoom<\/mark><\/strong><\/h4>\n\n\n\n<p class=\"has-text-align-center has-small-font-size\"><strong><mark style=\"background-color:rgba(0, 0, 0, 0)\" class=\"has-inline-color has-black-color\">3 mai de 8h \u00e0 16h<\/mark><\/strong><\/p>\n\n\n\n<div class=\"wp-block-buttons is-horizontal is-content-justification-center is-layout-flex wp-container-core-buttons-is-layout-03627597 wp-block-buttons-is-layout-flex\">\n<div class=\"wp-block-button has-custom-width wp-block-button__width-75\"><a class=\"wp-block-button__link has-white-color has-black-background-color has-text-color has-background\" href=\"https:\/\/cectechsupport.com\/fr\/cart\/?add-to-cart=1191&amp;quantity=1\" rel=\"https:\/\/cectechsupport.com\/cart\/?add-to-cart=28463&amp;quantity=1\"><strong><span class=\"has-inline-color has-white-color\">Ajouter au panier<\/span><\/strong><\/a><\/div>\n<\/div>\n<\/div><\/div>\n\n\n\n<div class=\"wp-block-uagb-column uagb-column__wrap uagb-column__background-undefined uagb-block-a115a738\"><div class=\"uagb-column__overlay\"><\/div><div class=\"uagb-column__inner-wrap\">\n<div style=\"height:70px\" aria-hidden=\"true\" class=\"wp-block-spacer\"><\/div>\n\n\n\n<p class=\"has-text-align-center has-black-color has-text-color\"><strong>OU<\/strong><\/p>\n<\/div><\/div>\n\n\n\n<div class=\"wp-block-uagb-column uagb-column__wrap uagb-column__background-color uagb-block-0f9cd1fe\"><div class=\"uagb-column__overlay\"><\/div><div class=\"uagb-column__inner-wrap\">\n<h4 class=\"has-text-align-center has-ast-global-color-8-color has-text-color wp-block-heading\" id=\"virtual-zoom\"><mark style=\"background-color:rgba(0, 0, 0, 0)\" class=\"has-inline-color has-black-color\"><strong>En personne<\/strong><\/mark><strong> (Hanovre)<\/strong><\/h4>\n\n\n\n<p class=\"has-text-align-center has-small-font-size\"><strong><mark style=\"background-color:rgba(0, 0, 0, 0)\" class=\"has-inline-color has-black-color\">3 mai de 8h \u00e0 16h<\/mark><\/strong><\/p>\n\n\n\n<div class=\"wp-block-buttons is-horizontal is-content-justification-center is-layout-flex wp-container-core-buttons-is-layout-03627597 wp-block-buttons-is-layout-flex\">\n<div class=\"wp-block-button has-custom-width wp-block-button__width-75\"><a class=\"wp-block-button__link has-white-color has-black-background-color has-text-color has-background\" href=\"https:\/\/cectechsupport.com\/fr\/cart\/?add-to-cart=1190&amp;quantity=1\" rel=\"https:\/\/cematraining.com\/cart\/?add-to-cart=28463&amp;quantity=1\"><strong><span class=\"has-inline-color has-white-color\">Ajouter au panier<\/span><\/strong><\/a><\/div>\n<\/div>\n<\/div><\/div>\n<\/div><\/section>","protected":false},"excerpt":{"rendered":"<p>Catalogue de formation printemps 2022 (mars-mai 2022) Coordonn\u00e9es du coordinateur\u00a0: Josh Goodman @ Josh.goodman@carrierenterprise.com Comment se d\u00e9roule l&#039;inscription\u00a0? FAQ Informations sur la formation Syst\u00e8mes Infinity Greenspeed \/ Evolution Extreme et \u00e0 vitesse variable \u00e0 5 niveaux de nouvelle g\u00e9n\u00e9ration Nous aborderons l&#039;installation de l&#039;unit\u00e9 ext\u00e9rieure, de l&#039;unit\u00e9 int\u00e9rieure et de l&#039;interface utilisateur. Nous aborderons les caract\u00e9ristiques et les fonctions du syst\u00e8me [\u2026]<\/p>","protected":false},"author":1,"featured_media":0,"parent":0,"menu_order":0,"comment_status":"closed","ping_status":"closed","template":"","meta":{"_coblocks_attr":"","_coblocks_dimensions":"","_coblocks_responsive_height":"","_coblocks_accordion_ie_support":"","_uag_custom_page_level_css":"","site-sidebar-layout":"default","site-content-layout":"","ast-site-content-layout":"default","site-content-style":"default","site-sidebar-style":"default","ast-global-header-display":"","ast-banner-title-visibility":"","ast-main-header-display":"","ast-hfb-above-header-display":"","ast-hfb-below-header-display":"","ast-hfb-mobile-header-display":"","site-post-title":"","ast-breadcrumbs-content":"","ast-featured-img":"","footer-sml-layout":"","theme-transparent-header-meta":"","adv-header-id-meta":"","stick-header-meta":"","header-above-stick-meta":"","header-main-stick-meta":"","header-below-stick-meta":"","astra-migrate-meta-layouts":"default","ast-page-background-enabled":"default","ast-page-background-meta":{"desktop":{"background-color":"","background-image":"","background-repeat":"repeat","background-position":"center center","background-size":"auto","background-attachment":"scroll","background-type":"","background-media":"","overlay-type":"","overlay-color":"","overlay-opacity":"","overlay-gradient":""},"tablet":{"background-color":"","background-image":"","background-repeat":"repeat","background-position":"center center","background-size":"auto","background-attachment":"scroll","background-type":"","background-media":"","overlay-type":"","overlay-color":"","overlay-opacity":"","overlay-gradient":""},"mobile":{"background-color":"","background-image":"","background-repeat":"repeat","background-position":"center center","background-size":"auto","background-attachment":"scroll","background-type":"","background-media":"","overlay-type":"","overlay-color":"","overlay-opacity":"","overlay-gradient":""}},"ast-content-background-meta":{"desktop":{"background-color":"var(--ast-global-color-5)","background-image":"","background-repeat":"repeat","background-position":"center center","background-size":"auto","background-attachment":"scroll","background-type":"","background-media":"","overlay-type":"","overlay-color":"","overlay-opacity":"","overlay-gradient":""},"tablet":{"background-color":"var(--ast-global-color-5)","background-image":"","background-repeat":"repeat","background-position":"center center","background-size":"auto","background-attachment":"scroll","background-type":"","background-media":"","overlay-type":"","overlay-color":"","overlay-opacity":"","overlay-gradient":""},"mobile":{"background-color":"var(--ast-global-color-5)","background-image":"","background-repeat":"repeat","background-position":"center center","background-size":"auto","background-attachment":"scroll","background-type":"","background-media":"","overlay-type":"","overlay-color":"","overlay-opacity":"","overlay-gradient":""}},"footnotes":""},"class_list":["post-107","page","type-page","status-publish","hentry"],"uagb_featured_image_src":{"full":false,"thumbnail":false,"medium":false,"medium_large":false,"large":false,"1536x1536":false,"2048x2048":false,"trp-custom-language-flag":false,"woocommerce_thumbnail":false,"woocommerce_single":false,"woocommerce_gallery_thumbnail":false},"uagb_author_info":{"display_name":"Josh Goodman","author_link":"https:\/\/cectechsupport.com\/fr\/author\/joshg\/"},"uagb_comment_info":0,"uagb_excerpt":"2022 Spring Training Catalog March-May 2022 Class Coordinator Contacts:\u00a0 Josh Goodman @\u00a0Josh.goodman@carrierenterprise.com How does the registration process work? FAQ&#8217;s Course Information Next Generation Infinity Greenspeed \/ Evolution Extreme &amp; 5-Stage Variable Speed Systems We will cover installation of the outdoor unit, indoor unit, and User Interface. We will discuss features and functions of the system&hellip;","_links":{"self":[{"href":"https:\/\/cectechsupport.com\/fr\/wp-json\/wp\/v2\/pages\/107","targetHints":{"allow":["GET"]}}],"collection":[{"href":"https:\/\/cectechsupport.com\/fr\/wp-json\/wp\/v2\/pages"}],"about":[{"href":"https:\/\/cectechsupport.com\/fr\/wp-json\/wp\/v2\/types\/page"}],"author":[{"embeddable":true,"href":"https:\/\/cectechsupport.com\/fr\/wp-json\/wp\/v2\/users\/1"}],"replies":[{"embeddable":true,"href":"https:\/\/cectechsupport.com\/fr\/wp-json\/wp\/v2\/comments?post=107"}],"version-history":[{"count":18,"href":"https:\/\/cectechsupport.com\/fr\/wp-json\/wp\/v2\/pages\/107\/revisions"}],"predecessor-version":[{"id":1706,"href":"https:\/\/cectechsupport.com\/fr\/wp-json\/wp\/v2\/pages\/107\/revisions\/1706"}],"wp:attachment":[{"href":"https:\/\/cectechsupport.com\/fr\/wp-json\/wp\/v2\/media?parent=107"}],"curies":[{"name":"wp","href":"https:\/\/api.w.org\/{rel}","templated":true}]}}