{"id":109,"date":"2022-03-17T15:29:30","date_gmt":"2022-03-17T15:29:30","guid":{"rendered":"https:\/\/cectechsupport.com\/?page_id=109"},"modified":"2024-07-07T08:45:41","modified_gmt":"2024-07-07T12:45:41","slug":"troubleshooting-videos","status":"publish","type":"page","link":"https:\/\/cectechsupport.com\/fr\/troubleshooting-videos\/","title":{"rendered":"Vid\u00e9os de d\u00e9pannage"},"content":{"rendered":"<div class=\"wp-block-media-text alignwide has-media-on-the-right is-stacked-on-mobile is-image-fill is-style-default\"><div class=\"wp-block-media-text__content\">\n<p><a href=\"https:\/\/cectechsupport.com\/fr\/variable-speed-systems\/\"><span class=\"has-inline-color has-vivid-red-color\"><strong>Vid\u00e9os sur le syst\u00e8me \u00e0 vitesse variable<\/strong><\/span><\/a> \u2013 Vous trouverez ici des vid\u00e9os expliquant comment t\u00e9l\u00e9charger des mises \u00e0 jour logicielles sur l&#039;interface utilisateur et les unit\u00e9s ext\u00e9rieures. Vous pourrez \u00e9galement visionner de courtes vid\u00e9os sur les codes d&#039;erreur. Et comment d\u00e9panner les composants des syst\u00e8mes \u00e0 vitesse variable. Avec les manuels d&#039;entretien pour les syst\u00e8mes \u00e0 vitesse variable<\/p>\n<\/div><figure class=\"wp-block-media-text__media\" style=\"background-image:url(https:\/\/cectechsupport.com\/wp-content\/uploads\/2022\/03\/Carrier_3_RearViewSeeThrough-v4.png);background-position:50% 50%\"><a href=\"https:\/\/cectechsupport.com\/fr\/variable-speed-systems\/\"><img loading=\"lazy\" decoding=\"async\" width=\"468\" height=\"533\" src=\"https:\/\/cectechsupport.com\/wp-content\/uploads\/2022\/03\/Carrier_3_RearViewSeeThrough-v4.png\" alt=\"\" class=\"wp-image-474 size-full\" srcset=\"https:\/\/cectechsupport.com\/wp-content\/uploads\/2022\/03\/Carrier_3_RearViewSeeThrough-v4.png 468w, https:\/\/cectechsupport.com\/wp-content\/uploads\/2022\/03\/Carrier_3_RearViewSeeThrough-v4-263x300.png 263w\" sizes=\"auto, (max-width: 468px) 100vw, 468px\" \/><\/a><\/figure><\/div>\n\n\n\n<div class=\"wp-block-media-text alignwide is-stacked-on-mobile is-image-fill\"><figure class=\"wp-block-media-text__media\" style=\"background-image:url(https:\/\/cectechsupport.com\/wp-content\/uploads\/2022\/03\/SYSTXCCITC01-B_2_500x500.jpg);background-position:55% 33%\"><img loading=\"lazy\" decoding=\"async\" width=\"500\" height=\"500\" src=\"https:\/\/cectechsupport.com\/wp-content\/uploads\/2022\/03\/SYSTXCCITC01-B_2_500x500.jpg\" alt=\"\" class=\"wp-image-488 size-full\" srcset=\"https:\/\/cectechsupport.com\/wp-content\/uploads\/2022\/03\/SYSTXCCITC01-B_2_500x500.jpg 500w, https:\/\/cectechsupport.com\/wp-content\/uploads\/2022\/03\/SYSTXCCITC01-B_2_500x500-300x300.jpg 300w, https:\/\/cectechsupport.com\/wp-content\/uploads\/2022\/03\/SYSTXCCITC01-B_2_500x500-100x100.jpg 100w, https:\/\/cectechsupport.com\/wp-content\/uploads\/2022\/03\/SYSTXCCITC01-B_2_500x500-150x150.jpg 150w\" sizes=\"auto, (max-width: 500px) 100vw, 500px\" \/><\/figure><div class=\"wp-block-media-text__content\">\n<p><strong><a href=\"https:\/\/cectechsupport.com\/fr\/user-interface\/\"><span class=\"has-inline-color has-vivid-red-color\">Vid\u00e9o de l&#039;interface utilisateur<\/span><\/a><\/strong><a href=\"https:\/\/cectechsupport.com\/fr\/commercial-hvac-videos\/\"><strong><span class=\"has-inline-color has-vivid-red-color\">s<\/span><\/strong><\/a> \u2013 Vous trouverez ici des vid\u00e9os sur l&#039;utilisation de l&#039;interface utilisateur. Avec comment t\u00e9l\u00e9charger et mettre \u00e0 jour le logiciel dans l&#039;interface utilisateur.<\/p>\n<\/div><\/div>\n\n\n\n<div class=\"wp-block-media-text alignwide has-media-on-the-right is-stacked-on-mobile is-image-fill\"><div class=\"wp-block-media-text__content\">\n<p><a href=\"https:\/\/cectechsupport.com\/fr\/ductless-videos\/\"><span class=\"has-inline-color has-vivid-red-color\"><strong>Vid\u00e9os sans conduit<\/strong><\/span><\/a> \u2013 Ici vous pouvez trouver des vid\u00e9os sur la fa\u00e7on de r\u00e9cup\u00e9rer des informations sur les \u00e9crans des syst\u00e8mes sans conduit. Ainsi que la fa\u00e7on d&#039;ajuster le r\u00e9glage dans les syst\u00e8mes sans conduit. Et des vid\u00e9os sur le d\u00e9pannage des codes d&#039;erreur du syst\u00e8me sans conduit.<\/p>\n<\/div><figure class=\"wp-block-media-text__media\" style=\"background-image:url(https:\/\/cectechsupport.com\/wp-content\/uploads\/2022\/03\/38MARB_1_500x500.jpg);background-position:50% 50%\"><a href=\"https:\/\/cectechsupport.com\/fr\/ductless-videos\/\"><img loading=\"lazy\" decoding=\"async\" width=\"500\" height=\"500\" src=\"https:\/\/cectechsupport.com\/wp-content\/uploads\/2022\/03\/38MARB_1_500x500.jpg\" alt=\"\" class=\"wp-image-484 size-full\" srcset=\"https:\/\/cectechsupport.com\/wp-content\/uploads\/2022\/03\/38MARB_1_500x500.jpg 500w, https:\/\/cectechsupport.com\/wp-content\/uploads\/2022\/03\/38MARB_1_500x500-300x300.jpg 300w, https:\/\/cectechsupport.com\/wp-content\/uploads\/2022\/03\/38MARB_1_500x500-100x100.jpg 100w, https:\/\/cectechsupport.com\/wp-content\/uploads\/2022\/03\/38MARB_1_500x500-150x150.jpg 150w\" sizes=\"auto, (max-width: 500px) 100vw, 500px\" \/><\/a><\/figure><\/div>\n\n\n\n<div class=\"wp-block-media-text alignwide is-stacked-on-mobile is-image-fill\"><figure class=\"wp-block-media-text__media\" style=\"background-image:url(https:\/\/cectechsupport.com\/wp-content\/uploads\/2022\/03\/infinity_98-597x1024.jpg);background-position:61% 26%\"><a href=\"https:\/\/cectechsupport.com\/fr\/gas-furnace-videos\/\"><img loading=\"lazy\" decoding=\"async\" width=\"597\" height=\"1024\" src=\"https:\/\/cectechsupport.com\/wp-content\/uploads\/2022\/03\/infinity_98-597x1024.jpg\" alt=\"\" class=\"wp-image-479 size-full\" srcset=\"https:\/\/cectechsupport.com\/wp-content\/uploads\/2022\/03\/infinity_98-597x1024.jpg 597w, https:\/\/cectechsupport.com\/wp-content\/uploads\/2022\/03\/infinity_98-600x1029.jpg 600w, https:\/\/cectechsupport.com\/wp-content\/uploads\/2022\/03\/infinity_98-175x300.jpg 175w, https:\/\/cectechsupport.com\/wp-content\/uploads\/2022\/03\/infinity_98.jpg 604w\" sizes=\"auto, (max-width: 597px) 100vw, 597px\" \/><\/a><\/figure><div class=\"wp-block-media-text__content\">\n<p><a href=\"https:\/\/cectechsupport.com\/fr\/gas-furnace-videos\/\"><span class=\"has-inline-color has-vivid-red-color\"><strong>Vid\u00e9os sur les fournaises \u00e0 gaz<\/strong><\/span><\/a> \u2013 Vous trouverez ici des vid\u00e9os sur la fa\u00e7on de d\u00e9panner les codes d&#039;erreur et d&#039;autres vid\u00e9os de service de fournaise \u00e0 gaz.<\/p>\n<\/div><\/div>\n\n\n\n<div class=\"wp-block-media-text alignwide has-media-on-the-right is-stacked-on-mobile\"><div class=\"wp-block-media-text__content\">\n<p><a href=\"https:\/\/cectechsupport.com\/fr\/commercial-hvac-videos\/\"><span class=\"has-inline-color has-vivid-red-color\"><strong>Vid\u00e9os commerciales<\/strong><\/span><\/a> \u2013 Vid\u00e9os sur les syst\u00e8mes commerciaux l\u00e9gers et manuels de ressources<\/p>\n<\/div><figure class=\"wp-block-media-text__media\"><a href=\"https:\/\/cectechsupport.com\/fr\/commercial-hvac-videos\/\"><img loading=\"lazy\" decoding=\"async\" width=\"1024\" height=\"549\" src=\"https:\/\/cectechsupport.com\/wp-content\/uploads\/2022\/03\/LCU-1024x549.jpg\" alt=\"\" class=\"wp-image-476 size-full\" srcset=\"https:\/\/cectechsupport.com\/wp-content\/uploads\/2022\/03\/LCU-1024x549.jpg 1024w, https:\/\/cectechsupport.com\/wp-content\/uploads\/2022\/03\/LCU-600x322.jpg 600w, https:\/\/cectechsupport.com\/wp-content\/uploads\/2022\/03\/LCU-300x161.jpg 300w, https:\/\/cectechsupport.com\/wp-content\/uploads\/2022\/03\/LCU-768x412.jpg 768w, https:\/\/cectechsupport.com\/wp-content\/uploads\/2022\/03\/LCU-1536x824.jpg 1536w, https:\/\/cectechsupport.com\/wp-content\/uploads\/2022\/03\/LCU.jpg 1600w\" sizes=\"auto, (max-width: 1024px) 100vw, 1024px\" \/><\/a><\/figure><\/div>\n\n\n\n<div class=\"wp-block-uagb-container uagb-block-c2b455e2 alignfull uagb-is-root-container\"><div class=\"uagb-container-inner-blocks-wrap\">\n<div class=\"wp-block-uagb-container uagb-block-d58b44eb\">\n<figure class=\"wp-block-image alignleft size-large is-resized is-style-default\"><img loading=\"lazy\" decoding=\"async\" src=\"https:\/\/cectechsupport.com\/wp-content\/uploads\/2022\/12\/Carrier-Logo-1024x528.png\" alt=\"\" class=\"wp-image-2193\" width=\"492\" height=\"254\" srcset=\"https:\/\/cectechsupport.com\/wp-content\/uploads\/2022\/12\/Carrier-Logo-1024x528.png 1024w, https:\/\/cectechsupport.com\/wp-content\/uploads\/2022\/12\/Carrier-Logo-300x155.png 300w, https:\/\/cectechsupport.com\/wp-content\/uploads\/2022\/12\/Carrier-Logo-768x396.png 768w, https:\/\/cectechsupport.com\/wp-content\/uploads\/2022\/12\/Carrier-Logo-18x9.png 18w, https:\/\/cectechsupport.com\/wp-content\/uploads\/2022\/12\/Carrier-Logo-600x309.png 600w, https:\/\/cectechsupport.com\/wp-content\/uploads\/2022\/12\/Carrier-Logo.png 1230w\" sizes=\"auto, (max-width: 492px) 100vw, 492px\" \/><\/figure>\n<\/div>\n\n\n\n<div class=\"wp-block-uagb-container uagb-block-e9f9a1ed\">\n<p class=\"has-text-align-right\" style=\"font-size:14px\"><a href=\"https:\/\/cectechsupport.com\/fr\/general-hvac-videos\/\"><span class=\"has-inline-color has-vivid-red-color\"><strong>Vid\u00e9os g\u00e9n\u00e9rales sur le CVC<\/strong><\/span><\/a> \u2013 Vid\u00e9os sur les principes de base du CVC et les t\u00e2ches utilis\u00e9es dans l&#039;industrie du CVC<\/p>\n<\/div>\n<\/div><\/div>\n\n\n\n<div class=\"wp-block-uagb-container uagb-block-621fd180 alignfull uagb-is-root-container\"><div class=\"uagb-container-inner-blocks-wrap\">\n<div class=\"wp-block-uagb-container uagb-block-9a2fcf43\">\n<p><strong><a href=\"https:\/\/cectechsupport.com\/fr\/enermaxx-videos\/\">Vid\u00e9os Enermaxx<\/a><\/strong> \u2013 Vid\u00e9os sur l&#039;installation et les r\u00e9glages pour ODU et IDU <\/p>\n<\/div>\n\n\n\n<div class=\"wp-block-uagb-container uagb-block-82031c70\">\n<figure class=\"wp-block-image aligncenter size-large\"><img loading=\"lazy\" decoding=\"async\" width=\"1024\" height=\"512\" src=\"https:\/\/cectechsupport.com\/wp-content\/uploads\/2022\/12\/Logo-1-1024x512.jpg\" alt=\"\" class=\"wp-image-2197\" srcset=\"https:\/\/cectechsupport.com\/wp-content\/uploads\/2022\/12\/Logo-1-1024x512.jpg 1024w, https:\/\/cectechsupport.com\/wp-content\/uploads\/2022\/12\/Logo-1-300x150.jpg 300w, https:\/\/cectechsupport.com\/wp-content\/uploads\/2022\/12\/Logo-1-768x384.jpg 768w, https:\/\/cectechsupport.com\/wp-content\/uploads\/2022\/12\/Logo-1-1536x768.jpg 1536w, https:\/\/cectechsupport.com\/wp-content\/uploads\/2022\/12\/Logo-1-2048x1024.jpg 2048w, https:\/\/cectechsupport.com\/wp-content\/uploads\/2022\/12\/Logo-1-18x9.jpg 18w, https:\/\/cectechsupport.com\/wp-content\/uploads\/2022\/12\/Logo-1-600x300.jpg 600w\" sizes=\"auto, (max-width: 1024px) 100vw, 1024px\" \/><\/figure>\n<\/div>\n<\/div><\/div>\n\n\n\n<div class=\"wp-block-media-text alignwide is-stacked-on-mobile is-image-fill\"><figure class=\"wp-block-media-text__media\" style=\"background-image:url(https:\/\/cectechsupport.com\/wp-content\/uploads\/2022\/03\/225B_1_500x500.jpg);background-position:50% 50%\"><a href=\"https:\/\/cectechsupport.com\/fr\/commercial-hvac-videos\/\"><img loading=\"lazy\" decoding=\"async\" width=\"500\" height=\"500\" src=\"https:\/\/cectechsupport.com\/wp-content\/uploads\/2022\/03\/225B_1_500x500.jpg\" alt=\"\" class=\"wp-image-486 size-full\" srcset=\"https:\/\/cectechsupport.com\/wp-content\/uploads\/2022\/03\/225B_1_500x500.jpg 500w, https:\/\/cectechsupport.com\/wp-content\/uploads\/2022\/03\/225B_1_500x500-300x300.jpg 300w, https:\/\/cectechsupport.com\/wp-content\/uploads\/2022\/03\/225B_1_500x500-100x100.jpg 100w, https:\/\/cectechsupport.com\/wp-content\/uploads\/2022\/03\/225B_1_500x500-150x150.jpg 150w\" sizes=\"auto, (max-width: 500px) 100vw, 500px\" \/><\/a><\/figure><div class=\"wp-block-media-text__content\">\n<p><a href=\"https:\/\/cectechsupport.com\/fr\/installation-videos\/\"><span class=\"has-inline-color has-vivid-red-color\"><strong>Vid\u00e9os d&#039;installation<\/strong><\/span> <\/a>\u2013 Vid\u00e9os sur les proc\u00e9dures d&#039;installation des fournaises et ventilo-convecteurs r\u00e9sidentiels au gaz CBP.<\/p>\n<\/div><\/div>\n\n\n\n<p><\/p>\n\n\n\n<div class=\"wp-block-uagb-container uagb-block-de9169c2 alignfull uagb-is-root-container\"><div class=\"uagb-container-inner-blocks-wrap\">\n<div class=\"wp-block-uagb-container uagb-block-519a619b\">\n<p><a href=\"https:\/\/cectechsupport.com\/fr\/vrf\/\"><strong>Syst\u00e8me VRF<\/strong><\/a> \u2013 Manuel de d\u00e9pannage et d&#039;installation<\/p>\n<\/div>\n\n\n\n<div class=\"wp-block-uagb-container uagb-block-2019965a\">\n<figure class=\"wp-block-image aligncenter size-full is-resized\"><img loading=\"lazy\" decoding=\"async\" src=\"https:\/\/cectechsupport.com\/wp-content\/uploads\/2023\/01\/Toshiba-outdoor-condensing-units-300x259-photo.jpg\" alt=\"\" class=\"wp-image-2311\" width=\"333\" height=\"287\" srcset=\"https:\/\/cectechsupport.com\/wp-content\/uploads\/2023\/01\/Toshiba-outdoor-condensing-units-300x259-photo.jpg 300w, https:\/\/cectechsupport.com\/wp-content\/uploads\/2023\/01\/Toshiba-outdoor-condensing-units-300x259-photo-14x12.jpg 14w\" sizes=\"auto, (max-width: 333px) 100vw, 333px\" \/><\/figure>\n<\/div>\n<\/div><\/div>","protected":false},"excerpt":{"rendered":"<p>Vid\u00e9os du syst\u00e8me \u00e0 vitesse variable \u2013 Vous trouverez ici des vid\u00e9os sur la fa\u00e7on de t\u00e9l\u00e9charger des mises \u00e0 jour logicielles sur l&#039;interface utilisateur et les unit\u00e9s ext\u00e9rieures. Vous pourrez \u00e9galement visionner de courtes vid\u00e9os sur les codes d\u00e9fauts. Et comment d\u00e9panner les composants des syst\u00e8mes \u00e0 vitesse variable. Avec les manuels d&#039;entretien pour l&#039;interface utilisateur des syst\u00e8mes \u00e0 vitesse variable [\u2026]<\/p>","protected":false},"author":1,"featured_media":0,"parent":0,"menu_order":0,"comment_status":"closed","ping_status":"closed","template":"","meta":{"_coblocks_attr":"","_coblocks_dimensions":"","_coblocks_responsive_height":"","_coblocks_accordion_ie_support":"","_uag_custom_page_level_css":"","site-sidebar-layout":"default","site-content-layout":"","ast-site-content-layout":"default","site-content-style":"default","site-sidebar-style":"default","ast-global-header-display":"","ast-banner-title-visibility":"","ast-main-header-display":"","ast-hfb-above-header-display":"","ast-hfb-below-header-display":"","ast-hfb-mobile-header-display":"","site-post-title":"","ast-breadcrumbs-content":"","ast-featured-img":"","footer-sml-layout":"","theme-transparent-header-meta":"","adv-header-id-meta":"","stick-header-meta":"","header-above-stick-meta":"","header-main-stick-meta":"","header-below-stick-meta":"","astra-migrate-meta-layouts":"default","ast-page-background-enabled":"default","ast-page-background-meta":{"desktop":{"background-color":"","background-image":"","background-repeat":"repeat","background-position":"center center","background-size":"auto","background-attachment":"scroll","background-type":"","background-media":"","overlay-type":"","overlay-color":"","overlay-opacity":"","overlay-gradient":""},"tablet":{"background-color":"","background-image":"","background-repeat":"repeat","background-position":"center center","background-size":"auto","background-attachment":"scroll","background-type":"","background-media":"","overlay-type":"","overlay-color":"","overlay-opacity":"","overlay-gradient":""},"mobile":{"background-color":"","background-image":"","background-repeat":"repeat","background-position":"center center","background-size":"auto","background-attachment":"scroll","background-type":"","background-media":"","overlay-type":"","overlay-color":"","overlay-opacity":"","overlay-gradient":""}},"ast-content-background-meta":{"desktop":{"background-color":"var(--ast-global-color-5)","background-image":"","background-repeat":"repeat","background-position":"center center","background-size":"auto","background-attachment":"scroll","background-type":"","background-media":"","overlay-type":"","overlay-color":"","overlay-opacity":"","overlay-gradient":""},"tablet":{"background-color":"var(--ast-global-color-5)","background-image":"","background-repeat":"repeat","background-position":"center center","background-size":"auto","background-attachment":"scroll","background-type":"","background-media":"","overlay-type":"","overlay-color":"","overlay-opacity":"","overlay-gradient":""},"mobile":{"background-color":"var(--ast-global-color-5)","background-image":"","background-repeat":"repeat","background-position":"center center","background-size":"auto","background-attachment":"scroll","background-type":"","background-media":"","overlay-type":"","overlay-color":"","overlay-opacity":"","overlay-gradient":""}},"footnotes":""},"class_list":["post-109","page","type-page","status-publish","hentry"],"uagb_featured_image_src":{"full":false,"thumbnail":false,"medium":false,"medium_large":false,"large":false,"1536x1536":false,"2048x2048":false,"trp-custom-language-flag":false,"woocommerce_thumbnail":false,"woocommerce_single":false,"woocommerce_gallery_thumbnail":false},"uagb_author_info":{"display_name":"Josh Goodman","author_link":"https:\/\/cectechsupport.com\/fr\/author\/joshg\/"},"uagb_comment_info":0,"uagb_excerpt":"Variable Speed System Videos &#8211; Here you will find videos on how to upload software updates to the User Interface and the Outdoor units. You will also be able to view short videos on fault codes. And how to troubleshoot components within Variable Speed systems. Along with Service Manuals for Variable Speed Systems User Interface&hellip;","_links":{"self":[{"href":"https:\/\/cectechsupport.com\/fr\/wp-json\/wp\/v2\/pages\/109","targetHints":{"allow":["GET"]}}],"collection":[{"href":"https:\/\/cectechsupport.com\/fr\/wp-json\/wp\/v2\/pages"}],"about":[{"href":"https:\/\/cectechsupport.com\/fr\/wp-json\/wp\/v2\/types\/page"}],"author":[{"embeddable":true,"href":"https:\/\/cectechsupport.com\/fr\/wp-json\/wp\/v2\/users\/1"}],"replies":[{"embeddable":true,"href":"https:\/\/cectechsupport.com\/fr\/wp-json\/wp\/v2\/comments?post=109"}],"version-history":[{"count":12,"href":"https:\/\/cectechsupport.com\/fr\/wp-json\/wp\/v2\/pages\/109\/revisions"}],"predecessor-version":[{"id":2312,"href":"https:\/\/cectechsupport.com\/fr\/wp-json\/wp\/v2\/pages\/109\/revisions\/2312"}],"wp:attachment":[{"href":"https:\/\/cectechsupport.com\/fr\/wp-json\/wp\/v2\/media?parent=109"}],"curies":[{"name":"wp","href":"https:\/\/api.w.org\/{rel}","templated":true}]}}