{"id":113,"date":"2022-03-17T15:30:21","date_gmt":"2022-03-17T15:30:21","guid":{"rendered":"https:\/\/cectechsupport.com\/?page_id=113"},"modified":"2024-07-07T08:45:41","modified_gmt":"2024-07-07T12:45:41","slug":"dealer-resources","status":"publish","type":"page","link":"https:\/\/cectechsupport.com\/fr\/dealer-resources\/","title":{"rendered":"Outils de garantie du concessionnaire"},"content":{"rendered":"<h4 class=\"has-very-dark-gray-color has-text-color wp-block-heading\" id=\"hvac-partners-for-bryant-or-carrier-no-login-information-required\"><mark style=\"background-color:rgba(0, 0, 0, 0)\" class=\"has-inline-color has-black-color\">Partenaires HVAC Pour Bryant ou Carrier Aucune information de connexion requise.<\/mark><\/h4>\n\n\n\n<h4 class=\"has-very-dark-gray-color has-text-color wp-block-heading\" id=\"https-carrier-hvacpartners-com-home\"><a rel=\"noreferrer noopener\" href=\"http:\/\/carrier.hvacpartners.com\/home\" target=\"_blank\"><span class=\"has-inline-color has-vivid-red-color\">http:\/\/carrier.hvacpartners.com\/home<\/span><\/a><\/h4>\n\n\n\n<h4 class=\"has-vivid-red-color has-text-color wp-block-heading\" id=\"https-bryant-hvacpartners-com-home\"><a rel=\"noreferrer noopener\" aria-label=\" (s&#039;ouvre dans un nouvel onglet)\" href=\"http:\/\/bryant.hvacpartners.com\/home\" target=\"_blank\"><span class=\"has-inline-color has-vivid-red-color\">http:\/\/bryant.hvacpartners.com\/home<\/span><\/a><\/h4>\n\n\n\n<hr class=\"wp-block-separator has-text-color has-black-color has-css-opacity has-black-background-color has-background is-style-wide\"\/>\n\n\n\n<h4 class=\"has-vivid-red-color has-text-color wp-block-heading\" id=\"dealer-service-bulletins-password-protected\"><a href=\"https:\/\/cectechsupport.com\/fr\/dealer-service-bulletins\/\"><mark style=\"background-color:rgba(0, 0, 0, 0)\" class=\"has-inline-color has-vivid-red-color\">Bulletins de service du concessionnaire<\/mark> <\/a><mark style=\"background-color:rgba(0, 0, 0, 0);color:#000000\" class=\"has-inline-color\">prot\u00e9g\u00e9 par mot de passe<\/mark><\/h4>\n\n\n\n<div class=\"wp-block-buttons is-layout-flex wp-block-buttons-is-layout-flex\">\n<div class=\"wp-block-button\"><a class=\"wp-block-button__link has-vivid-red-background-color has-background\" href=\"https:\/\/cectechsupport.com\/fr\/service-bulletin-password-request\/\">Formulaire de demande d&#039;acc\u00e8s au bulletin de service du concessionnaire<\/a><\/div>\n<\/div>\n\n\n\n<p><\/p>\n\n\n\n<hr class=\"wp-block-separator has-text-color has-black-color has-css-opacity has-black-background-color has-background is-style-wide\"\/>\n\n\n\n<p><a href=\"https:\/\/cectechsupport.com\/fr\/temporary-wiring-diagram-with-suggested-dip-switch-settings-request-form\/\">Demander un sch\u00e9ma de c\u00e2blage temporaire avec les param\u00e8tres de commutateur DIP sugg\u00e9r\u00e9s pour l&#039;interface utilisateur Infinity Touch\/Evolution Connex<\/a><\/p>\n\n\n\n<hr class=\"wp-block-separator has-text-color has-black-color has-css-opacity has-black-background-color has-background is-style-wide\"\/>\n\n\n\n<div class=\"wp-block-buttons is-layout-flex wp-block-buttons-is-layout-flex\">\n<div class=\"wp-block-button\"><a class=\"wp-block-button__link has-black-color has-text-color\" href=\"https:\/\/cectechsupport.com\/fr\/videos-on-how-to-enter-service-bench-claims\/\"> Vid\u00e9os didactiques sur la garantie du banc de service <\/a><\/div>\n<\/div>","protected":false},"excerpt":{"rendered":"<p>Partenaires HVAC Pour Bryant ou Carrier Aucune information de connexion requise. http:\/\/carrier.hvacpartners.com\/home http:\/\/bryant.hvacpartners.com\/home Bulletins de service des concessionnaires prot\u00e9g\u00e9s par un mot de passe Demander un sch\u00e9ma de c\u00e2blage temporaire avec des r\u00e9glages de commutateur DIP sugg\u00e9r\u00e9s pour l&#039;interface utilisateur Infinity Touch\/Evolution Connex<\/p>","protected":false},"author":1,"featured_media":0,"parent":0,"menu_order":0,"comment_status":"closed","ping_status":"closed","template":"","meta":{"_coblocks_attr":"","_coblocks_dimensions":"","_coblocks_responsive_height":"","_coblocks_accordion_ie_support":"","_uag_custom_page_level_css":"","site-sidebar-layout":"default","site-content-layout":"","ast-site-content-layout":"default","site-content-style":"default","site-sidebar-style":"default","ast-global-header-display":"","ast-banner-title-visibility":"","ast-main-header-display":"","ast-hfb-above-header-display":"","ast-hfb-below-header-display":"","ast-hfb-mobile-header-display":"","site-post-title":"","ast-breadcrumbs-content":"","ast-featured-img":"","footer-sml-layout":"","theme-transparent-header-meta":"","adv-header-id-meta":"","stick-header-meta":"","header-above-stick-meta":"","header-main-stick-meta":"","header-below-stick-meta":"","astra-migrate-meta-layouts":"default","ast-page-background-enabled":"default","ast-page-background-meta":{"desktop":{"background-color":"","background-image":"","background-repeat":"repeat","background-position":"center center","background-size":"auto","background-attachment":"scroll","background-type":"","background-media":"","overlay-type":"","overlay-color":"","overlay-opacity":"","overlay-gradient":""},"tablet":{"background-color":"","background-image":"","background-repeat":"repeat","background-position":"center center","background-size":"auto","background-attachment":"scroll","background-type":"","background-media":"","overlay-type":"","overlay-color":"","overlay-opacity":"","overlay-gradient":""},"mobile":{"background-color":"","background-image":"","background-repeat":"repeat","background-position":"center center","background-size":"auto","background-attachment":"scroll","background-type":"","background-media":"","overlay-type":"","overlay-color":"","overlay-opacity":"","overlay-gradient":""}},"ast-content-background-meta":{"desktop":{"background-color":"var(--ast-global-color-5)","background-image":"","background-repeat":"repeat","background-position":"center center","background-size":"auto","background-attachment":"scroll","background-type":"","background-media":"","overlay-type":"","overlay-color":"","overlay-opacity":"","overlay-gradient":""},"tablet":{"background-color":"var(--ast-global-color-5)","background-image":"","background-repeat":"repeat","background-position":"center center","background-size":"auto","background-attachment":"scroll","background-type":"","background-media":"","overlay-type":"","overlay-color":"","overlay-opacity":"","overlay-gradient":""},"mobile":{"background-color":"var(--ast-global-color-5)","background-image":"","background-repeat":"repeat","background-position":"center center","background-size":"auto","background-attachment":"scroll","background-type":"","background-media":"","overlay-type":"","overlay-color":"","overlay-opacity":"","overlay-gradient":""}},"footnotes":""},"class_list":["post-113","page","type-page","status-publish","hentry"],"uagb_featured_image_src":{"full":false,"thumbnail":false,"medium":false,"medium_large":false,"large":false,"1536x1536":false,"2048x2048":false,"trp-custom-language-flag":false,"woocommerce_thumbnail":false,"woocommerce_single":false,"woocommerce_gallery_thumbnail":false},"uagb_author_info":{"display_name":"Josh Goodman","author_link":"https:\/\/cectechsupport.com\/fr\/author\/joshg\/"},"uagb_comment_info":0,"uagb_excerpt":"HVAC Partners For Bryant or Carrier No login information required. http:\/\/carrier.hvacpartners.com\/home http:\/\/bryant.hvacpartners.com\/home Dealer Service Bulletins password protected Request a Temporary wiring diagram with suggested dip switch settings for the User Interface Infinity Touch\/Evolution Connex","_links":{"self":[{"href":"https:\/\/cectechsupport.com\/fr\/wp-json\/wp\/v2\/pages\/113","targetHints":{"allow":["GET"]}}],"collection":[{"href":"https:\/\/cectechsupport.com\/fr\/wp-json\/wp\/v2\/pages"}],"about":[{"href":"https:\/\/cectechsupport.com\/fr\/wp-json\/wp\/v2\/types\/page"}],"author":[{"embeddable":true,"href":"https:\/\/cectechsupport.com\/fr\/wp-json\/wp\/v2\/users\/1"}],"replies":[{"embeddable":true,"href":"https:\/\/cectechsupport.com\/fr\/wp-json\/wp\/v2\/comments?post=113"}],"version-history":[{"count":7,"href":"https:\/\/cectechsupport.com\/fr\/wp-json\/wp\/v2\/pages\/113\/revisions"}],"predecessor-version":[{"id":1828,"href":"https:\/\/cectechsupport.com\/fr\/wp-json\/wp\/v2\/pages\/113\/revisions\/1828"}],"wp:attachment":[{"href":"https:\/\/cectechsupport.com\/fr\/wp-json\/wp\/v2\/media?parent=113"}],"curies":[{"name":"wp","href":"https:\/\/api.w.org\/{rel}","templated":true}]}}