{"id":123,"date":"2022-03-17T15:40:41","date_gmt":"2022-03-17T15:40:41","guid":{"rendered":"https:\/\/cectechsupport.com\/?page_id=123"},"modified":"2024-07-07T08:45:41","modified_gmt":"2024-07-07T12:45:41","slug":"contact-us","status":"publish","type":"page","link":"https:\/\/cectechsupport.com\/fr\/contact-us\/","title":{"rendered":"Nous contacter"},"content":{"rendered":"<div class=\"wpforms-container wpforms-container-full wpforms-container-save-resume wpforms-block\" id=\"wpforms-186\"><form id=\"wpforms-form-186\" class=\"wpforms-validate wpforms-form\" data-formid=\"186\" method=\"post\" enctype=\"multipart\/form-data\" action=\"\/fr\/wp-json\/wp\/v2\/pages\/123\" data-token=\"6d627e8e878f2fc5d90e7f07c233e4bd\" data-token-time=\"1777312741\" data-trp-original-action=\"\/fr\/wp-json\/wp\/v2\/pages\/123\"><noscript class=\"wpforms-error-noscript\">Veuillez activer JavaScript dans votre navigateur pour remplir ce formulaire.<\/noscript><div class=\"wpforms-field-container\"><div id=\"wpforms-186-field_6-container\" class=\"wpforms-field wpforms-field-divider\" data-field-type=\"divider\" data-field-id=\"6\"><h3 id=\"wpforms-186-field_6\">Ce formulaire de contact est destin\u00e9 aux questions sur le site Web et la formation.<\/h3><\/div><div id=\"wpforms-186-field_0-container\" class=\"wpforms-field wpforms-field-name\" data-field-type=\"name\" data-field-id=\"0\"><label class=\"wpforms-field-label\" for=\"wpforms-186-field_0\">Nom <span class=\"wpforms-required-label\">*<\/span><\/label><input type=\"text\" id=\"wpforms-186-field_0\" class=\"wpforms-field-large wpforms-field-required\" name=\"wpforms[fields][0]\" required><\/div><div id=\"wpforms-186-field_3-container\" class=\"wpforms-field wpforms-field-name\" data-field-type=\"name\" data-field-id=\"3\"><label class=\"wpforms-field-label\" for=\"wpforms-186-field_3\">Compagnie <span class=\"wpforms-required-label\">*<\/span><\/label><input type=\"text\" id=\"wpforms-186-field_3\" class=\"wpforms-field-large wpforms-field-required\" name=\"wpforms[fields][3]\" required><\/div><div id=\"wpforms-186-field_5-container\" class=\"wpforms-field wpforms-field-address\" data-field-type=\"address\" data-field-id=\"5\"><label class=\"wpforms-field-label\">Adresse <span class=\"wpforms-required-label\">*<\/span><\/label><div class=\"wpforms-field-row wpforms-field-medium\"><div ><input type=\"text\" id=\"wpforms-186-field_5\" class=\"wpforms-field-address-address1 wpforms-field-required\" name=\"wpforms[fields][5][address1]\" required><label for=\"wpforms-186-field_5\" class=\"wpforms-field-sublabel after\">Adresse 1<\/label><\/div><\/div><div class=\"wpforms-field-row wpforms-field-medium\"><div class=\"wpforms-field-row-block wpforms-one-half wpforms-first\"><input type=\"text\" id=\"wpforms-186-field_5-city\" class=\"wpforms-field-address-city wpforms-field-required\" name=\"wpforms[fields][5][city]\" required><label for=\"wpforms-186-field_5-city\" class=\"wpforms-field-sublabel after\">Ville<\/label><\/div><div class=\"wpforms-field-row-block wpforms-one-half\"><input type=\"text\" id=\"wpforms-186-field_5-state\" class=\"wpforms-field-address-state wpforms-field-required\" name=\"wpforms[fields][5][state]\" required><label for=\"wpforms-186-field_5-state\" class=\"wpforms-field-sublabel after\">Etat \/ Province \/ R\u00e9gion<\/label><\/div><\/div><div class=\"wpforms-field-row wpforms-field-medium\"><div class=\"wpforms-field-row-block wpforms-one-half\"><select id=\"wpforms-186-field_5-country\" class=\"wpforms-field-address-country wpforms-field-required\" name=\"wpforms[fields][5][country]\" required><option class=\"placeholder\" value=\"\" selected disabled>Canada<\/option><option value=\"AF\" >Afghanistan<\/option><option value=\"AL\" >Albanie<\/option><option value=\"DZ\" >Alg\u00e9rie<\/option><option value=\"AS\" >Samoa am\u00e9ricaines<\/option><option value=\"AD\" >Andorre<\/option><option value=\"AO\" >Angola<\/option><option value=\"AI\" >Anguilla<\/option><option value=\"AQ\" >Antarctique<\/option><option value=\"AG\" >Antigua-et-Barbuda<\/option><option value=\"AR\" >Argentine<\/option><option value=\"AM\" >Arm\u00e9nie<\/option><option value=\"AW\" >Aruba<\/option><option value=\"AU\" >Australie<\/option><option value=\"AT\" >L&#039;Autriche<\/option><option value=\"AZ\" >Azerba\u00efdjan<\/option><option value=\"BS\" >Bahamas<\/option><option value=\"BH\" >Bahre\u00efn<\/option><option value=\"BD\" >Bengladesh<\/option><option value=\"BB\" >Barbade<\/option><option value=\"BY\" >Bi\u00e9lorussie<\/option><option value=\"BE\" >Belgique<\/option><option value=\"BZ\" >B\u00e9lize<\/option><option value=\"BJ\" >B\u00e9nin<\/option><option value=\"BM\" >Bermudes<\/option><option value=\"BT\" >Bhoutan<\/option><option value=\"BO\" >Bolivie (\u00c9tat plurinational de)<\/option><option value=\"BQ\" >Bonaire, Saint Eustache et Saba<\/option><option value=\"BA\" >Bosnie Herz\u00e9govine<\/option><option value=\"BW\" >Bostwana<\/option><option value=\"BV\" >\u00cele Bouvet<\/option><option value=\"BR\" >Br\u00e9sil<\/option><option value=\"IO\" >Territoire britannique de l&#039;oc\u00e9an Indien<\/option><option value=\"BN\" >Brunei Darussalam<\/option><option value=\"BG\" >Bulgarie<\/option><option value=\"BF\" >Burkina Faso<\/option><option value=\"BI\" >Burundi<\/option><option value=\"CV\" >Cap-Vert<\/option><option value=\"KH\" >Cambodge<\/option><option value=\"CM\" >Cameroun<\/option><option value=\"CA\" >Canada<\/option><option value=\"KY\" >\u00celes Ca\u00efmans<\/option><option value=\"CF\" >R\u00e9publique centrafricaine<\/option><option value=\"TD\" >Tchad<\/option><option value=\"CL\" >Chili<\/option><option value=\"CN\" >Chine<\/option><option value=\"CX\" >L&#039;\u00eele de no\u00ebl<\/option><option value=\"CC\" >\u00celes Cocos (Keeling)<\/option><option value=\"CO\" >Colombie<\/option><option value=\"KM\" >Comores<\/option><option value=\"CG\" >Congo<\/option><option value=\"CD\" >Congo (R\u00e9publique d\u00e9mocratique du)<\/option><option value=\"CK\" >les \u00celes Cook<\/option><option value=\"CR\" >Costa Rica<\/option><option value=\"HR\" >Croatie<\/option><option value=\"CU\" >Cuba<\/option><option value=\"CW\" >Curacao<\/option><option value=\"CY\" >Chypre<\/option><option value=\"CZ\" >R\u00e9publique tch\u00e8que<\/option><option value=\"CI\" >C\u00f4te d&#039;Ivoire<\/option><option value=\"DK\" >Danemark<\/option><option value=\"DJ\" >Djibouti<\/option><option value=\"DM\" >Dominique<\/option><option value=\"DO\" >R\u00e9publique Dominicaine<\/option><option value=\"EC\" >Equateur<\/option><option value=\"EG\" >Egypte<\/option><option value=\"SV\" >Le Salvador<\/option><option value=\"GQ\" >Guin\u00e9e \u00c9quatoriale<\/option><option value=\"ER\" >\u00c9rythr\u00e9e<\/option><option value=\"EE\" >Estonie<\/option><option value=\"SZ\" >Eswatini (Royaume d&#039;)<\/option><option value=\"ET\" >Ethiopie<\/option><option value=\"FK\" >\u00celes Falkland (Malouines)<\/option><option value=\"FO\" >\u00celes F\u00e9ro\u00e9<\/option><option value=\"FJ\" >Fidji<\/option><option value=\"FI\" >Finlande<\/option><option value=\"FR\" >France<\/option><option value=\"GF\" >Guyane Fran\u00e7aise<\/option><option value=\"PF\" >Polyn\u00e9sie fran\u00e7aise<\/option><option value=\"TF\" >Terres australes fran\u00e7aises<\/option><option value=\"GA\" >Gabon<\/option><option value=\"GM\" >Gambie<\/option><option value=\"GE\" >G\u00e9orgie<\/option><option value=\"DE\" >Allemagne<\/option><option value=\"GH\" >Ghana<\/option><option value=\"GI\" >Gibraltar<\/option><option value=\"GR\" >Gr\u00e8ce<\/option><option value=\"GL\" >Groenland<\/option><option value=\"GD\" >Grenade<\/option><option value=\"GP\" >Guadeloupe<\/option><option value=\"GU\" >Guam<\/option><option value=\"GT\" >Guatemala<\/option><option value=\"GG\" >Guernesey<\/option><option value=\"GN\" >Guin\u00e9e<\/option><option value=\"GW\" >Guin\u00e9e-Bissau<\/option><option value=\"GY\" >Guyane<\/option><option value=\"HT\" >Ha\u00efti<\/option><option value=\"HM\" >\u00cele Heard et \u00eeles McDonald<\/option><option value=\"HN\" >Honduras<\/option><option value=\"HK\" >Hong Kong<\/option><option value=\"HU\" >Hongrie<\/option><option value=\"IS\" >Islande<\/option><option value=\"IN\" >Inde<\/option><option value=\"ID\" >Indon\u00e9sie<\/option><option value=\"IR\" >Iran (R\u00e9publique islamique d &#039;)<\/option><option value=\"IQ\" >Irak<\/option><option value=\"IE\" >Irlande (R\u00e9publique d&#039;)<\/option><option value=\"IM\" >\u00eele de Man<\/option><option value=\"IL\" >Isra\u00ebl<\/option><option value=\"IT\" >Italie<\/option><option value=\"JM\" >Jama\u00efque<\/option><option value=\"JP\" >Japon<\/option><option value=\"JE\" >Jersey<\/option><option value=\"JO\" >Jordan<\/option><option value=\"KZ\" >Kazakhstan<\/option><option value=\"KE\" >Kenya<\/option><option value=\"KI\" >Kiribati<\/option><option value=\"KP\" >R\u00e9publique populaire d\u00e9mocratique de Cor\u00e9e)<\/option><option value=\"KR\" >Cor\u00e9e, R\u00e9publique de)<\/option><option value=\"XK\" >Kosovo<\/option><option value=\"KW\" >Koweit<\/option><option value=\"KG\" >Kirghizistan<\/option><option value=\"LA\" >R\u00e9publique d\u00e9mocratique populaire lao<\/option><option value=\"LV\" >Lettonie<\/option><option value=\"LB\" >Liban<\/option><option value=\"LS\" >Lesotho<\/option><option value=\"LR\" >Lib\u00e9ria<\/option><option value=\"LY\" >Libye<\/option><option value=\"LI\" >Liechtenstein<\/option><option value=\"LT\" >Lituanie<\/option><option value=\"LU\" >Luxembourg<\/option><option value=\"MO\" >Macao<\/option><option value=\"MG\" >Madagascar<\/option><option value=\"MW\" >Malawi<\/option><option value=\"MY\" >Malaisie<\/option><option value=\"MV\" >Maldives<\/option><option value=\"ML\" >Mali<\/option><option value=\"MT\" >Malte<\/option><option value=\"MH\" >Iles Marshall<\/option><option value=\"MQ\" >Martinique<\/option><option value=\"MR\" >Mauritanie<\/option><option value=\"MU\" >Maurice<\/option><option value=\"YT\" >Mayotte<\/option><option value=\"MX\" >Mexique<\/option><option value=\"FM\" >Micron\u00e9sie (\u00c9tats f\u00e9d\u00e9r\u00e9s de)<\/option><option value=\"MD\" >Moldavie (R\u00e9publique de)<\/option><option value=\"MC\" >Monaco<\/option><option value=\"MN\" >Mongolie<\/option><option value=\"ME\" >Mont\u00e9n\u00e9gro<\/option><option value=\"MS\" >Montserrat<\/option><option value=\"MA\" >Maroc<\/option><option value=\"MZ\" >Mozambique<\/option><option value=\"MM\" >Birmanie<\/option><option value=\"NA\" >Namibie<\/option><option value=\"NR\" >Nauru<\/option><option value=\"NP\" >N\u00e9pal<\/option><option value=\"NL\" >Pays-Bas<\/option><option value=\"NC\" >Nouvelle Cal\u00e9donie<\/option><option value=\"NZ\" >Nouvelle-Z\u00e9lande<\/option><option value=\"NI\" >Nicaragua<\/option><option value=\"NE\" >Niger<\/option><option value=\"NG\" >Nigeria<\/option><option value=\"NU\" >Niu\u00e9<\/option><option value=\"NF\" >l&#039;ile de Norfolk<\/option><option value=\"MK\" >Mac\u00e9doine du Nord (R\u00e9publique de)<\/option><option value=\"MP\" >\u00celes Mariannes du Nord<\/option><option value=\"NO\" >Norv\u00e8ge<\/option><option value=\"OM\" >Oman<\/option><option value=\"PK\" >Pakistan<\/option><option value=\"PW\" >Palaos<\/option><option value=\"PS\" >Palestine (\u00c9tat de)<\/option><option value=\"PA\" >Panama<\/option><option value=\"PG\" >Papouasie Nouvelle Guin\u00e9e<\/option><option value=\"PY\" >Paraguay<\/option><option value=\"PE\" >P\u00e9rou<\/option><option value=\"PH\" >Philippines<\/option><option value=\"PN\" >Pitcairn<\/option><option value=\"PL\" >Pologne<\/option><option value=\"PT\" >le Portugal<\/option><option value=\"PR\" >Porto Rico<\/option><option value=\"QA\" >Qatar<\/option><option value=\"RO\" >Roumanie<\/option><option value=\"RU\" >F\u00e9d\u00e9ration Russe<\/option><option value=\"RW\" >Rwanda<\/option><option value=\"RE\" >R\u00e9union<\/option><option value=\"BL\" >Saint Barth\u00e9lemy<\/option><option value=\"SH\" >Sainte-H\u00e9l\u00e8ne, Ascension et Tristan da Cunha<\/option><option value=\"KN\" >Saint-Christophe-et-Ni\u00e9v\u00e8s<\/option><option value=\"LC\" >Sainte-Lucie<\/option><option value=\"MF\" >Saint Martin (partie fran\u00e7aise)<\/option><option value=\"PM\" >Saint-Pierre-et-Miquelon<\/option><option value=\"VC\" >Saint-Vincent-et-les-Grenadines<\/option><option value=\"WS\" >Samoa<\/option><option value=\"SM\" >Saint Marin<\/option><option value=\"ST\" >Sao Tom\u00e9 et Principe<\/option><option value=\"SA\" >Arabie Saoudite<\/option><option value=\"SN\" >S\u00e9n\u00e9gal<\/option><option value=\"RS\" >Serbie<\/option><option value=\"SC\" >les Seychelles<\/option><option value=\"SL\" >Sierra Leone<\/option><option value=\"SG\" >Singapour<\/option><option value=\"SX\" >Sint Maarten (partie hollandaise)<\/option><option value=\"SK\" >Slovaquie<\/option><option value=\"SI\" >Slov\u00e9nie<\/option><option value=\"SB\" >\u00eeles Salomon<\/option><option value=\"SO\" >Somalie<\/option><option value=\"ZA\" >Afrique du Sud<\/option><option value=\"GS\" >G\u00e9orgie du Sud et \u00eeles Sandwich du Sud<\/option><option value=\"SS\" >Soudan du sud<\/option><option value=\"ES\" >Espagne<\/option><option value=\"LK\" >Sri Lanka<\/option><option value=\"SD\" >Soudan<\/option><option value=\"SR\" >Suriname<\/option><option value=\"SJ\" >Svalbard et Jan Mayen<\/option><option value=\"SE\" >Su\u00e8de<\/option><option value=\"CH\" >Suisse<\/option><option value=\"SY\" >R\u00e9publique arabe syrienne<\/option><option value=\"TW\" >Ta\u00efwan, R\u00e9publique de Chine<\/option><option value=\"TJ\" >Tadjikistan<\/option><option value=\"TZ\" >Tanzanie (R\u00e9publique-Unie de)<\/option><option value=\"TH\" >Tha\u00eflande<\/option><option value=\"TL\" >Timor oriental<\/option><option value=\"TG\" >Aller<\/option><option value=\"TK\" >Tok\u00e9laou<\/option><option value=\"TO\" >Tonga<\/option><option value=\"TT\" >Trinit\u00e9-et-Tobago<\/option><option value=\"TN\" >Tunisie<\/option><option value=\"TM\" >Turkm\u00e9nistan<\/option><option value=\"TC\" >\u00eeles Turques-et-Ca\u00efques<\/option><option value=\"TV\" >Tuvalu<\/option><option value=\"TR\" >Turquie<\/option><option value=\"UG\" >Ouganda<\/option><option value=\"UA\" >Ukraine<\/option><option value=\"AE\" >Emirats Arabes Unis<\/option><option value=\"GB\" >Royaume-Uni de Grande-Bretagne et d&#039;Irlande du Nord<\/option><option value=\"UM\" >\u00celes mineures \u00e9loign\u00e9es des \u00c9tats-Unis<\/option><option value=\"US\" >les \u00e9tats-unis d&#039;Am\u00e9rique<\/option><option value=\"UY\" >Uruguay<\/option><option value=\"UZ\" >Ouzb\u00e9kistan<\/option><option value=\"VU\" >Vanuatu<\/option><option value=\"VA\" >\u00c9tat de la Cit\u00e9 du Vatican<\/option><option value=\"VE\" >Venezuela (R\u00e9publique bolivarienne du)<\/option><option value=\"VN\" >Vi\u00eat Nam<\/option><option value=\"VG\" >\u00celes Vierges (britanniques)<\/option><option value=\"VI\" >\u00celes Vierges (\u00c9tats-Unis)<\/option><option value=\"WF\" >Wallis et Futuna<\/option><option value=\"EH\" >Sahara occidental<\/option><option value=\"YE\" >Y\u00e9men<\/option><option value=\"ZM\" >Zambie<\/option><option value=\"ZW\" >Zimbabwe<\/option><option value=\"AX\" >Iles Aland<\/option><\/select><label for=\"wpforms-186-field_5-country\" class=\"wpforms-field-sublabel after\">De campagne<\/label><\/div><\/div><\/div><div id=\"wpforms-186-field_1-container\" class=\"wpforms-field wpforms-field-email\" data-field-type=\"email\" data-field-id=\"1\"><label class=\"wpforms-field-label\" for=\"wpforms-186-field_1\">E-mail <span class=\"wpforms-required-label\">*<\/span><\/label><input type=\"email\" id=\"wpforms-186-field_1\" class=\"wpforms-field-large wpforms-field-required\" name=\"wpforms[fields][1]\" spellcheck=\"false\" required><\/div><div id=\"wpforms-186-field_4-container\" class=\"wpforms-field wpforms-field-name\" data-field-type=\"name\" data-field-id=\"4\"><label class=\"wpforms-field-label\" for=\"wpforms-186-field_4\">Mati\u00e8re <span class=\"wpforms-required-label\">*<\/span><\/label><input type=\"text\" id=\"wpforms-186-field_4\" class=\"wpforms-field-large wpforms-field-required\" name=\"wpforms[fields][4]\" required><\/div><div id=\"wpforms-186-field_2-container\" class=\"wpforms-field wpforms-field-textarea\" data-field-type=\"textarea\" data-field-id=\"2\"><label class=\"wpforms-field-label\" for=\"wpforms-186-field_2\">Message <span class=\"wpforms-required-label\">*<\/span><\/label><textarea id=\"wpforms-186-field_2\" class=\"wpforms-field-medium wpforms-field-required\" name=\"wpforms[fields][2]\" required><\/textarea><\/div><\/div><!-- .wpforms-field-container --><div class=\"wpforms-field wpforms-field-hp\"><label for=\"wpforms-186-field-hp\" class=\"wpforms-field-label\">Commentaire<\/label><input type=\"text\" name=\"wpforms[hp]\" id=\"wpforms-186-field-hp\" class=\"wpforms-field-medium\"><\/div><div class=\"wpforms-recaptcha-container wpforms-is-recaptcha wpforms-is-recaptcha-type-v2\" ><div class=\"g-recaptcha\" data-sitekey=\"6Lc-Rn4jAAAAAAWITvLWBxsHY_hTbjYX9iiYxx6g\"><\/div><input type=\"text\" name=\"g-recaptcha-hidden\" class=\"wpforms-recaptcha-hidden\" style=\"position:absolute!important;clip:rect(0,0,0,0)!important;height:1px!important;width:1px!important;border:0!important;overflow:hidden!important;padding:0!important;margin:0!important;\" data-rule-recaptcha=\"1\"><\/div><div class=\"wpforms-submit-container\" ><input type=\"hidden\" name=\"wpforms[id]\" value=\"186\"><input type=\"hidden\" name=\"page_title\" value=\"\"><input type=\"hidden\" name=\"page_url\" value=\"https:\/\/cectechsupport.com\/fr\/wp-json\/wp\/v2\/pages\/123\"><input type=\"hidden\" name=\"url_referer\" value=\"\"><button type=\"submit\" name=\"wpforms[submit]\" id=\"wpforms-submit-186\" class=\"wpforms-submit\" data-alt-text=\"Sending...\" data-submit-text=\"Send Message\" aria-live=\"assertive\" value=\"wpforms-submit\">Envoyer le message<\/button><\/div><input type=\"hidden\" name=\"trp-form-language\" value=\"fr\"\/><\/form><\/div>  <!-- .wpforms-container -->","protected":false},"excerpt":{"rendered":"","protected":false},"author":1,"featured_media":0,"parent":0,"menu_order":0,"comment_status":"closed","ping_status":"closed","template":"","meta":{"_coblocks_attr":"","_coblocks_dimensions":"","_coblocks_responsive_height":"","_coblocks_accordion_ie_support":"","_uag_custom_page_level_css":"","site-sidebar-layout":"default","site-content-layout":"","ast-site-content-layout":"default","site-content-style":"default","site-sidebar-style":"default","ast-global-header-display":"","ast-banner-title-visibility":"","ast-main-header-display":"","ast-hfb-above-header-display":"","ast-hfb-below-header-display":"","ast-hfb-mobile-header-display":"","site-post-title":"","ast-breadcrumbs-content":"","ast-featured-img":"","footer-sml-layout":"","theme-transparent-header-meta":"","adv-header-id-meta":"","stick-header-meta":"","header-above-stick-meta":"","header-main-stick-meta":"","header-below-stick-meta":"","astra-migrate-meta-layouts":"default","ast-page-background-enabled":"default","ast-page-background-meta":{"desktop":{"background-color":"","background-image":"","background-repeat":"repeat","background-position":"center center","background-size":"auto","background-attachment":"scroll","background-type":"","background-media":"","overlay-type":"","overlay-color":"","overlay-opacity":"","overlay-gradient":""},"tablet":{"background-color":"","background-image":"","background-repeat":"repeat","background-position":"center center","background-size":"auto","background-attachment":"scroll","background-type":"","background-media":"","overlay-type":"","overlay-color":"","overlay-opacity":"","overlay-gradient":""},"mobile":{"background-color":"","background-image":"","background-repeat":"repeat","background-position":"center center","background-size":"auto","background-attachment":"scroll","background-type":"","background-media":"","overlay-type":"","overlay-color":"","overlay-opacity":"","overlay-gradient":""}},"ast-content-background-meta":{"desktop":{"background-color":"var(--ast-global-color-5)","background-image":"","background-repeat":"repeat","background-position":"center center","background-size":"auto","background-attachment":"scroll","background-type":"","background-media":"","overlay-type":"","overlay-color":"","overlay-opacity":"","overlay-gradient":""},"tablet":{"background-color":"var(--ast-global-color-5)","background-image":"","background-repeat":"repeat","background-position":"center center","background-size":"auto","background-attachment":"scroll","background-type":"","background-media":"","overlay-type":"","overlay-color":"","overlay-opacity":"","overlay-gradient":""},"mobile":{"background-color":"var(--ast-global-color-5)","background-image":"","background-repeat":"repeat","background-position":"center center","background-size":"auto","background-attachment":"scroll","background-type":"","background-media":"","overlay-type":"","overlay-color":"","overlay-opacity":"","overlay-gradient":""}},"footnotes":""},"class_list":["post-123","page","type-page","status-publish","hentry"],"uagb_featured_image_src":{"full":false,"thumbnail":false,"medium":false,"medium_large":false,"large":false,"1536x1536":false,"2048x2048":false,"trp-custom-language-flag":false,"woocommerce_thumbnail":false,"woocommerce_single":false,"woocommerce_gallery_thumbnail":false},"uagb_author_info":{"display_name":"Josh Goodman","author_link":"https:\/\/cectechsupport.com\/fr\/author\/joshg\/"},"uagb_comment_info":0,"uagb_excerpt":null,"_links":{"self":[{"href":"https:\/\/cectechsupport.com\/fr\/wp-json\/wp\/v2\/pages\/123","targetHints":{"allow":["GET"]}}],"collection":[{"href":"https:\/\/cectechsupport.com\/fr\/wp-json\/wp\/v2\/pages"}],"about":[{"href":"https:\/\/cectechsupport.com\/fr\/wp-json\/wp\/v2\/types\/page"}],"author":[{"embeddable":true,"href":"https:\/\/cectechsupport.com\/fr\/wp-json\/wp\/v2\/users\/1"}],"replies":[{"embeddable":true,"href":"https:\/\/cectechsupport.com\/fr\/wp-json\/wp\/v2\/comments?post=123"}],"version-history":[{"count":3,"href":"https:\/\/cectechsupport.com\/fr\/wp-json\/wp\/v2\/pages\/123\/revisions"}],"predecessor-version":[{"id":2091,"href":"https:\/\/cectechsupport.com\/fr\/wp-json\/wp\/v2\/pages\/123\/revisions\/2091"}],"wp:attachment":[{"href":"https:\/\/cectechsupport.com\/fr\/wp-json\/wp\/v2\/media?parent=123"}],"curies":[{"name":"wp","href":"https:\/\/api.w.org\/{rel}","templated":true}]}}