{"id":156,"date":"2022-03-21T13:36:39","date_gmt":"2022-03-21T17:36:39","guid":{"rendered":"https:\/\/cectechsupport.com\/?page_id=156"},"modified":"2024-07-07T08:45:41","modified_gmt":"2024-07-07T12:45:41","slug":"commercial-hvac-videos","status":"publish","type":"page","link":"https:\/\/cectechsupport.com\/fr\/commercial-hvac-videos\/","title":{"rendered":"Vid\u00e9os sur le CVC commercial"},"content":{"rendered":"<p style=\"font-size:28px\"><a href=\"https:\/\/cectechsupport.com\/wp-content\/uploads\/2022\/03\/Rooftop-Nomenclature-2.0.pdf\" target=\"_blank\" rel=\"noreferrer noopener\">Nomenclature des mod\u00e8les commerciaux l\u00e9gers sur les toits<\/a><\/p>\n\n\n\n<p><a href=\"https:\/\/cectechsupport.com\/fr\/video-micrometal-economizer-installation\/\"><mark style=\"background-color:rgba(0, 0, 0, 0)\" class=\"has-inline-color has-vivid-red-color\">Installation de l&#039;\u00e9conomiseur MicroMetl<\/mark>:<\/a>&nbsp;<mark style=\"background-color:rgba(0, 0, 0, 0)\" class=\"has-inline-color has-black-color\">Comment installer un \u00e9conomiseur MicroMetl sur une unit\u00e9 de toit Carrier avec contr\u00f4leur Jade. <\/mark><\/p>\n\n\n\n<p><a href=\"https:\/\/cectechsupport.com\/fr\/video-installing-the-jade-economizer\/\"><mark style=\"background-color:rgba(0, 0, 0, 0)\" class=\"has-inline-color has-vivid-red-color\">Installation de l&#039;\u00e9conomiseur Jade pour les ventilateurs int\u00e9rieurs \u00e0 ailettes axiales<\/mark>:<\/a>  <mark style=\"background-color:rgba(0, 0, 0, 0)\" class=\"has-inline-color has-black-color\">Comment installer un \u00e9conomiseur MicroMetl sur une unit\u00e9 de toit Carrier avec un ventilateur axial Van et un contr\u00f4leur Jade.<\/mark> <\/p>\n\n\n\n<p><a href=\"https:\/\/cectechsupport.com\/fr\/video-setting-up-the-jade-economizer\/\"><mark style=\"background-color:rgba(0, 0, 0, 0)\" class=\"has-inline-color has-vivid-red-color\">Configuration de l&#039;\u00e9conomiseur Jade pour les ventilateurs int\u00e9rieurs \u00e0 ailettes axiales<\/mark>:<\/a> <mark style=\"background-color:rgba(0, 0, 0, 0)\" class=\"has-inline-color has-black-color\">Comment configurer l&#039;\u00e9conomiseur MicroMetl sur une unit\u00e9 de toit Carrier avec un ventilateur axial Van et un contr\u00f4leur Jade.<\/mark><\/p>\n\n\n\n<p><a href=\"https:\/\/cectechsupport.com\/fr\/video-setting-up-the-ecoblue-ecm-fan-motor\/\">Configuration du moteur du ventilateur axial EcoBlue Vane<\/a>: <mark style=\"background-color:rgba(0, 0, 0, 0)\" class=\"has-inline-color has-ast-global-color-8-color\">Comment configurer le moteur du ventilateur EcoBlue Vane Axial.<\/mark><\/p>\n\n\n\n<p><a href=\"https:\/\/cectechsupport.com\/fr\/video-troubleshooting-the-ecoblue-ecm-fan-motor\/\"><mark style=\"background-color:rgba(0, 0, 0, 0)\" class=\"has-inline-color has-vivid-red-color\">D\u00e9pannage du moteur de ventilateur EcoBlue ECM<\/mark> <strong>Vid\u00e9o<\/strong>:<\/a> <mark style=\"background-color:rgba(0, 0, 0, 0)\" class=\"has-inline-color has-black-color\">Comment d\u00e9panner une unit\u00e9 de toit Carrier avec un ventilateur axial Van.<\/mark><\/p>\n\n\n\n<p><a href=\"https:\/\/cectechsupport.com\/wp-content\/uploads\/2022\/03\/Vane-Axial-Troubleshooting.pdf\" target=\"_blank\" rel=\"noreferrer noopener\">D\u00e9pannage du moteur de ventilateur EcoBlue ECM <strong>Document<\/strong><\/a>: <mark style=\"background-color:rgba(0, 0, 0, 0)\" class=\"has-inline-color has-black-color\">Comment d\u00e9panner une unit\u00e9 de toit Carrier avec un ventilateur axial Van.<\/mark><\/p>\n\n\n\n<p><a href=\"https:\/\/cectechsupport.com\/fr\/video-disassembly-reassembly-of-the-ecoblue-vane-axial-fan-motor\/\">D\u00e9montage et remontage du ventilateur axial EcoBlue Technology Vane<\/a><\/p>\n\n\n\n<p><mark style=\"background-color:rgba(0, 0, 0, 0)\" class=\"has-inline-color has-black-color\">Sch\u00e9mas de c\u00e2blage couleur du bornier central<\/mark>&nbsp; <mark style=\"background-color:rgba(0, 0, 0, 0)\" class=\"has-inline-color has-vivid-red-color\"><a rel=\"noreferrer noopener\" href=\"https:\/\/cectechsupport.com\/wp-content\/uploads\/2022\/03\/CTB-1.pdf\" target=\"_blank\">ICI<\/a><\/mark><\/p>\n\n\n\n<p><mark style=\"background-color:rgba(0, 0, 0, 0)\" class=\"has-inline-color has-black-color\">Commandes ComfortLink version 10.x<\/mark>   <mark style=\"background-color:rgba(0, 0, 0, 0)\" class=\"has-inline-color has-vivid-red-color\"><a rel=\"noreferrer noopener\" href=\"https:\/\/cectechsupport.com\/wp-content\/uploads\/2022\/03\/48_50A-14T-1.pdf\" target=\"_blank\">ICI <\/a><\/mark><\/p>\n\n\n\n<p><mark style=\"background-color:rgba(0, 0, 0, 0)\" class=\"has-inline-color has-black-color\"><strong>Effet Hall<\/strong> D\u00e9pannage du capteur<\/mark> <mark style=\"background-color:rgba(0, 0, 0, 0)\" class=\"has-inline-color has-vivid-red-color\"><a href=\"https:\/\/cectechsupport.com\/wp-content\/uploads\/2022\/03\/Hall-Effect-Sensor-Troubleshooting.pdf\" target=\"_blank\" rel=\"noreferrer noopener\">ICI<\/a><\/mark><\/p>\n\n\n\n<p><mark style=\"background-color:rgba(0, 0, 0, 0)\" class=\"has-inline-color has-black-color\">Codes de d\u00e9pannage IGC (contr\u00f4le de gaz int\u00e9gr\u00e9)<\/mark><mark style=\"background-color:rgba(0, 0, 0, 0)\" class=\"has-inline-color has-vivid-red-color\"> <a rel=\"noreferrer noopener\" href=\"https:\/\/cectechsupport.com\/wp-content\/uploads\/2022\/03\/IGC-Fault-troubleshooting-v3.pdf\" target=\"_blank\">ICI<\/a><\/mark><\/p>\n\n\n\n<h2 class=\"wp-block-heading\" id=\"system-vu\">Vu syst\u00e8me <\/h2>\n\n\n\n<p><a href=\"https:\/\/cectechsupport.com\/fr\/video-initial-system-start-up-1-introduction-quick-set-checklist\/\">Introduction au d\u00e9marrage initial du syst\u00e8me et liste de contr\u00f4le<\/a><\/p>\n\n\n\n<p><a href=\"https:\/\/cectechsupport.com\/fr\/video-initial-system-start-up-2-network-checklist\/\">Liste de contr\u00f4le du r\u00e9seau pour le d\u00e9marrage initial du syst\u00e8me<\/a><\/p>\n\n\n\n<p><a href=\"https:\/\/cectechsupport.com\/fr\/video-initial-system-start-up-3-system-auto-test\/\">Test automatique du syst\u00e8me au d\u00e9marrage initial du syst\u00e8me<\/a><\/p>\n\n\n\n<p><a href=\"https:\/\/cectechsupport.com\/fr\/video-of-system-vu-indoor-fan-speeds\/\">Vitesses du ventilateur int\u00e9rieur System Vu<\/a><\/p>\n\n\n\n<p><a href=\"https:\/\/cectechsupport.com\/fr\/video-of-system-vu-temperature-demand-control-setup\/\">Configuration du contr\u00f4le de la demande de temp\u00e9rature System Vu<\/a><\/p>\n\n\n\n<p><a href=\"https:\/\/cectechsupport.com\/fr\/video-of-system-vu-temperature-economizer-minimum-position-basics\/\">Bases de la position minimale de l&#039;\u00e9conomiseur System Vu<\/a><\/p>\n\n\n\n<p><a href=\"https:\/\/cectechsupport.com\/fr\/video-of-system-vu-temperature-economizer-minimum-position\/\">Position minimale de l&#039;\u00e9conomiseur System Vu <\/a><\/p>\n\n\n\n<p><\/p>","protected":false},"excerpt":{"rendered":"<p>Nomenclature des mod\u00e8les de toit commerciaux l\u00e9gers Installation de l&#039;\u00e9conomiseur MicroMetl\u00a0: Comment installer un \u00e9conomiseur MicroMetl sur une unit\u00e9 de toit Carrier avec le contr\u00f4leur Jade. Installation de l&#039;\u00e9conomiseur Jade pour les unit\u00e9s de ventilateur int\u00e9rieur axial \u00e0 palettes\u00a0: Comment installer un \u00e9conomiseur MicroMetl sur une unit\u00e9 de toit Carrier avec un ventilateur axial de fourgon et un contr\u00f4leur Jade. Configuration de l&#039;\u00e9conomiseur Jade [\u2026]<\/p>","protected":false},"author":1,"featured_media":0,"parent":0,"menu_order":0,"comment_status":"closed","ping_status":"closed","template":"","meta":{"_coblocks_attr":"","_coblocks_dimensions":"","_coblocks_responsive_height":"","_coblocks_accordion_ie_support":"","_uag_custom_page_level_css":"","site-sidebar-layout":"default","site-content-layout":"","ast-site-content-layout":"default","site-content-style":"default","site-sidebar-style":"default","ast-global-header-display":"","ast-banner-title-visibility":"","ast-main-header-display":"","ast-hfb-above-header-display":"","ast-hfb-below-header-display":"","ast-hfb-mobile-header-display":"","site-post-title":"","ast-breadcrumbs-content":"","ast-featured-img":"","footer-sml-layout":"","theme-transparent-header-meta":"","adv-header-id-meta":"","stick-header-meta":"","header-above-stick-meta":"","header-main-stick-meta":"","header-below-stick-meta":"","astra-migrate-meta-layouts":"set","ast-page-background-enabled":"default","ast-page-background-meta":{"desktop":{"background-color":"","background-image":"","background-repeat":"repeat","background-position":"center center","background-size":"auto","background-attachment":"scroll","background-type":"","background-media":"","overlay-type":"","overlay-color":"","overlay-opacity":"","overlay-gradient":""},"tablet":{"background-color":"","background-image":"","background-repeat":"repeat","background-position":"center center","background-size":"auto","background-attachment":"scroll","background-type":"","background-media":"","overlay-type":"","overlay-color":"","overlay-opacity":"","overlay-gradient":""},"mobile":{"background-color":"","background-image":"","background-repeat":"repeat","background-position":"center center","background-size":"auto","background-attachment":"scroll","background-type":"","background-media":"","overlay-type":"","overlay-color":"","overlay-opacity":"","overlay-gradient":""}},"ast-content-background-meta":{"desktop":{"background-color":"var(--ast-global-color-5)","background-image":"","background-repeat":"repeat","background-position":"center center","background-size":"auto","background-attachment":"scroll","background-type":"","background-media":"","overlay-type":"","overlay-color":"","overlay-opacity":"","overlay-gradient":""},"tablet":{"background-color":"var(--ast-global-color-5)","background-image":"","background-repeat":"repeat","background-position":"center center","background-size":"auto","background-attachment":"scroll","background-type":"","background-media":"","overlay-type":"","overlay-color":"","overlay-opacity":"","overlay-gradient":""},"mobile":{"background-color":"var(--ast-global-color-5)","background-image":"","background-repeat":"repeat","background-position":"center center","background-size":"auto","background-attachment":"scroll","background-type":"","background-media":"","overlay-type":"","overlay-color":"","overlay-opacity":"","overlay-gradient":""}},"footnotes":""},"class_list":["post-156","page","type-page","status-publish","hentry"],"uagb_featured_image_src":{"full":false,"thumbnail":false,"medium":false,"medium_large":false,"large":false,"1536x1536":false,"2048x2048":false,"trp-custom-language-flag":false,"woocommerce_thumbnail":false,"woocommerce_single":false,"woocommerce_gallery_thumbnail":false},"uagb_author_info":{"display_name":"Josh Goodman","author_link":"https:\/\/cectechsupport.com\/fr\/author\/joshg\/"},"uagb_comment_info":0,"uagb_excerpt":"Light Commercial Rooftop Model Nomenclature MicroMetl Economizer Installation:&nbsp;How to install a MicroMetl Economizer on a Carrier Rooftop Unit with Jade Controller. Installing the Jade Economizer For Vane Axial Indoor Fan Units: How to install a MicroMetl Economizer on a Carrier Rooftop Unit with a Van Axial Fan and Jade Controller. Setting up the Jade Economizer&hellip;","_links":{"self":[{"href":"https:\/\/cectechsupport.com\/fr\/wp-json\/wp\/v2\/pages\/156","targetHints":{"allow":["GET"]}}],"collection":[{"href":"https:\/\/cectechsupport.com\/fr\/wp-json\/wp\/v2\/pages"}],"about":[{"href":"https:\/\/cectechsupport.com\/fr\/wp-json\/wp\/v2\/types\/page"}],"author":[{"embeddable":true,"href":"https:\/\/cectechsupport.com\/fr\/wp-json\/wp\/v2\/users\/1"}],"replies":[{"embeddable":true,"href":"https:\/\/cectechsupport.com\/fr\/wp-json\/wp\/v2\/comments?post=156"}],"version-history":[{"count":13,"href":"https:\/\/cectechsupport.com\/fr\/wp-json\/wp\/v2\/pages\/156\/revisions"}],"predecessor-version":[{"id":45750,"href":"https:\/\/cectechsupport.com\/fr\/wp-json\/wp\/v2\/pages\/156\/revisions\/45750"}],"wp:attachment":[{"href":"https:\/\/cectechsupport.com\/fr\/wp-json\/wp\/v2\/media?parent=156"}],"curies":[{"name":"wp","href":"https:\/\/api.w.org\/{rel}","templated":true}]}}