{"id":158,"date":"2022-03-21T13:39:53","date_gmt":"2022-03-21T17:39:53","guid":{"rendered":"https:\/\/cectechsupport.com\/?page_id=158"},"modified":"2024-07-07T08:45:41","modified_gmt":"2024-07-07T12:45:41","slug":"ductless-videos","status":"publish","type":"page","link":"https:\/\/cectechsupport.com\/fr\/ductless-videos\/","title":{"rendered":"Vid\u00e9os sans conduit"},"content":{"rendered":"<p><a rel=\"noreferrer noopener\" href=\"https:\/\/cectechsupport.com\/wp-content\/uploads\/2021\/06\/CEs-Carrier-Bryant-DLS-Service-Manual.pdf\" target=\"_blank\">Carrier Enterprise Carrier &amp; Bryant Manuel d&#039;entretien sans conduit<\/a><\/p>\n\n\n\n<p><strong><mark style=\"background-color:rgba(0, 0, 0, 0)\" class=\"has-inline-color has-vivid-red-color\"> NOUVEAU<\/mark><\/strong> <mark style=\"background-color:rgba(0, 0, 0, 0)\" class=\"has-inline-color has-vivid-red-color\"><a href=\"https:\/\/cectechsupport.com\/fr\/video-40mahb-high-wall-dls-blower-assembly-removal\/\">Ensemble ventilateur \u00e0 paroi haute 40MAHB\/retrait du bac \u00e0 condensats\u00a0:<\/a><\/mark> <mark style=\"background-color:rgba(0, 0, 0, 0)\" class=\"has-inline-color has-black-color\">Dans cette vid\u00e9o, vous verrez comment retirer l&#039;assemblage du ventilateur de l&#039;unit\u00e9 murale haute pour l&#039;entretien et le nettoyage de l&#039;unit\u00e9.<\/mark><\/p>\n\n\n\n<p><a href=\"https:\/\/cectechsupport.com\/fr\/video-rectorseal-97622-safe-t-switch-ss610e-dls-condensate-shutoff-switch\/\">Rectorseal - 97622 Safe-T-Switch SS610E DLS Commutateur d&#039;arr\u00eat de condensat Vid\u00e9o d&#039;installation et d&#039;entretien\u00a0:<\/a><mark style=\"background-color:rgba(0, 0, 0, 0)\" class=\"has-inline-color has-black-color\"> Dans cette vid\u00e9o, vous verrez comment installer l&#039;interrupteur d&#039;arr\u00eat de condensat sur la nouvelle unit\u00e9 murale 40MAHB High, ainsi que la r\u00e9initialisation de l&#039;interrupteur une fois qu&#039;il s&#039;est d\u00e9clench\u00e9.<\/mark><\/p>\n\n\n\n<p><a href=\"https:\/\/cectechsupport.com\/fr\/video-accessing-the-outdoor-unit-point-check-function-for-multi-head-systems\/\"><mark style=\"background-color:rgba(0, 0, 0, 0)\" class=\"has-inline-color has-vivid-red-color\">Acc\u00e8s \u00e0 la fonction de v\u00e9rification du point de l&#039;unit\u00e9 ext\u00e9rieure pour les syst\u00e8mes multi-t\u00eates<\/mark><\/a>: <mark style=\"background-color:rgba(0, 0, 0, 0)\" class=\"has-inline-color has-black-color\">Cette vid\u00e9o vous montrera comment utiliser la fonction Point Check sur les unit\u00e9s ext\u00e9rieures multi-t\u00eates pour faciliter le d\u00e9pannage.<\/mark><\/p>\n\n\n\n<p><a href=\"https:\/\/cectechsupport.com\/wp-content\/uploads\/2022\/03\/Multi-head-Point-Check-Function-worksheet-2.xlsx\"><mark style=\"background-color:rgba(0, 0, 0, 0)\" class=\"has-inline-color has-vivid-red-color\">Fiche de travail de la fonction de contr\u00f4le ponctuel<\/mark><\/a>:<mark style=\"background-color:rgba(0, 0, 0, 0)\" class=\"has-inline-color has-black-color\"> C&#039;est le fichier excel utilis\u00e9 dans la vid\u00e9o.<\/mark><\/p>\n\n\n\n<p><a href=\"https:\/\/cectechsupport.com\/fr\/video-accessing-the-point-check-function-for-a-single-head-system\/\"><mark style=\"background-color:rgba(0, 0, 0, 0)\" class=\"has-inline-color has-vivid-red-color\">Acc\u00e8s \u00e0 la fonction de v\u00e9rification ponctuelle pour les syst\u00e8mes \u00e0 t\u00eate unique<\/mark><\/a><mark style=\"background-color:rgba(0, 0, 0, 0)\" class=\"has-inline-color has-vivid-red-color\">:<\/mark> <mark style=\"background-color:rgba(0, 0, 0, 0)\" class=\"has-inline-color has-black-color\">Cette vid\u00e9o vous montrera comment utiliser la fonction Point Check sur les unit\u00e9s ext\u00e9rieures \u00e0 une t\u00eate pour faciliter le d\u00e9pannage.<\/mark><\/p>\n\n\n\n<p><a rel=\"noreferrer noopener\" href=\"https:\/\/cectechsupport.com\/wp-content\/uploads\/2020\/09\/Hexdecimal.pdf\" target=\"_blank\"><mark style=\"background-color:rgba(0, 0, 0, 0)\" class=\"has-inline-color has-vivid-red-color\">Fichier PDF pour aider \u00e0 d\u00e9coder les nombres hexad\u00e9cimaux<\/mark><\/a>: <mark style=\"background-color:rgba(0, 0, 0, 0)\" class=\"has-inline-color has-black-color\">Une fois que vous avez votre nombre hexad\u00e9cimal \u00e0 l&#039;\u00e9cran. Regardez ce tableau pour convertir ce nombre en un nombre d\u00e9cimal, puis multipliez ce nombre par 10 pour le RPM du moteur du ventilateur. Et pour l&#039;angle EXV multiplier le nombre d\u00e9cimal par 2.<\/mark><\/p>\n\n\n\n<p><a href=\"https:\/\/cectechsupport.com\/fr\/video-adjusting-the-setting-on-the-indoor-unit\/\"><mark style=\"background-color:rgba(0, 0, 0, 0)\" class=\"has-inline-color has-vivid-red-color\">R\u00e9glage des param\u00e8tres sur l&#039;unit\u00e9 int\u00e9rieure<\/mark>:<\/a> <mark style=\"background-color:rgba(0, 0, 0, 0)\" class=\"has-inline-color has-black-color\">Dans cette vid\u00e9o, nous expliquerons comment acc\u00e9der au menu des param\u00e8tres des unit\u00e9s int\u00e9rieures sans conduit et r\u00e9gler la compensation de temp\u00e9rature (\u00e9talonner les capteurs de temp\u00e9rature).<\/mark><\/p>\n\n\n\n<p><a rel=\"noreferrer noopener\" href=\"https:\/\/cectechsupport.com\/wp-content\/uploads\/2020\/07\/Service-remote-0918.pdf\" target=\"_blank\"><mark style=\"background-color:rgba(0, 0, 0, 0)\" class=\"has-inline-color has-vivid-red-color\">Manuel d&#039;entretien de la t\u00e9l\u00e9commande sans fil RG57\u00a0:<\/mark><\/a> <mark style=\"background-color:rgba(0, 0, 0, 0)\" class=\"has-inline-color has-black-color\">Il s&#039;agit du manuel d&#039;entretien des t\u00e9l\u00e9commandes sans fil. Il contient des informations sur la fa\u00e7on de v\u00e9rifier les param\u00e8tres du syst\u00e8me et la fonction de v\u00e9rification de point de l&#039;unit\u00e9 int\u00e9rieure.<\/mark><\/p>\n\n\n\n<p><a href=\"https:\/\/cectechsupport.com\/fr\/video-of-using-the-rg10-remote-to-enter-the-setup-menu\/\">R\u00e9glage des param\u00e8tres de l&#039;unit\u00e9 int\u00e9rieure avec la t\u00e9l\u00e9commande RG10\u00a0:<\/a> <mark style=\"background-color:rgba(0, 0, 0, 0)\" class=\"has-inline-color has-black-color\">Dans cette vid\u00e9o, nous expliquerons comment acc\u00e9der au menu des param\u00e8tres des unit\u00e9s int\u00e9rieures sans conduit. Dans cet exemple, vous pouvez \u00e9teindre le ventilateur int\u00e9rieur en mode chauffage, mais \u00e9galement r\u00e9gler tous les autres param\u00e8tres et r\u00e9gler la compensation de temp\u00e9rature (\u00e9talonner les capteurs de temp\u00e9rature).<\/mark> Suivez les instructions \u00e0 la lettre pour que cela fonctionne comme d\u00e9crit.<\/p>\n\n\n\n<p><a href=\"https:\/\/cectechsupport.com\/wp-content\/uploads\/2022\/03\/SG-RG10-01.pdf\">Manuel d&#039;entretien de la t\u00e9l\u00e9commande sans fil RG10\u00a0:<\/a> <mark style=\"background-color:rgba(0, 0, 0, 0)\" class=\"has-inline-color has-black-color\">Il s&#039;agit du manuel d&#039;entretien des t\u00e9l\u00e9commandes sans fil. Il contient des informations sur la fa\u00e7on de v\u00e9rifier les param\u00e8tres du syst\u00e8me et la fonction de v\u00e9rification de point de l&#039;unit\u00e9 int\u00e9rieure.<\/mark><\/p>\n\n\n\n<p><a rel=\"noreferrer noopener\" href=\"https:\/\/cectechsupport.com\/fr\/video-dr-smart-user-guide\/\" target=\"_blank\">Outil de diagnostic Dr Smart DLS PN#17222000A55927\u00a0:<\/a> <mark style=\"background-color:rgba(0, 0, 0, 0)\" class=\"has-inline-color has-black-color\">Cette vid\u00e9o vous montrera comment utiliser l&#039;outil de diagnostic Dr. Smart DLS et vous donnera un aper\u00e7u des capacit\u00e9s des outils utilis\u00e9s lors du d\u00e9pannage d&#039;un syst\u00e8me DLS.<\/mark> Il peut \u00eatre achet\u00e9 dans n&#039;importe quel centre de service\/part Center de Carrier Enterprise.<\/p>\n\n\n\n<p><a href=\"https:\/\/cectechsupport.com\/fr\/video-e1-communication-fault-code\/\"><mark style=\"background-color:rgba(0, 0, 0, 0)\" class=\"has-inline-color has-vivid-red-color\">Code d&#039;erreur de communication E1<\/mark>:<\/a> <mark style=\"background-color:rgba(0, 0, 0, 0)\" class=\"has-inline-color has-black-color\">La vid\u00e9o couvre les \u00e9tapes n\u00e9cessaires pour d\u00e9panner un code d&#039;erreur de communication et v\u00e9rifier le S-wire.<\/mark><\/p>\n\n\n\n<p><a href=\"https:\/\/cectechsupport.com\/fr\/video-ipm-malfunction-p0-p4-or-p6-code\/\"><mark style=\"background-color:rgba(0, 0, 0, 0)\" class=\"has-inline-color has-vivid-red-color\">Code de dysfonctionnement IPM P0, P4 ou P6<\/mark>:<\/a> <mark style=\"background-color:rgba(0, 0, 0, 0)\" class=\"has-inline-color has-black-color\">En fonction de votre appareil, cette vid\u00e9o vous guidera \u00e0 travers les \u00e9tapes de d\u00e9pannage du syst\u00e8me<\/mark>.<\/p>\n\n\n\n<p><a href=\"https:\/\/cectechsupport.com\/fr\/video-indoor-outdoor-fan-motors-e3-e8-or-f5-code\/\"><mark style=\"background-color:rgba(0, 0, 0, 0)\" class=\"has-inline-color has-vivid-red-color\">Moteurs de ventilateur int\u00e9rieur\/ext\u00e9rieur Code E3, E8, F5<\/mark>:<\/a> <mark style=\"background-color:rgba(0, 0, 0, 0)\" class=\"has-inline-color has-black-color\">En fonction de votre unit\u00e9, ces vid\u00e9os vous guideront \u00e0 travers les \u00e9tapes de d\u00e9pannage des diff\u00e9rents types de moteurs de ventilateurs int\u00e9rieurs et ext\u00e9rieurs sur les syst\u00e8mes sans conduit.<\/mark><\/p>\n\n\n\n<p class=\"has-black-color has-text-color\"><mark style=\"background-color:rgba(0, 0, 0, 0)\" class=\"has-inline-color has-vivid-red-color\"><a href=\"https:\/\/cectechsupport.com\/fr\/video-the-diamond-pump-installation\/\">Installation de la pompe au diamant<\/a>:<\/mark>\u00a0<mark style=\"background-color:rgba(0, 0, 0, 0)\" class=\"has-inline-color has-black-color\">Cette vid\u00e9o d\u00e9taille les \u00e9tapes n\u00e9cessaires pour installer correctement une pompe Blue Diamond dans un appareil de traitement d&#039;air mural sans conduit Carrier.\u00a0<\/mark><\/p>","protected":false},"excerpt":{"rendered":"<p>Carrier Enterprise Carrier &amp; Bryant Ductless Service Manual NOUVEAU 40MAHB Ensemble de ventilateur mural haut\/retrait du bac \u00e0 condensats\u00a0: Dans cette vid\u00e9o, vous verrez comment retirer l&#039;ensemble de ventilateur de l&#039;unit\u00e9 murale haute pour l&#039;entretien et le nettoyage de l&#039;unit\u00e9. Rectorseal \u2013 97622 Safe-T-Switch SS610E DLS Vid\u00e9o d&#039;installation et d&#039;entretien de l&#039;interrupteur d&#039;arr\u00eat de condensat\u00a0: Dans [\u2026]<\/p>","protected":false},"author":1,"featured_media":0,"parent":0,"menu_order":0,"comment_status":"closed","ping_status":"closed","template":"","meta":{"_coblocks_attr":"","_coblocks_dimensions":"","_coblocks_responsive_height":"","_coblocks_accordion_ie_support":"","_uag_custom_page_level_css":"","site-sidebar-layout":"default","site-content-layout":"","ast-site-content-layout":"default","site-content-style":"default","site-sidebar-style":"default","ast-global-header-display":"","ast-banner-title-visibility":"","ast-main-header-display":"","ast-hfb-above-header-display":"","ast-hfb-below-header-display":"","ast-hfb-mobile-header-display":"","site-post-title":"","ast-breadcrumbs-content":"","ast-featured-img":"","footer-sml-layout":"","theme-transparent-header-meta":"","adv-header-id-meta":"","stick-header-meta":"","header-above-stick-meta":"","header-main-stick-meta":"","header-below-stick-meta":"","astra-migrate-meta-layouts":"default","ast-page-background-enabled":"default","ast-page-background-meta":{"desktop":{"background-color":"","background-image":"","background-repeat":"repeat","background-position":"center center","background-size":"auto","background-attachment":"scroll","background-type":"","background-media":"","overlay-type":"","overlay-color":"","overlay-opacity":"","overlay-gradient":""},"tablet":{"background-color":"","background-image":"","background-repeat":"repeat","background-position":"center center","background-size":"auto","background-attachment":"scroll","background-type":"","background-media":"","overlay-type":"","overlay-color":"","overlay-opacity":"","overlay-gradient":""},"mobile":{"background-color":"","background-image":"","background-repeat":"repeat","background-position":"center center","background-size":"auto","background-attachment":"scroll","background-type":"","background-media":"","overlay-type":"","overlay-color":"","overlay-opacity":"","overlay-gradient":""}},"ast-content-background-meta":{"desktop":{"background-color":"var(--ast-global-color-5)","background-image":"","background-repeat":"repeat","background-position":"center center","background-size":"auto","background-attachment":"scroll","background-type":"","background-media":"","overlay-type":"","overlay-color":"","overlay-opacity":"","overlay-gradient":""},"tablet":{"background-color":"var(--ast-global-color-5)","background-image":"","background-repeat":"repeat","background-position":"center center","background-size":"auto","background-attachment":"scroll","background-type":"","background-media":"","overlay-type":"","overlay-color":"","overlay-opacity":"","overlay-gradient":""},"mobile":{"background-color":"var(--ast-global-color-5)","background-image":"","background-repeat":"repeat","background-position":"center center","background-size":"auto","background-attachment":"scroll","background-type":"","background-media":"","overlay-type":"","overlay-color":"","overlay-opacity":"","overlay-gradient":""}},"footnotes":""},"class_list":["post-158","page","type-page","status-publish","hentry"],"uagb_featured_image_src":{"full":false,"thumbnail":false,"medium":false,"medium_large":false,"large":false,"1536x1536":false,"2048x2048":false,"trp-custom-language-flag":false,"woocommerce_thumbnail":false,"woocommerce_single":false,"woocommerce_gallery_thumbnail":false},"uagb_author_info":{"display_name":"Josh Goodman","author_link":"https:\/\/cectechsupport.com\/fr\/author\/joshg\/"},"uagb_comment_info":0,"uagb_excerpt":"Carrier Enterprise Carrier &amp; Bryant Ductless Service Manual NEW 40MAHB High Wall Blower Assembly\/Condensate pan removal: In this video you will see how to remove the blower assembly from the high wall mount unit for servicing and cleaning of the unit. Rectorseal &#8211; 97622 Safe-T-Switch SS610E DLS Condensate Shutoff Switch Installation &amp; Service video: In&hellip;","_links":{"self":[{"href":"https:\/\/cectechsupport.com\/fr\/wp-json\/wp\/v2\/pages\/158","targetHints":{"allow":["GET"]}}],"collection":[{"href":"https:\/\/cectechsupport.com\/fr\/wp-json\/wp\/v2\/pages"}],"about":[{"href":"https:\/\/cectechsupport.com\/fr\/wp-json\/wp\/v2\/types\/page"}],"author":[{"embeddable":true,"href":"https:\/\/cectechsupport.com\/fr\/wp-json\/wp\/v2\/users\/1"}],"replies":[{"embeddable":true,"href":"https:\/\/cectechsupport.com\/fr\/wp-json\/wp\/v2\/comments?post=158"}],"version-history":[{"count":4,"href":"https:\/\/cectechsupport.com\/fr\/wp-json\/wp\/v2\/pages\/158\/revisions"}],"predecessor-version":[{"id":1682,"href":"https:\/\/cectechsupport.com\/fr\/wp-json\/wp\/v2\/pages\/158\/revisions\/1682"}],"wp:attachment":[{"href":"https:\/\/cectechsupport.com\/fr\/wp-json\/wp\/v2\/media?parent=158"}],"curies":[{"name":"wp","href":"https:\/\/api.w.org\/{rel}","templated":true}]}}