{"id":160,"date":"2022-03-21T13:41:24","date_gmt":"2022-03-21T17:41:24","guid":{"rendered":"https:\/\/cectechsupport.com\/?page_id=160"},"modified":"2024-07-07T08:45:41","modified_gmt":"2024-07-07T12:45:41","slug":"gas-furnace-videos","status":"publish","type":"page","link":"https:\/\/cectechsupport.com\/fr\/gas-furnace-videos\/","title":{"rendered":"Vid\u00e9os sur les fournaises \u00e0 gaz"},"content":{"rendered":"<h2 class=\"wp-block-heading\"><strong>Carte de contr\u00f4le NFC du four<\/strong><\/h2>\n\n\n\n<h4 class=\"wp-block-heading has-text-align-center\"><strong>Les tablettes mobiles ne fonctionneront pas, elles ne disposent pas de technologie NFC, uniquement les t\u00e9l\u00e9phones portables.<\/strong><\/h4>\n\n\n\n<section class=\"wp-block-uagb-columns uagb-columns__wrap uagb-columns__background-none uagb-columns__stack-mobile uagb-columns__valign- uagb-columns__gap-10 align uagb-block-a5943284 uagb-columns__columns-2 uagb-columns__max_width-theme\"><div class=\"uagb-columns__overlay\"><\/div><div class=\"uagb-columns__inner-wrap uagb-columns__columns-2\">\n<div class=\"wp-block-uagb-column uagb-column__wrap uagb-column__background-undefined uagb-block-8e650bd8\"><div class=\"uagb-column__overlay\"><\/div>\n<div style=\"height:50px\" aria-hidden=\"true\" class=\"wp-block-spacer\"><\/div>\n\n\n\n<figure class=\"wp-block-embed is-type-video is-provider-vimeo wp-block-embed-vimeo wp-embed-aspect-16-9 wp-has-aspect-ratio\"><div class=\"wp-block-embed__wrapper\">\n<iframe loading=\"lazy\" src=\"https:\/\/player.vimeo.com\/video\/829897949?dnt=1&amp;app_id=122963\" width=\"500\" height=\"281\" frameborder=\"0\" allow=\"autoplay; fullscreen; picture-in-picture; clipboard-write\"><\/iframe>\n<\/div><\/figure>\n\n\n\n<figure class=\"wp-block-embed is-type-video is-provider-vimeo wp-block-embed-vimeo wp-embed-aspect-16-9 wp-has-aspect-ratio\"><div class=\"wp-block-embed__wrapper\">\n<iframe loading=\"lazy\" src=\"https:\/\/player.vimeo.com\/video\/829897912?dnt=1&amp;app_id=122963\" width=\"500\" height=\"281\" frameborder=\"0\" allow=\"autoplay; fullscreen; picture-in-picture; clipboard-write\"><\/iframe>\n<\/div><\/figure>\n<\/div>\n\n\n\n<div class=\"wp-block-uagb-column uagb-column__wrap uagb-column__background-undefined uagb-block-8b5b24d7\"><div class=\"uagb-column__overlay\"><\/div>\n<h2 class=\"wp-block-heading\">Configuration du programme d&#039;installation<\/h2>\n\n\n\n<figure class=\"wp-block-embed aligncenter is-type-video is-provider-vimeo wp-block-embed-vimeo\"><div class=\"wp-block-embed__wrapper\">\n<iframe loading=\"lazy\" src=\"https:\/\/player.vimeo.com\/video\/829898828?dnt=1&amp;app_id=122963\" width=\"500\" height=\"313\" frameborder=\"0\" allow=\"autoplay; fullscreen; picture-in-picture; clipboard-write\"><\/iframe>\n<\/div><\/figure>\n<\/div>\n<\/div><\/section>\n\n\n\n<p><a href=\"https:\/\/cectechsupport.com\/fr\/combustion-air-calculator-form\/\">Calcul de l&#039;air de combustion\u00a0:<\/a> Cet outil vous aidera \u00e0 garantir que vous disposez de suffisamment d\u2019air de combustion pour alimenter les appareils aliment\u00e9s au gaz.<\/p>\n\n\n\n<p><a href=\"https:\/\/cectechsupport.com\/fr\/video-clocking-a-natural-gas-meter\/\"><mark style=\"background-color:rgba(0, 0, 0, 0)\" class=\"has-inline-color has-vivid-red-color\">Comment synchroniser un compteur de gaz naturel<\/mark><\/a><mark style=\"background-color:rgba(0, 0, 0, 0)\" class=\"has-inline-color has-black-color\">: Il s&#039;agit d&#039;une vid\u00e9o sur la fa\u00e7on de calculer l&#039;entr\u00e9e de votre fournaise \u00e0 gaz en utilisant le compteur de gaz naturel du client et une horloge pour calculer la capacit\u00e9 d&#039;entr\u00e9e de la fournaise et pour v\u00e9rifier les r\u00e9glages de pression de gaz du collecteur.<\/mark><\/p>\n\n\n\n<p><a href=\"https:\/\/cectechsupport.com\/fr\/video-how-to-convert-a-gas-furnace-to-lp-check-the-gas-pressure\/\"><mark style=\"background-color:rgba(0, 0, 0, 0)\" class=\"has-inline-color has-vivid-red-color\">Comment convertir une fournaise \u00e0 gaz en GPL et v\u00e9rifier les pressions de gaz<\/mark>:<\/a>\u00a0<mark style=\"background-color:rgba(0, 0, 0, 0)\" class=\"has-inline-color has-black-color\">Comment convertir une fournaise au gaz en LP et v\u00e9rifier et ajuster les pressions de gaz sur les fournaises au gaz r\u00e9sidentielles.<\/mark>\u00a0<\/p>\n\n\n\n<p> <a href=\"https:\/\/cectechsupport.com\/fr\/video-troubleshooting-communication-code-16\/\">Code 16 D\u00e9faut de communication :<\/a> <mark style=\"background-color:rgba(0, 0, 0, 0)\" class=\"has-inline-color has-black-color\">Cette vid\u00e9o vous expliquera comment d\u00e9panner le circuit de communication.<\/mark> <\/p>\n\n\n\n<p><a href=\"https:\/\/cectechsupport.com\/fr\/video-code-35\/\"><mark style=\"background-color:rgba(0, 0, 0, 0)\" class=\"has-inline-color has-vivid-red-color\">Codage 35<\/mark><\/a>&nbsp;<mark style=\"background-color:rgba(0, 0, 0, 0)\" class=\"has-inline-color has-black-color\">(d\u00e9faut vanne gaz)<\/mark><\/p>\n\n\n\n<p><a href=\"https:\/\/cectechsupport.com\/fr\/video-code-41\/\"><mark style=\"background-color:rgba(0, 0, 0, 0)\" class=\"has-inline-color has-vivid-red-color\">Code 41<\/mark><\/a>&nbsp;<mark style=\"background-color:rgba(0, 0, 0, 0)\" class=\"has-inline-color has-black-color\">(d\u00e9faut moteur soufflerie)<\/mark><\/p>\n\n\n\n<p><a href=\"https:\/\/cectechsupport.com\/fr\/26467-2\/\"><mark style=\"background-color:rgba(0, 0, 0, 0)\" class=\"has-inline-color has-vivid-red-color\">Code 42<\/mark><\/a>&nbsp;<mark style=\"background-color:rgba(0, 0, 0, 0)\" class=\"has-inline-color has-black-color\">(d\u00e9faut moteur inducteur)&nbsp;<\/mark><\/p>\n\n\n\n<p><mark style=\"background-color:rgba(0, 0, 0, 0)\" class=\"has-inline-color has-black-color\">Formulaire d&#039;inspection d&#039;\u00e9changeur de chaleur de fournaise \u00e0 gaz DSB09-0022<\/mark> <a href=\"https:\/\/cectechsupport.com\/wp-content\/uploads\/2020\/09\/DSB09-0022.pdf\"><mark style=\"background-color:rgba(0, 0, 0, 0)\" class=\"has-inline-color has-vivid-red-color\">ICI<\/mark><\/a><\/p>\n\n\n\n<p>PDF comment configurer un ventilateur continu avec un kit d&#039;interface (c\u00e2blage) <a href=\"https:\/\/cectechsupport.com\/fr\/wiring-for-continuous-fan-mode-with-an-interface-kit\/\" target=\"_blank\" rel=\"noreferrer noopener\">ICI<\/a><\/p>","protected":false},"excerpt":{"rendered":"<p>Tableau de commande NFC du four Les tablettes mobiles ne fonctionneront pas, elles ne disposent pas de la technologie NFC, uniquement des t\u00e9l\u00e9phones portables. Configuration de l&#039;installateur Calcul de l&#039;air de combustion\u00a0: Cet outil vous aidera \u00e0 vous assurer que vous disposez de suffisamment d&#039;air de combustion pour alimenter les appareils aliment\u00e9s au gaz. Comment chronom\u00e9trer un compteur de gaz naturel\u00a0: Ceci est une vid\u00e9o sur la fa\u00e7on de calculer votre [\u2026]<\/p>","protected":false},"author":1,"featured_media":0,"parent":0,"menu_order":0,"comment_status":"closed","ping_status":"closed","template":"","meta":{"_coblocks_attr":"","_coblocks_dimensions":"","_coblocks_responsive_height":"","_coblocks_accordion_ie_support":"","_uag_custom_page_level_css":"","site-sidebar-layout":"default","site-content-layout":"","ast-site-content-layout":"default","site-content-style":"default","site-sidebar-style":"default","ast-global-header-display":"","ast-banner-title-visibility":"","ast-main-header-display":"","ast-hfb-above-header-display":"","ast-hfb-below-header-display":"","ast-hfb-mobile-header-display":"","site-post-title":"","ast-breadcrumbs-content":"","ast-featured-img":"","footer-sml-layout":"","theme-transparent-header-meta":"","adv-header-id-meta":"","stick-header-meta":"","header-above-stick-meta":"","header-main-stick-meta":"","header-below-stick-meta":"","astra-migrate-meta-layouts":"set","ast-page-background-enabled":"default","ast-page-background-meta":{"desktop":{"background-color":"","background-image":"","background-repeat":"repeat","background-position":"center center","background-size":"auto","background-attachment":"scroll","background-type":"","background-media":"","overlay-type":"","overlay-color":"","overlay-opacity":"","overlay-gradient":""},"tablet":{"background-color":"","background-image":"","background-repeat":"repeat","background-position":"center center","background-size":"auto","background-attachment":"scroll","background-type":"","background-media":"","overlay-type":"","overlay-color":"","overlay-opacity":"","overlay-gradient":""},"mobile":{"background-color":"","background-image":"","background-repeat":"repeat","background-position":"center center","background-size":"auto","background-attachment":"scroll","background-type":"","background-media":"","overlay-type":"","overlay-color":"","overlay-opacity":"","overlay-gradient":""}},"ast-content-background-meta":{"desktop":{"background-color":"var(--ast-global-color-5)","background-image":"","background-repeat":"repeat","background-position":"center center","background-size":"auto","background-attachment":"scroll","background-type":"","background-media":"","overlay-type":"","overlay-color":"","overlay-opacity":"","overlay-gradient":""},"tablet":{"background-color":"var(--ast-global-color-5)","background-image":"","background-repeat":"repeat","background-position":"center center","background-size":"auto","background-attachment":"scroll","background-type":"","background-media":"","overlay-type":"","overlay-color":"","overlay-opacity":"","overlay-gradient":""},"mobile":{"background-color":"var(--ast-global-color-5)","background-image":"","background-repeat":"repeat","background-position":"center center","background-size":"auto","background-attachment":"scroll","background-type":"","background-media":"","overlay-type":"","overlay-color":"","overlay-opacity":"","overlay-gradient":""}},"footnotes":""},"class_list":["post-160","page","type-page","status-publish","hentry"],"uagb_featured_image_src":{"full":false,"thumbnail":false,"medium":false,"medium_large":false,"large":false,"1536x1536":false,"2048x2048":false,"trp-custom-language-flag":false,"woocommerce_thumbnail":false,"woocommerce_single":false,"woocommerce_gallery_thumbnail":false},"uagb_author_info":{"display_name":"Josh Goodman","author_link":"https:\/\/cectechsupport.com\/fr\/author\/joshg\/"},"uagb_comment_info":0,"uagb_excerpt":"Furnace NFC control board Mobile tablets will not work, they do not have NFC technology, only mobile phones. Installer Setup Combustion Air Calculation: This tool will help make sure you have enough combustion air to support gas fired appliances. How to Clock a Natural Gas Meter: This is a video on how to calculate your&hellip;","_links":{"self":[{"href":"https:\/\/cectechsupport.com\/fr\/wp-json\/wp\/v2\/pages\/160","targetHints":{"allow":["GET"]}}],"collection":[{"href":"https:\/\/cectechsupport.com\/fr\/wp-json\/wp\/v2\/pages"}],"about":[{"href":"https:\/\/cectechsupport.com\/fr\/wp-json\/wp\/v2\/types\/page"}],"author":[{"embeddable":true,"href":"https:\/\/cectechsupport.com\/fr\/wp-json\/wp\/v2\/users\/1"}],"replies":[{"embeddable":true,"href":"https:\/\/cectechsupport.com\/fr\/wp-json\/wp\/v2\/comments?post=160"}],"version-history":[{"count":5,"href":"https:\/\/cectechsupport.com\/fr\/wp-json\/wp\/v2\/pages\/160\/revisions"}],"predecessor-version":[{"id":45108,"href":"https:\/\/cectechsupport.com\/fr\/wp-json\/wp\/v2\/pages\/160\/revisions\/45108"}],"wp:attachment":[{"href":"https:\/\/cectechsupport.com\/fr\/wp-json\/wp\/v2\/media?parent=160"}],"curies":[{"name":"wp","href":"https:\/\/api.w.org\/{rel}","templated":true}]}}