{"id":164,"date":"2022-03-21T13:45:25","date_gmt":"2022-03-21T17:45:25","guid":{"rendered":"https:\/\/cectechsupport.com\/?page_id=164"},"modified":"2024-07-07T08:45:41","modified_gmt":"2024-07-07T12:45:41","slug":"installation-videos","status":"publish","type":"page","link":"https:\/\/cectechsupport.com\/fr\/installation-videos\/","title":{"rendered":"Vid\u00e9os d&#039;installation"},"content":{"rendered":"<p><strong><mark style=\"background-color:rgba(0, 0, 0, 0)\" class=\"has-inline-color has-black-color\">Vid\u00e9os d&#039;installation sans conduit<\/mark><\/strong><\/p>\n\n\n\n<p> <a href=\"https:\/\/cectechsupport.com\/fr\/video-rectorseal-97622-safe-t-switch-ss610e-dls-condensate-shutoff-switch\/\">Rectorseal - 97622 Safe-T-Switch SS610E DLS Commutateur d&#039;arr\u00eat de condensat Vid\u00e9o d&#039;installation et d&#039;entretien\u00a0:<\/a><mark style=\"background-color:rgba(0, 0, 0, 0)\" class=\"has-inline-color has-black-color\"> Dans cette vid\u00e9o, vous verrez comment installer l&#039;interrupteur d&#039;arr\u00eat de condensat sur la nouvelle unit\u00e9 murale 40MAHB High, ainsi que la r\u00e9initialisation de l&#039;interrupteur une fois qu&#039;il s&#039;est d\u00e9clench\u00e9.<\/mark> <\/p>\n\n\n\n<p><strong><mark style=\"background-color:rgba(0, 0, 0, 0)\" class=\"has-inline-color has-black-color\">Vid\u00e9os d&#039;installation de ventilo-convecteurs<\/mark><\/strong><\/p>\n\n\n\n<p><a href=\"https:\/\/cectechsupport.com\/fr\/video-fan-coil-horizontal-right-installation\/\">Installation droite horizontale du ventilo-convecteur\u00a0:<\/a> <mark style=\"background-color:rgba(0, 0, 0, 0)\" class=\"has-inline-color has-black-color\">Dans cette vid\u00e9o, nous vous montrerons comment convertir la bobine de la configuration pr\u00eate \u00e0 l&#039;emploi \u00e0 la configuration horizontale, en vous montrant toutes les \u00e9tapes pour convertir la bobine.<\/mark><\/p>\n\n\n\n<p><a href=\"https:\/\/cectechsupport.com\/fr\/video-fan-coil-downflow-installation\/\">Installation du flux descendant du ventilo-convecteur\u00a0:<\/a> <mark style=\"background-color:rgba(0, 0, 0, 0)\" class=\"has-inline-color has-black-color\">Dans cette vid\u00e9o, nous allons vous montrer comment convertir la bobine de la configuration pr\u00eate \u00e0 l&#039;emploi \u00e0 la configuration \u00e0 flux descendant, en utilisant le KIT# KFADC0401 en vous montrant toutes les \u00e9tapes pour convertir la bobine et l&#039;armoire du ventilo-convecteur \u00e0 la configuration \u00e0 flux descendant.<\/mark><\/p>\n\n\n\n<p><strong><mark style=\"background-color:rgba(0, 0, 0, 0)\" class=\"has-inline-color has-black-color\">Toutes les vid\u00e9os Fournaise au gaz 90%+<\/mark><\/strong><\/p>\n\n\n\n<p><a href=\"https:\/\/cectechsupport.com\/fr\/video-90-furnace-upflow-with-left-drain-option\/\">Toutes les installations de fournaise \u00e0 flux ascendant 90%+ avec l&#039;option d&#039;installation d&#039;\u00e9vacuation \u00e0 gauche\u00a0:<\/a><mark style=\"background-color:rgba(0, 0, 0, 0)\" class=\"has-inline-color has-black-color\"> Dans cette vid\u00e9o, nous vous montrerons comment installer les \u00e9l\u00e9ments n\u00e9cessaires pour l&#039;option de connexion de vidange \u00e0 gauche de l&#039;installation \u00e0 flux ascendant.<\/mark><\/p>\n\n\n\n<p><a href=\"https:\/\/cectechsupport.com\/fr\/video-90-furnace-horizontal-right-drain-installation\/\">Toutes les installations horizontales \u00e0 droite de la fournaise 90%+\u00a0:<\/a> <mark style=\"background-color:rgba(0, 0, 0, 0)\" class=\"has-inline-color has-black-color\">Dans cette vid\u00e9o, nous vous montrerons comment installer les \u00e9l\u00e9ments n\u00e9cessaires \u00e0 l&#039;installation horizontale droite.<\/mark><\/p>\n\n\n\n<p><a href=\"https:\/\/cectechsupport.com\/fr\/video-90-furnace-horizontal-left-drain-installation\/\">Toutes les installations horizontales \u00e0 gauche de la fournaise 90%+\u00a0:<\/a> <mark style=\"background-color:rgba(0, 0, 0, 0)\" class=\"has-inline-color has-black-color\">Dans cette vid\u00e9o, nous vous montrerons comment installer les \u00e9l\u00e9ments n\u00e9cessaires \u00e0 l&#039;installation horizontale gauche.<\/mark><\/p>\n\n\n\n<p><a href=\"https:\/\/cectechsupport.com\/fr\/video-90-furnace-downflow-with-right-and-left-drain-options\/\">Toutes les installations de fournaise \u00e0 circulation descendante 90%+\u00a0:<\/a> <mark style=\"background-color:rgba(0, 0, 0, 0)\" class=\"has-inline-color has-black-color\">Dans cette vid\u00e9o, nous vous montrerons comment installer et convertir la fournaise en position d&#039;installation \u00e0 flux descendant et convertir le drain avec l&#039;option de connexion \u00e0 gauche ou \u00e0 droite.<\/mark><\/p>\n\n\n\n<p><strong><mark style=\"background-color:rgba(0, 0, 0, 0)\" class=\"has-inline-color has-black-color\">Toutes les vid\u00e9os de configuration\/d\u00e9marrage de la fournaise \u00e0 gaz 90%+<\/mark><\/strong><\/p>\n\n\n\n<p><a href=\"https:\/\/cectechsupport.com\/fr\/video-how-to-convert-a-gas-furnace-to-lp-gas-pressure-check\/\"><mark style=\"background-color:rgba(0, 0, 0, 0)\" class=\"has-inline-color has-vivid-red-color\">Comment convertir une fournaise \u00e0 gaz en GPL et v\u00e9rifier les pressions de gaz<\/mark>:<\/a>\u00a0<mark style=\"background-color:rgba(0, 0, 0, 0)\" class=\"has-inline-color has-black-color\">Comment convertir une fournaise au gaz en LP et v\u00e9rifier et ajuster les pressions de gaz sur les fournaises au gaz r\u00e9sidentielles.<\/mark>\u00a0<\/p>\n\n\n\n<p><a href=\"https:\/\/cectechsupport.com\/fr\/video-clocking-a-natural-gas-meter\/\"><mark style=\"background-color:rgba(0, 0, 0, 0)\" class=\"has-inline-color has-vivid-red-color\">Comment synchroniser un compteur de gaz naturel<\/mark><\/a><mark style=\"background-color:rgba(0, 0, 0, 0)\" class=\"has-inline-color has-black-color\">: Il s&#039;agit d&#039;une vid\u00e9o sur la fa\u00e7on de calculer l&#039;entr\u00e9e de votre fournaise \u00e0 gaz en utilisant le compteur de gaz naturel du client et une horloge pour calculer la capacit\u00e9 d&#039;entr\u00e9e de la fournaise et pour v\u00e9rifier les r\u00e9glages de pression de gaz du collecteur.<\/mark><\/p>\n\n\n\n<p> <a href=\"https:\/\/cectechsupport.com\/fr\/video-troubleshooting-communication-code-16\/\">Code 16 D\u00e9faut de communication :<\/a> <span class=\"has-inline-color has-black-color\">Cette vid\u00e9o vous expliquera comment d\u00e9panner le circuit de communication.<\/span> <\/p>","protected":false},"excerpt":{"rendered":"<p>Vid\u00e9os d&#039;installation sans conduit Rectorseal - 97622 Safe-T-Switch SS610E DLS Vid\u00e9o d&#039;installation et d&#039;entretien de l&#039;interrupteur d&#039;arr\u00eat de condensat\u00a0: Dans cette vid\u00e9o, vous verrez comment installer l&#039;interrupteur d&#039;arr\u00eat de condensat sur la nouvelle unit\u00e9 murale 40MAHB High, ainsi que r\u00e9initialiser l&#039;interrupteur une fois qu&#039;il est allum\u00e9. a tr\u00e9buch\u00e9. Vid\u00e9os d&#039;installation du ventilo-convecteur Installation horizontale \u00e0 droite du ventilo-convecteur\u00a0: [\u2026]<\/p>","protected":false},"author":1,"featured_media":0,"parent":0,"menu_order":0,"comment_status":"closed","ping_status":"closed","template":"","meta":{"_coblocks_attr":"","_coblocks_dimensions":"","_coblocks_responsive_height":"","_coblocks_accordion_ie_support":"","_uag_custom_page_level_css":"","site-sidebar-layout":"default","site-content-layout":"","ast-site-content-layout":"default","site-content-style":"default","site-sidebar-style":"default","ast-global-header-display":"","ast-banner-title-visibility":"","ast-main-header-display":"","ast-hfb-above-header-display":"","ast-hfb-below-header-display":"","ast-hfb-mobile-header-display":"","site-post-title":"","ast-breadcrumbs-content":"","ast-featured-img":"","footer-sml-layout":"","theme-transparent-header-meta":"","adv-header-id-meta":"","stick-header-meta":"","header-above-stick-meta":"","header-main-stick-meta":"","header-below-stick-meta":"","astra-migrate-meta-layouts":"default","ast-page-background-enabled":"default","ast-page-background-meta":{"desktop":{"background-color":"","background-image":"","background-repeat":"repeat","background-position":"center center","background-size":"auto","background-attachment":"scroll","background-type":"","background-media":"","overlay-type":"","overlay-color":"","overlay-opacity":"","overlay-gradient":""},"tablet":{"background-color":"","background-image":"","background-repeat":"repeat","background-position":"center center","background-size":"auto","background-attachment":"scroll","background-type":"","background-media":"","overlay-type":"","overlay-color":"","overlay-opacity":"","overlay-gradient":""},"mobile":{"background-color":"","background-image":"","background-repeat":"repeat","background-position":"center center","background-size":"auto","background-attachment":"scroll","background-type":"","background-media":"","overlay-type":"","overlay-color":"","overlay-opacity":"","overlay-gradient":""}},"ast-content-background-meta":{"desktop":{"background-color":"var(--ast-global-color-5)","background-image":"","background-repeat":"repeat","background-position":"center center","background-size":"auto","background-attachment":"scroll","background-type":"","background-media":"","overlay-type":"","overlay-color":"","overlay-opacity":"","overlay-gradient":""},"tablet":{"background-color":"var(--ast-global-color-5)","background-image":"","background-repeat":"repeat","background-position":"center center","background-size":"auto","background-attachment":"scroll","background-type":"","background-media":"","overlay-type":"","overlay-color":"","overlay-opacity":"","overlay-gradient":""},"mobile":{"background-color":"var(--ast-global-color-5)","background-image":"","background-repeat":"repeat","background-position":"center center","background-size":"auto","background-attachment":"scroll","background-type":"","background-media":"","overlay-type":"","overlay-color":"","overlay-opacity":"","overlay-gradient":""}},"footnotes":""},"class_list":["post-164","page","type-page","status-publish","hentry"],"uagb_featured_image_src":{"full":false,"thumbnail":false,"medium":false,"medium_large":false,"large":false,"1536x1536":false,"2048x2048":false,"trp-custom-language-flag":false,"woocommerce_thumbnail":false,"woocommerce_single":false,"woocommerce_gallery_thumbnail":false},"uagb_author_info":{"display_name":"Josh Goodman","author_link":"https:\/\/cectechsupport.com\/fr\/author\/joshg\/"},"uagb_comment_info":0,"uagb_excerpt":"Ductless Installation videos Rectorseal &#8211; 97622 Safe-T-Switch SS610E DLS Condensate Shutoff Switch Installation &amp; Service video: In this video you will see how to install the condensate shutoff switch on the new 40MAHB High wall mount unit, along with resetting the switch once it has tripped. Fan Coil Installation videos Fan Coil Horizontal Right Installation:&hellip;","_links":{"self":[{"href":"https:\/\/cectechsupport.com\/fr\/wp-json\/wp\/v2\/pages\/164","targetHints":{"allow":["GET"]}}],"collection":[{"href":"https:\/\/cectechsupport.com\/fr\/wp-json\/wp\/v2\/pages"}],"about":[{"href":"https:\/\/cectechsupport.com\/fr\/wp-json\/wp\/v2\/types\/page"}],"author":[{"embeddable":true,"href":"https:\/\/cectechsupport.com\/fr\/wp-json\/wp\/v2\/users\/1"}],"replies":[{"embeddable":true,"href":"https:\/\/cectechsupport.com\/fr\/wp-json\/wp\/v2\/comments?post=164"}],"version-history":[{"count":1,"href":"https:\/\/cectechsupport.com\/fr\/wp-json\/wp\/v2\/pages\/164\/revisions"}],"predecessor-version":[{"id":165,"href":"https:\/\/cectechsupport.com\/fr\/wp-json\/wp\/v2\/pages\/164\/revisions\/165"}],"wp:attachment":[{"href":"https:\/\/cectechsupport.com\/fr\/wp-json\/wp\/v2\/media?parent=164"}],"curies":[{"name":"wp","href":"https:\/\/api.w.org\/{rel}","templated":true}]}}