{"id":166,"date":"2022-03-21T13:48:09","date_gmt":"2022-03-21T17:48:09","guid":{"rendered":"https:\/\/cectechsupport.com\/?page_id=166"},"modified":"2024-07-30T18:14:08","modified_gmt":"2024-07-30T22:14:08","slug":"user-interface-videos","status":"publish","type":"page","link":"https:\/\/cectechsupport.com\/fr\/user-interface-videos\/","title":{"rendered":"Vid\u00e9os sur l&#039;interface utilisateur"},"content":{"rendered":"<p><strong><mark style=\"background-color:rgba(0, 0, 0, 0)\" class=\"has-inline-color has-black-color\">Vid\u00e9os Infinity\/Evolution tactile\/Connex<\/mark><\/strong><\/p>\n\n\n\n<p><a href=\"https:\/\/cectechsupport.com\/fr\/video-touchscreen-start-up\/\"><mark style=\"background-color:rgba(0, 0, 0, 0)\" class=\"has-inline-color has-vivid-red-color\">D\u00e9marrage de l&#039;\u00e9cran tactile<\/mark>:<\/a>&nbsp;<mark style=\"background-color:rgba(0, 0, 0, 0)\" class=\"has-inline-color has-black-color\">Premi\u00e8re s\u00e9quence de mise en service.&nbsp;<\/mark><\/p>\n\n\n\n<p><a href=\"https:\/\/cectechsupport.com\/fr\/video-touchscreen-service-navigation\/\"><mark style=\"background-color:rgba(0, 0, 0, 0)\" class=\"has-inline-color has-vivid-red-color\">Navigation de service \u00e0 \u00e9cran tactile<\/mark>:<\/a>&nbsp;<mark style=\"background-color:rgba(0, 0, 0, 0)\" class=\"has-inline-color has-black-color\">Tour des \u00e9crans Installation\/Service<\/mark>.<\/p>\n\n\n\n<p><a href=\"https:\/\/cectechsupport.com\/fr\/video-touchscreen-inverter-charging-screen\/\"><mark style=\"background-color:rgba(0, 0, 0, 0)\" class=\"has-inline-color has-vivid-red-color\">\u00c9cran de chargement de l&#039;onduleur \u00e0 \u00e9cran tactile<\/mark>:<\/a>&nbsp;<mark style=\"background-color:rgba(0, 0, 0, 0)\" class=\"has-inline-color has-black-color\">&nbsp;Comment acc\u00e9der \u00e0 l&#039;\u00e9cran de chargement de l&#039;onduleur.<\/mark><\/p>\n\n\n\n<h4 class=\"wp-block-heading\" id=\"updating-the-user-interface-use-the-links-below-to-get-the-software\"><strong><mark style=\"background-color:rgba(0, 0, 0, 0)\" class=\"has-inline-color has-black-color\">Mise \u00e0 jour de l&#039;interface utilisateur, utilisez les liens ci-dessous pour obtenir le logiciel\u00a0:<\/mark><\/strong><\/h4>\n\n\n\n<p><a href=\"https:\/\/cectechsupport.com\/wp-content\/uploads\/2022\/06\/PTC2022-0006.pdf\" target=\"_blank\" rel=\"noreferrer noopener\"><mark style=\"background-color:rgba(0, 0, 0, 0)\" class=\"has-inline-color has-vivid-red-color\">Interface utilisateur version 4.<\/mark>18 <\/a><mark style=\"background-color:rgba(0, 0, 0, 0)\" class=\"has-inline-color has-black-color\">Version la plus r\u00e9cente publi\u00e9e le 17\/06\/2022<\/mark><\/p>\n\n\n\n<p><a href=\"https:\/\/cectechsupport.com\/fr\/video-downloading-the-touchscreen-user-interface-software-to-a-microsd-card\/\"><mark style=\"background-color:rgba(0, 0, 0, 0)\" class=\"has-inline-color has-vivid-red-color\">T\u00e9l\u00e9chargement du logiciel de l&#039;interface utilisateur de l&#039;\u00e9cran tactile sur une carte Micro SD<\/mark>:<\/a>&nbsp;<mark style=\"background-color:rgba(0, 0, 0, 0)\" class=\"has-inline-color has-black-color\">Comment t\u00e9l\u00e9charger et mettre le logiciel sur une carte Micro SD pour mettre \u00e0 niveau une interface utilisateur avec les liens ci-dessus.<\/mark>&nbsp;<\/p>\n\n\n\n<p><a href=\"https:\/\/cectechsupport.com\/fr\/video-downloading-the-ui-software-to-the-microsd-card-from-myinfinitytouch-carrier-com\/\"><mark style=\"background-color:rgba(0, 0, 0, 0)\" class=\"has-inline-color has-vivid-red-color\">T\u00e9l\u00e9chargement du logiciel de l&#039;interface utilisateur de l&#039;\u00e9cran tactile sur une carte Micro SD<\/mark>:<\/a>&nbsp;<mark style=\"background-color:rgba(0, 0, 0, 0)\" class=\"has-inline-color has-black-color\">Comment t\u00e9l\u00e9charger et mettre le logiciel sur une carte Micro SD pour mettre \u00e0 niveau une interface utilisateur depuis myinfinitytouch.com.<\/mark>&nbsp;<\/p>\n\n\n\n<p><mark style=\"background-color:rgba(0, 0, 0, 0)\" class=\"has-inline-color has-black-color\"><strong>Logiciel d&#039;unit\u00e9 ext\u00e9rieure de nouvelle g\u00e9n\u00e9ration\u00a0: <\/strong>ce logiciel peut \u00e9galement \u00eatre ajout\u00e9 \u00e0 votre carte Micro SD pour mettre \u00e0 niveau le logiciel de l&#039;unit\u00e9 ext\u00e9rieure.<\/mark><\/p>\n\n\n\n<p><a href=\"https:\/\/cectechsupport.com\/wp-content\/uploads\/2022\/06\/PTC2022-0010.pdf\" target=\"_blank\" rel=\"noreferrer noopener\">PCM version v11.0<\/a> <mark style=\"background-color:rgba(0, 0, 0, 0)\" class=\"has-inline-color has-black-color\">Version la plus r\u00e9cente publi\u00e9e le 13\/06\/2022<\/mark><\/p>\n\n\n\n<p><a href=\"https:\/\/cectechsupport.com\/fr\/video-touchscreen-software-upload\/\"><mark style=\"background-color:rgba(0, 0, 0, 0)\" class=\"has-inline-color has-vivid-red-color\">T\u00e9l\u00e9chargement du logiciel de l&#039;\u00e9cran tactile<\/mark>:<\/a>&nbsp;&nbsp;<mark style=\"background-color:rgba(0, 0, 0, 0)\" class=\"has-inline-color has-black-color\">Comment t\u00e9l\u00e9charger des mises \u00e0 jour logicielles sur la commande \u00e0 \u00e9cran tactile.&nbsp;<\/mark><\/p>\n\n\n\n<p> <a href=\"https:\/\/cectechsupport.com\/fr\/video-troubleshooting-communication-code-16\/\">Code 16 D\u00e9faut de communication :<\/a> <mark style=\"background-color:rgba(0, 0, 0, 0)\" class=\"has-inline-color has-black-color\">Cette vid\u00e9o vous expliquera comment d\u00e9panner le circuit de communication.<\/mark> <\/p>\n\n\n\n<p><\/p>","protected":false},"excerpt":{"rendered":"<p>Vid\u00e9os Infinity\/Touchscreen Evolution\/Connex D\u00e9marrage de l&#039;\u00e9cran tactile : 1\u00e8re s\u00e9quence de mise en service. Navigation dans les services sur \u00e9cran tactile\u00a0: visite guid\u00e9e des \u00e9crans d&#039;installation\/service. \u00c9cran de chargement de l&#039;onduleur \u00e0 \u00e9cran tactile\u00a0: Comment acc\u00e9der \u00e0 l&#039;\u00e9cran de chargement de l&#039;onduleur. Mise \u00e0 jour de l&#039;interface utilisateur, utilisez les liens ci-dessous pour obtenir le logiciel\u00a0: Version de l&#039;interface utilisateur 4.18 Version la plus r\u00e9cente publi\u00e9e le 17\/06\/2022 T\u00e9l\u00e9chargement du logiciel d&#039;interface utilisateur \u00e0 \u00e9cran tactile sur une carte Micro SD\u00a0: Comment [\u2026]<\/p>","protected":false},"author":1,"featured_media":0,"parent":0,"menu_order":0,"comment_status":"closed","ping_status":"closed","template":"","meta":{"_coblocks_attr":"","_coblocks_dimensions":"","_coblocks_responsive_height":"","_coblocks_accordion_ie_support":"","_uag_custom_page_level_css":"","site-sidebar-layout":"default","site-content-layout":"","ast-site-content-layout":"default","site-content-style":"default","site-sidebar-style":"default","ast-global-header-display":"","ast-banner-title-visibility":"","ast-main-header-display":"","ast-hfb-above-header-display":"","ast-hfb-below-header-display":"","ast-hfb-mobile-header-display":"","site-post-title":"","ast-breadcrumbs-content":"","ast-featured-img":"","footer-sml-layout":"","theme-transparent-header-meta":"","adv-header-id-meta":"","stick-header-meta":"","header-above-stick-meta":"","header-main-stick-meta":"","header-below-stick-meta":"","astra-migrate-meta-layouts":"set","ast-page-background-enabled":"default","ast-page-background-meta":{"desktop":{"background-color":"","background-image":"","background-repeat":"repeat","background-position":"center center","background-size":"auto","background-attachment":"scroll","background-type":"","background-media":"","overlay-type":"","overlay-color":"","overlay-opacity":"","overlay-gradient":""},"tablet":{"background-color":"","background-image":"","background-repeat":"repeat","background-position":"center center","background-size":"auto","background-attachment":"scroll","background-type":"","background-media":"","overlay-type":"","overlay-color":"","overlay-opacity":"","overlay-gradient":""},"mobile":{"background-color":"","background-image":"","background-repeat":"repeat","background-position":"center center","background-size":"auto","background-attachment":"scroll","background-type":"","background-media":"","overlay-type":"","overlay-color":"","overlay-opacity":"","overlay-gradient":""}},"ast-content-background-meta":{"desktop":{"background-color":"var(--ast-global-color-5)","background-image":"","background-repeat":"repeat","background-position":"center center","background-size":"auto","background-attachment":"scroll","background-type":"","background-media":"","overlay-type":"","overlay-color":"","overlay-opacity":"","overlay-gradient":""},"tablet":{"background-color":"var(--ast-global-color-5)","background-image":"","background-repeat":"repeat","background-position":"center center","background-size":"auto","background-attachment":"scroll","background-type":"","background-media":"","overlay-type":"","overlay-color":"","overlay-opacity":"","overlay-gradient":""},"mobile":{"background-color":"var(--ast-global-color-5)","background-image":"","background-repeat":"repeat","background-position":"center center","background-size":"auto","background-attachment":"scroll","background-type":"","background-media":"","overlay-type":"","overlay-color":"","overlay-opacity":"","overlay-gradient":""}},"footnotes":""},"class_list":["post-166","page","type-page","status-publish","hentry"],"uagb_featured_image_src":{"full":false,"thumbnail":false,"medium":false,"medium_large":false,"large":false,"1536x1536":false,"2048x2048":false,"trp-custom-language-flag":false,"woocommerce_thumbnail":false,"woocommerce_single":false,"woocommerce_gallery_thumbnail":false},"uagb_author_info":{"display_name":"Josh Goodman","author_link":"https:\/\/cectechsupport.com\/fr\/author\/joshg\/"},"uagb_comment_info":0,"uagb_excerpt":"Infinity\/Touchscreen Evolution\/Connex Videos Touchscreen&nbsp;Start Up:&nbsp;1st time commissioning sequence.&nbsp; Touchscreen&nbsp;Service Navigation:&nbsp;Tour of the&nbsp;Install\/Service screens. Touchscreen Inverter Charging Screen:&nbsp;&nbsp;How to access the Inverter charging screen. Updating the User Interface use the links below to get the software: User Interface version 4.18 Most current version released 6-17-2022 Downloading the Touchscreen User Interface software to a Micro SD card:&nbsp;How&hellip;","_links":{"self":[{"href":"https:\/\/cectechsupport.com\/fr\/wp-json\/wp\/v2\/pages\/166","targetHints":{"allow":["GET"]}}],"collection":[{"href":"https:\/\/cectechsupport.com\/fr\/wp-json\/wp\/v2\/pages"}],"about":[{"href":"https:\/\/cectechsupport.com\/fr\/wp-json\/wp\/v2\/types\/page"}],"author":[{"embeddable":true,"href":"https:\/\/cectechsupport.com\/fr\/wp-json\/wp\/v2\/users\/1"}],"replies":[{"embeddable":true,"href":"https:\/\/cectechsupport.com\/fr\/wp-json\/wp\/v2\/comments?post=166"}],"version-history":[{"count":6,"href":"https:\/\/cectechsupport.com\/fr\/wp-json\/wp\/v2\/pages\/166\/revisions"}],"predecessor-version":[{"id":45847,"href":"https:\/\/cectechsupport.com\/fr\/wp-json\/wp\/v2\/pages\/166\/revisions\/45847"}],"wp:attachment":[{"href":"https:\/\/cectechsupport.com\/fr\/wp-json\/wp\/v2\/media?parent=166"}],"curies":[{"name":"wp","href":"https:\/\/api.w.org\/{rel}","templated":true}]}}