{"id":170,"date":"2022-03-21T13:54:18","date_gmt":"2022-03-21T17:54:18","guid":{"rendered":"https:\/\/cectechsupport.com\/?page_id=170"},"modified":"2024-07-07T08:45:41","modified_gmt":"2024-07-07T12:45:41","slug":"variable-speed-systems","status":"publish","type":"page","link":"https:\/\/cectechsupport.com\/fr\/variable-speed-systems\/","title":{"rendered":"Syst\u00e8mes \u00e0 vitesse variable"},"content":{"rendered":"<p><mark style=\"background-color:rgba(0, 0, 0, 0)\" class=\"has-inline-color has-vivid-red-color\"><a href=\"https:\/\/cectechsupport.com\/fr\/video-fault-code-retrieval\/\">R\u00e9cup\u00e9ration du code d&#039;erreur<\/a>: <\/mark><mark style=\"background-color:rgba(0, 0, 0, 0)\" class=\"has-inline-color has-black-color\">Cette vid\u00e9o vous montrera comment extraire les codes d&#039;erreur de l&#039;interface utilisateur pour vous aider \u00e0 d\u00e9panner le syst\u00e8me.<\/mark><\/p>\n\n\n\n<p><a href=\"https:\/\/cectechsupport.com\/fr\/video-force-fault-code-recall\/\">R\u00e9cup\u00e9ration forc\u00e9e du code d&#039;erreur\u00a0:<\/a> <mark style=\"background-color:rgba(0, 0, 0, 0)\" class=\"has-inline-color has-black-color\">Cette vid\u00e9o vous montrera comment placer l&#039;unit\u00e9 ext\u00e9rieure dans un rappel de code de force dans le cas o\u00f9 votre unit\u00e9 ne signale pas de codes d&#039;erreur mais ne fonctionne pas quand on vous le demande.<\/mark><\/p>\n\n\n\n<p><a href=\"https:\/\/cectechsupport.com\/fr\/video-charging-with-the-user-interface\/\">Chargement avec l&#039;interface utilisateur\u00a0:<\/a> <mark style=\"background-color:rgba(0, 0, 0, 0)\" class=\"has-inline-color has-black-color\">Cette vid\u00e9o vous montrera les 2 m\u00e9thodes pour charger un syst\u00e8me \u00e0 vitesse variable et comment naviguer dans l&#039;interface utilisateur pour la charge.<\/mark><\/p>\n\n\n\n<p><a href=\"https:\/\/cectechsupport.com\/fr\/video-airflow-verification-test\/\">Test de v\u00e9rification du d\u00e9bit d&#039;air\u00a0:<\/a> <mark style=\"background-color:rgba(0, 0, 0, 0)\" class=\"has-inline-color has-black-color\">Cela vous expliquera comment mettre l&#039;interface utilisateur dans le processus de v\u00e9rification du d\u00e9bit d&#039;air pour v\u00e9rifier la statique du syst\u00e8me de conduits et le r\u00e9gime moteur du ventilateur.<\/mark><\/p>\n\n\n\n<p><a href=\"https:\/\/cectechsupport.com\/fr\/video-of-recovery-evacuation-operation\/\">Op\u00e9ration de r\u00e9cup\u00e9ration et d&#039;\u00e9vacuation\u00a0:<\/a><mark style=\"background-color:rgba(0, 0, 0, 0)\" class=\"has-inline-color has-black-color\"> Cela vous guidera pour naviguer dans le menu de service pour vous assurer que l&#039;EXV est ouvert afin que vous puissiez vous assurer que vous pouvez retirer tout le r\u00e9frig\u00e9rant du syst\u00e8me pour une r\u00e9paration de r\u00e9frig\u00e9rant.<\/mark><\/p>\n\n\n\n<p><a href=\"https:\/\/cectechsupport.com\/fr\/video-troubleshooting-communication-code-16\/\">Code 16 D\u00e9faut de communication :<\/a> <mark style=\"background-color:rgba(0, 0, 0, 0)\" class=\"has-inline-color has-black-color\">Cette vid\u00e9o vous expliquera comment d\u00e9panner le circuit de communication.<\/mark><\/p>\n\n\n\n<p><a href=\"https:\/\/cectechsupport.com\/fr\/video-how-to-use-the-user-interface-as-a-service-tool\/\">Comment utiliser l&#039;interface utilisateur en tant qu&#039;outil de service\u00a0:<\/a> <mark style=\"background-color:rgba(0, 0, 0, 0)\" class=\"has-inline-color has-black-color\">Dans cette vid\u00e9o, nous allons vous montrer comment vous pouvez utiliser une deuxi\u00e8me interface utilisateur comme outil pour vous aider \u00e0 r\u00e9duire le temps d&#039;un appel de service.<\/mark><\/p>\n\n\n\n<p><a href=\"https:\/\/cectechsupport.com\/fr\/video-model-plug-code-25\/\">D\u00e9faut de la fiche du mod\u00e8le de code 25\u00a0:<\/a> <mark style=\"background-color:rgba(0, 0, 0, 0)\" class=\"has-inline-color has-black-color\">Cette vid\u00e9o explique comment tester la prise mod\u00e8le.<\/mark><\/p>\n\n\n\n<p> <a href=\"https:\/\/cectechsupport.com\/fr\/video-code-41\/\"><mark style=\"background-color:rgba(0, 0, 0, 0)\" class=\"has-inline-color has-vivid-red-color\">Code 41<\/mark><\/a>&nbsp;<mark style=\"background-color:rgba(0, 0, 0, 0)\" class=\"has-inline-color has-black-color\">(d\u00e9faut moteur soufflerie)<\/mark> <mark style=\"background-color:rgba(0, 0, 0, 0)\" class=\"has-inline-color has-black-color\">: Ce processus fonctionne \u00e9galement sur le ventilo-convecteur FE4.<\/mark><\/p>\n\n\n\n<p><a href=\"https:\/\/cectechsupport.com\/fr\/video-high-pressure-protection-operation\/\">Fonctionnement de la protection haute pression\u00a0:<\/a> <mark style=\"background-color:rgba(0, 0, 0, 0)\" class=\"has-inline-color has-black-color\">Ceci explique comment le fonctionnement de haute protection fonctionne sur le syst\u00e8me Next Gen.<\/mark><\/p>\n\n\n\n<p><a href=\"https:\/\/cectechsupport.com\/fr\/video-low-pressure-protection-operation\/\">Fonctionnement de la protection contre les basses pressions\u00a0:<\/a> <mark style=\"background-color:rgba(0, 0, 0, 0)\" class=\"has-inline-color has-black-color\">Ceci explique comment le fonctionnement de haute protection fonctionne sur le syst\u00e8me Next Gen.<\/mark><\/p>\n\n\n\n<p><a href=\"https:\/\/cectechsupport.com\/fr\/video-pressure-transducer-testing\/\">Test du transducteur de pression\u00a0:<\/a><mark style=\"background-color:rgba(0, 0, 0, 0)\" class=\"has-inline-color has-black-color\"> Cela vous montrera comment v\u00e9rifier un transducteur de pression.<\/mark><\/p>\n\n\n\n<p><a href=\"https:\/\/cectechsupport.com\/fr\/video-exv-troubleshooting-testing\/\">D\u00e9pannage et test EXV\u00a0:<\/a> <mark style=\"background-color:rgba(0, 0, 0, 0)\" class=\"has-inline-color has-black-color\">Ici, nous allons vous expliquer comment ohmer le moteur pas \u00e0 pas, puis tester la vanne pour vous assurer qu&#039;elle fonctionne m\u00e9caniquement.<\/mark><\/p>\n\n\n\n<p><a href=\"https:\/\/cectechsupport.com\/fr\/video-thermistor-testing\/\">Test de thermistance\u00a0:<\/a> <mark style=\"background-color:rgba(0, 0, 0, 0)\" class=\"has-inline-color has-black-color\">Les codes 51 \u00e0 54 sont tous li\u00e9s \u00e0 un probl\u00e8me de thermistance.<\/mark><\/p>\n\n\n\n<p><a href=\"https:\/\/cectechsupport.com\/fr\/video-next-gen-condenser-fan-motor-troubleshooting\/\">Moteur de ventilateur de condenseur de nouvelle g\u00e9n\u00e9ration\u00a0:<\/a> <mark style=\"background-color:rgba(0, 0, 0, 0)\" class=\"has-inline-color has-black-color\">Cette vid\u00e9o vous montrera comment tester le moteur du ventilateur du condenseur Next Gen. Il est diff\u00e9rent du moteur \u00e0 condensateur \u00e0 5 \u00e9tages.<\/mark><\/p>\n\n\n\n<p><a href=\"https:\/\/cectechsupport.com\/wp-content\/uploads\/2022\/04\/Troubleshooting-FV-FK-ECM-Motors-X13-Motors.pdf\" target=\"_blank\" rel=\"noreferrer noopener\">D\u00e9pannage du moteur FV\/FK ECM et du moteur X13\u00a0: <\/a><mark style=\"background-color:rgba(0, 0, 0, 0)\" class=\"has-inline-color has-black-color\">Ce guide vous aidera \u00e0 d\u00e9panner les moteurs \u00e0 vitesse variable \u00e0 16 broches et X-13.<\/mark><\/p>\n\n\n\n<p><a href=\"https:\/\/cectechsupport.com\/wp-content\/uploads\/2022\/04\/Inverter-Code-69-77.pdf\" target=\"_blank\" rel=\"noreferrer noopener\">Code 69 Pompes \u00e0 chaleur 25VNA0\/280ANV, unit\u00e9s AC 24VNA\/180CNV<\/a>; <mark style=\"background-color:rgba(0, 0, 0, 0)\" class=\"has-inline-color has-black-color\">V\u00e9rifiez d&#039;abord les enroulements du compresseur et la mise \u00e0 la terre au niveau de la t\u00eate de borne du compresseur. Ce test aidera \u00e0 v\u00e9rifier la pr\u00e9sence d&#039;un compresseur bloqu\u00e9. Si la carte g\u00e9n\u00e8re un code 79 avec le compresseur d\u00e9connect\u00e9, il s&#039;agit tr\u00e8s probablement d&#039;un compresseur bloqu\u00e9.<\/mark><\/p>","protected":false},"excerpt":{"rendered":"<p>R\u00e9cup\u00e9ration des codes d&#039;erreur\u00a0: cette vid\u00e9o vous montrera comment extraire les codes d&#039;erreur de l&#039;interface utilisateur pour aider \u00e0 d\u00e9panner le syst\u00e8me. R\u00e9cup\u00e9ration forc\u00e9e du code d&#039;erreur\u00a0: cette vid\u00e9o vous montrera comment placer l&#039;unit\u00e9 ext\u00e9rieure dans un rappel de code forc\u00e9 dans le cas o\u00f9 votre unit\u00e9 ne signale pas de codes d&#039;erreur mais [\u2026]<\/p>","protected":false},"author":1,"featured_media":0,"parent":0,"menu_order":0,"comment_status":"closed","ping_status":"closed","template":"","meta":{"_coblocks_attr":"","_coblocks_dimensions":"","_coblocks_responsive_height":"","_coblocks_accordion_ie_support":"","_uag_custom_page_level_css":"","site-sidebar-layout":"default","site-content-layout":"","ast-site-content-layout":"default","site-content-style":"default","site-sidebar-style":"default","ast-global-header-display":"","ast-banner-title-visibility":"","ast-main-header-display":"","ast-hfb-above-header-display":"","ast-hfb-below-header-display":"","ast-hfb-mobile-header-display":"","site-post-title":"","ast-breadcrumbs-content":"","ast-featured-img":"","footer-sml-layout":"","theme-transparent-header-meta":"","adv-header-id-meta":"","stick-header-meta":"","header-above-stick-meta":"","header-main-stick-meta":"","header-below-stick-meta":"","astra-migrate-meta-layouts":"default","ast-page-background-enabled":"default","ast-page-background-meta":{"desktop":{"background-color":"","background-image":"","background-repeat":"repeat","background-position":"center center","background-size":"auto","background-attachment":"scroll","background-type":"","background-media":"","overlay-type":"","overlay-color":"","overlay-opacity":"","overlay-gradient":""},"tablet":{"background-color":"","background-image":"","background-repeat":"repeat","background-position":"center center","background-size":"auto","background-attachment":"scroll","background-type":"","background-media":"","overlay-type":"","overlay-color":"","overlay-opacity":"","overlay-gradient":""},"mobile":{"background-color":"","background-image":"","background-repeat":"repeat","background-position":"center center","background-size":"auto","background-attachment":"scroll","background-type":"","background-media":"","overlay-type":"","overlay-color":"","overlay-opacity":"","overlay-gradient":""}},"ast-content-background-meta":{"desktop":{"background-color":"var(--ast-global-color-5)","background-image":"","background-repeat":"repeat","background-position":"center center","background-size":"auto","background-attachment":"scroll","background-type":"","background-media":"","overlay-type":"","overlay-color":"","overlay-opacity":"","overlay-gradient":""},"tablet":{"background-color":"var(--ast-global-color-5)","background-image":"","background-repeat":"repeat","background-position":"center center","background-size":"auto","background-attachment":"scroll","background-type":"","background-media":"","overlay-type":"","overlay-color":"","overlay-opacity":"","overlay-gradient":""},"mobile":{"background-color":"var(--ast-global-color-5)","background-image":"","background-repeat":"repeat","background-position":"center center","background-size":"auto","background-attachment":"scroll","background-type":"","background-media":"","overlay-type":"","overlay-color":"","overlay-opacity":"","overlay-gradient":""}},"footnotes":""},"class_list":["post-170","page","type-page","status-publish","hentry"],"uagb_featured_image_src":{"full":false,"thumbnail":false,"medium":false,"medium_large":false,"large":false,"1536x1536":false,"2048x2048":false,"trp-custom-language-flag":false,"woocommerce_thumbnail":false,"woocommerce_single":false,"woocommerce_gallery_thumbnail":false},"uagb_author_info":{"display_name":"Josh Goodman","author_link":"https:\/\/cectechsupport.com\/fr\/author\/joshg\/"},"uagb_comment_info":0,"uagb_excerpt":"Fault Code Retrieval: This video will show you how to get the fault codes out of the user interface to help troubleshoot the system. Forced Fault Code retrieval: This video will show you how to place the outdoor unit into a force code recall in the event your unit is not reporting fault codes but&hellip;","_links":{"self":[{"href":"https:\/\/cectechsupport.com\/fr\/wp-json\/wp\/v2\/pages\/170","targetHints":{"allow":["GET"]}}],"collection":[{"href":"https:\/\/cectechsupport.com\/fr\/wp-json\/wp\/v2\/pages"}],"about":[{"href":"https:\/\/cectechsupport.com\/fr\/wp-json\/wp\/v2\/types\/page"}],"author":[{"embeddable":true,"href":"https:\/\/cectechsupport.com\/fr\/wp-json\/wp\/v2\/users\/1"}],"replies":[{"embeddable":true,"href":"https:\/\/cectechsupport.com\/fr\/wp-json\/wp\/v2\/comments?post=170"}],"version-history":[{"count":7,"href":"https:\/\/cectechsupport.com\/fr\/wp-json\/wp\/v2\/pages\/170\/revisions"}],"predecessor-version":[{"id":1339,"href":"https:\/\/cectechsupport.com\/fr\/wp-json\/wp\/v2\/pages\/170\/revisions\/1339"}],"wp:attachment":[{"href":"https:\/\/cectechsupport.com\/fr\/wp-json\/wp\/v2\/media?parent=170"}],"curies":[{"name":"wp","href":"https:\/\/api.w.org\/{rel}","templated":true}]}}