{"id":1888,"date":"2022-08-07T13:04:04","date_gmt":"2022-08-07T17:04:04","guid":{"rendered":"https:\/\/cectechsupport.com\/?page_id=1888"},"modified":"2024-07-07T08:45:36","modified_gmt":"2024-07-07T12:45:36","slug":"field-reporting-forms","status":"publish","type":"page","link":"https:\/\/cectechsupport.com\/fr\/field-reporting-forms\/","title":{"rendered":"Formulaires de rapport sur le terrain"},"content":{"rendered":"<div aria-label=\"Galerie Carrousel\" class=\"wp-block-coblocks-gallery-carousel\"><div class=\"coblocks-gallery-carousel-swiper-container is-cropped coblocks-gallery has-no-alignment has-caption-style-dark has-horizontal-gutter has-no-thumbnails\"><div class=\"has-carousel has-carousel-lrg swiper-container\" data-swiper=\"{&quot;alignCells&quot;:false,&quot;autoPlay&quot;:true,&quot;autoPlaySpeed&quot;:&quot;3000&quot;,&quot;draggable&quot;:false,&quot;freeMode&quot;:false,&quot;loop&quot;:true,&quot;navigation&quot;:false,&quot;pageDots&quot;:false,&quot;pauseHover&quot;:false,&quot;responsiveHeight&quot;:false,&quot;slidesPerView&quot;:2,&quot;thumbnails&quot;:false,&quot;uuid&quot;:&quot;12345&quot;}\" style=\"height:264px\"><div class=\"swiper-wrapper\"><div class=\"swiper-slide\"><div class=\"coblocks-gallery--item\" role=\"button\" tabindex=\"0\"><figure class=\"coblocks-gallery--figure has-margin-left-5 has-margin-left-mobile-5 has-margin-right-5 has-margin-right-mobile-5\"><img loading=\"lazy\" decoding=\"async\" width=\"468\" height=\"533\" alt=\"\" class=\"wp-image-474\" data-id=\"474\" data-link=\"https:\/\/cesctechsupport.com\/carrier_3_rearviewseethrough-v4\/\" src=\"https:\/\/cesctechsupport.com\/wp-content\/uploads\/2022\/03\/Carrier_3_RearViewSeeThrough-v4.png\" srcset=\"https:\/\/cectechsupport.com\/wp-content\/uploads\/2022\/03\/Carrier_3_RearViewSeeThrough-v4.png 468w, https:\/\/cectechsupport.com\/wp-content\/uploads\/2022\/03\/Carrier_3_RearViewSeeThrough-v4-263x300.png 263w\" sizes=\"auto, (max-width: 468px) 100vw, 468px\" \/><\/figure><figcaption class=\"coblocks-gallery--caption coblocks-gallery--primary-caption\"><\/figcaption><\/div><\/div><div class=\"swiper-slide\"><div class=\"coblocks-gallery--item\" role=\"button\" tabindex=\"1\"><figure class=\"coblocks-gallery--figure has-margin-left-5 has-margin-left-mobile-5 has-margin-right-5 has-margin-right-mobile-5\"><img loading=\"lazy\" decoding=\"async\" width=\"1024\" height=\"549\" alt=\"\" class=\"wp-image-476\" data-id=\"476\" data-link=\"https:\/\/cesctechsupport.com\/lcu\/\" src=\"https:\/\/cesctechsupport.com\/wp-content\/uploads\/2022\/03\/LCU-1024x549.jpg\" srcset=\"https:\/\/cectechsupport.com\/wp-content\/uploads\/2022\/03\/LCU-1024x549.jpg 1024w, https:\/\/cectechsupport.com\/wp-content\/uploads\/2022\/03\/LCU-600x322.jpg 600w, https:\/\/cectechsupport.com\/wp-content\/uploads\/2022\/03\/LCU-300x161.jpg 300w, https:\/\/cectechsupport.com\/wp-content\/uploads\/2022\/03\/LCU-768x412.jpg 768w, https:\/\/cectechsupport.com\/wp-content\/uploads\/2022\/03\/LCU-1536x824.jpg 1536w, https:\/\/cectechsupport.com\/wp-content\/uploads\/2022\/03\/LCU.jpg 1600w\" sizes=\"auto, (max-width: 1024px) 100vw, 1024px\" \/><\/figure><figcaption class=\"coblocks-gallery--caption coblocks-gallery--primary-caption\"><\/figcaption><\/div><\/div><div class=\"swiper-slide\"><div class=\"coblocks-gallery--item\" role=\"button\" tabindex=\"2\"><figure class=\"coblocks-gallery--figure has-margin-left-5 has-margin-left-mobile-5 has-margin-right-5 has-margin-right-mobile-5\"><img decoding=\"async\" alt=\"Field Reporting\" class=\"wp-image-2043\" data-id=\"2043\" data-link=\"https:\/\/cesctechsupport.com\/dealer-resources\/website-images\/\" src=\"https:\/\/cesctechsupport.com\/wp-content\/uploads\/2022\/05\/Website-Images.png\"\/><\/figure><figcaption class=\"coblocks-gallery--caption coblocks-gallery--primary-caption\"><\/figcaption><\/div><\/div><div class=\"swiper-slide\"><div class=\"coblocks-gallery--item\" role=\"button\" tabindex=\"3\"><figure class=\"coblocks-gallery--figure has-margin-left-5 has-margin-left-mobile-5 has-margin-right-5 has-margin-right-mobile-5\"><img decoding=\"async\" alt=\"\" class=\"wp-image-2437\" data-id=\"2437\" data-link=\"https:\/\/cesctechsupport.com\/inf-evo-touch\/\" src=\"https:\/\/cesctechsupport.com\/wp-content\/uploads\/2022\/05\/Inf-Evo-Touch.png\"\/><\/figure><figcaption class=\"coblocks-gallery--caption coblocks-gallery--primary-caption\"><\/figcaption><\/div><\/div><div class=\"swiper-slide\"><div class=\"coblocks-gallery--item\" role=\"button\" tabindex=\"4\"><figure class=\"coblocks-gallery--figure has-margin-left-5 has-margin-left-mobile-5 has-margin-right-5 has-margin-right-mobile-5\"><img decoding=\"async\" alt=\"\" class=\"wp-image-2222\" data-id=\"2222\" data-link=\"https:\/\/cesctechsupport.com\/compressors-002\/\" src=\"https:\/\/cesctechsupport.com\/wp-content\/uploads\/2022\/05\/compressors-002.jpg\"\/><\/figure><figcaption class=\"coblocks-gallery--caption coblocks-gallery--primary-caption\"><\/figcaption><\/div><\/div><div class=\"swiper-slide\"><div class=\"coblocks-gallery--item\" role=\"button\" tabindex=\"5\"><figure class=\"coblocks-gallery--figure has-margin-left-5 has-margin-left-mobile-5 has-margin-right-5 has-margin-right-mobile-5\"><img decoding=\"async\" alt=\"\" class=\"wp-image-2991\" data-id=\"2991\" data-link=\"https:\/\/cesctechsupport.com\/picture3\/\" src=\"https:\/\/cesctechsupport.com\/wp-content\/uploads\/2022\/06\/Picture3.jpg\"\/><\/figure><figcaption class=\"coblocks-gallery--caption coblocks-gallery--primary-caption\"><\/figcaption><\/div><\/div><div class=\"swiper-slide\"><div class=\"coblocks-gallery--item\" role=\"button\" tabindex=\"6\"><figure class=\"coblocks-gallery--figure has-margin-left-5 has-margin-left-mobile-5 has-margin-right-5 has-margin-right-mobile-5\"><img decoding=\"async\" alt=\"\" class=\"wp-image-2990\" data-id=\"2990\" data-link=\"https:\/\/cesctechsupport.com\/picture2\/\" src=\"https:\/\/cesctechsupport.com\/wp-content\/uploads\/2022\/06\/Picture2.jpg\"\/><\/figure><figcaption class=\"coblocks-gallery--caption coblocks-gallery--primary-caption\"><\/figcaption><\/div><\/div><div class=\"swiper-slide\"><div class=\"coblocks-gallery--item\" role=\"button\" tabindex=\"7\"><figure class=\"coblocks-gallery--figure has-margin-left-5 has-margin-left-mobile-5 has-margin-right-5 has-margin-right-mobile-5\"><img decoding=\"async\" alt=\"\" class=\"wp-image-2995\" data-id=\"2995\" data-link=\"https:\/\/cesctechsupport.com\/carrier_infinity_system_whitebkg\/\" src=\"https:\/\/cesctechsupport.com\/wp-content\/uploads\/2022\/06\/Carrier_Infinity_System_WhiteBKG.jpg\"\/><\/figure><figcaption class=\"coblocks-gallery--caption coblocks-gallery--primary-caption\"><\/figcaption><\/div><\/div><div class=\"swiper-slide\"><div class=\"coblocks-gallery--item\" role=\"button\" tabindex=\"8\"><figure class=\"coblocks-gallery--figure has-margin-left-5 has-margin-left-mobile-5 has-margin-right-5 has-margin-right-mobile-5\"><img decoding=\"async\" alt=\"\" class=\"wp-image-2994\" data-id=\"2994\" data-link=\"https:\/\/cesctechsupport.com\/greenspeed-top-quarter\/\" src=\"https:\/\/cesctechsupport.com\/wp-content\/uploads\/2022\/06\/Greenspeed-top-quarter.png\"\/><\/figure><figcaption class=\"coblocks-gallery--caption coblocks-gallery--primary-caption\"><\/figcaption><\/div><\/div><div class=\"swiper-slide\"><div class=\"coblocks-gallery--item\" role=\"button\" tabindex=\"9\"><figure class=\"coblocks-gallery--figure has-margin-left-5 has-margin-left-mobile-5 has-margin-right-5 has-margin-right-mobile-5\"><img decoding=\"async\" alt=\"\" class=\"wp-image-2993\" data-id=\"2993\" data-link=\"https:\/\/cesctechsupport.com\/greenspeed-front-cut-away\/\" src=\"https:\/\/cesctechsupport.com\/wp-content\/uploads\/2022\/06\/Greenspeed-front-cut-away.png\"\/><\/figure><figcaption class=\"coblocks-gallery--caption coblocks-gallery--primary-caption\"><\/figcaption><\/div><\/div><\/div><\/div><\/div><\/div>\n\n\n\n<p id=\"h.p__vAxgccdc9j8\">En combinant votre connaissance de l&#039;\u00e9quipement avec la technologie et un processus efficace, le support technique peut am\u00e9liorer la productivit\u00e9 de votre chantier. <\/p>\n\n\n\n<p id=\"h.p__vAxgccdc9j8\">\u00c0 l&#039;aide de nos outils mobiles qui visent \u00e0 limiter vos efforts en limitant les champs obligatoires en fonction du type de rapport que vous remplissez, vous r\u00e9ussirez \u00e0 soumettre un rapport de terrain lors de votre premi\u00e8re tentative et ne serez qu&#039;\u00e0 un coup de t\u00e9l\u00e9phone de l&#039;assistance de notre \u00e9quipe.<\/p>\n\n\n\n<hr class=\"wp-block-separator has-alpha-channel-opacity is-style-wide\"\/>\n\n\n\n<div class=\"wp-block-columns is-layout-flex wp-container-core-columns-is-layout-28f84493 wp-block-columns-is-layout-flex\">\n<div class=\"wp-block-column is-vertically-aligned-center is-layout-flow wp-block-column-is-layout-flow\" style=\"flex-basis:33.33%\">\n<div class=\"wp-block-uagb-buttons uagb-buttons__outer-wrap uagb-btn__default-btn uagb-btn-tablet__default-btn uagb-btn-mobile__default-btn uagb-block-14138b32\"><div class=\"uagb-buttons__wrap uagb-buttons-layout-wrap\">\n<div class=\"wp-block-uagb-buttons-child uagb-buttons__outer-wrap uagb-block-1500270c wp-block-button\"><div class=\"uagb-button__wrapper\"><a class=\"uagb-buttons-repeater wp-block-button__link\" href=\"https:\/\/cectechsupport.com\/fr\/infinity-evolution-communication-troubleshooting\/\" onclick=\"return true;\" rel=\"follow noopener\" target=\"_self\"><div class=\"uagb-button__link\">D\u00e9pannage de la communication Infinity\/Evolution<\/div><\/a><\/div><\/div>\n<\/div><\/div>\n<\/div>\n\n\n\n<div class=\"wp-block-column is-vertically-aligned-bottom is-layout-flow wp-block-column-is-layout-flow\" style=\"flex-basis:66.66%\">\n<p>Ce formulaire aidera \u00e0 d\u00e9terminer les probl\u00e8mes causant des erreurs de communication. Veuillez compl\u00e9ter chaque d\u00e9tail de ce formulaire. \u00c0 la fin, si vous avez encore des questions, cliquez sur Soumettre.<\/p>\n<\/div>\n<\/div>\n\n\n\n<hr class=\"wp-block-separator has-alpha-channel-opacity is-style-wide\"\/>\n\n\n\n<div class=\"wp-block-columns is-layout-flex wp-container-core-columns-is-layout-28f84493 wp-block-columns-is-layout-flex\">\n<div class=\"wp-block-column is-vertically-aligned-center is-layout-flow wp-block-column-is-layout-flow\" style=\"flex-basis:33.33%\">\n<div class=\"wp-block-uagb-buttons uagb-buttons__outer-wrap uagb-btn__default-btn uagb-btn-tablet__default-btn uagb-btn-mobile__default-btn uagb-block-3287238a\"><div class=\"uagb-buttons__wrap uagb-buttons-layout-wrap\">\n<div class=\"wp-block-uagb-buttons-child uagb-buttons__outer-wrap uagb-block-0b8fe9e0 wp-block-button\"><div class=\"uagb-button__wrapper\"><a class=\"uagb-buttons-repeater wp-block-button__link\" href=\"https:\/\/cectechsupport.com\/fr\/system-technical-support-request-form-2\/\" onclick=\"return true;\" rel=\"follow noopener\" target=\"_self\"><div class=\"uagb-button__link\">Formulaire de demande d&#039;assistance technique syst\u00e8me<\/div><\/a><\/div><\/div>\n<\/div><\/div>\n<\/div>\n\n\n\n<div class=\"wp-block-column is-vertically-aligned-bottom is-layout-flow wp-block-column-is-layout-flow\" style=\"flex-basis:67%\">\n<p>Ce formulaire vous aidera \u00e0 d\u00e9terminer les probl\u00e8mes au sein de votre syst\u00e8me. Veuillez compl\u00e9ter chaque d\u00e9tail de ce formulaire. \u00c0 la fin, si vous avez encore des questions, cliquez sur Soumettre. Ce formulaire doit \u00eatre soumis avant qu&#039;un formulaire de demande de visite du site puisse \u00eatre approuv\u00e9.<\/p>\n<\/div>\n<\/div>\n\n\n\n<hr class=\"wp-block-separator has-alpha-channel-opacity is-style-wide\"\/>\n\n\n\n<div class=\"wp-block-columns is-layout-flex wp-container-core-columns-is-layout-28f84493 wp-block-columns-is-layout-flex\">\n<div class=\"wp-block-column is-vertically-aligned-center is-layout-flow wp-block-column-is-layout-flow\" style=\"flex-basis:33.33%\">\n<div class=\"wp-block-uagb-buttons uagb-buttons__outer-wrap uagb-btn__default-btn uagb-btn-tablet__default-btn uagb-btn-mobile__default-btn uagb-block-0bd83464\"><div class=\"uagb-buttons__wrap uagb-buttons-layout-wrap\">\n<div class=\"wp-block-uagb-buttons-child uagb-buttons__outer-wrap uagb-block-c86f4fb0 wp-block-button\"><div class=\"uagb-button__wrapper\"><a class=\"uagb-buttons-repeater wp-block-button__link\" href=\"https:\/\/cectechsupport.com\/fr\/30-day-doa-compressor-form\/\" onclick=\"return true;\" rel=\"follow noopener\" target=\"_self\"><div class=\"uagb-button__link\">30 jours - Formulaire de compresseur DOA<\/div><\/a><\/div><\/div>\n<\/div><\/div>\n<\/div>\n\n\n\n<div class=\"wp-block-column is-vertically-aligned-bottom is-layout-flow wp-block-column-is-layout-flow\" style=\"flex-basis:66.66%\">\n<p>Utilisez ce formulaire pour signaler un compresseur DOA (moins de 30 jours \u00e0 compter du d\u00e9marrage) afin de recevoir l&#039;autorisation d&#039;\u00e9change DOA. Ce formulaire remplace l&#039;ancien formulaire SCA une fois approuv\u00e9, une fois soumis, vous recevrez une copie afin que vous puissiez utiliser ce formulaire pour d\u00e9marrer le processus de garantie.<\/p>\n\n\n\n<p><strong>Une fois soumis, un TSR doit examiner et approuver le remplacement de l&#039;unit\u00e9. Vous serez contact\u00e9<\/strong> <strong>par un TSR avec soit une approbation, soit une action corrective.<\/strong><\/p>\n<\/div>\n<\/div>\n\n\n\n<hr class=\"wp-block-separator has-alpha-channel-opacity is-style-wide\"\/>\n\n\n\n<div class=\"wp-block-columns is-layout-flex wp-container-core-columns-is-layout-28f84493 wp-block-columns-is-layout-flex\">\n<div class=\"wp-block-column is-vertically-aligned-center is-layout-flow wp-block-column-is-layout-flow\" style=\"flex-basis:33.33%\">\n<div class=\"wp-block-uagb-buttons uagb-buttons__outer-wrap uagb-btn__default-btn uagb-btn-tablet__default-btn uagb-btn-mobile__default-btn uagb-block-a17b5af0\"><div class=\"uagb-buttons__wrap uagb-buttons-layout-wrap\">\n<div class=\"wp-block-uagb-buttons-child uagb-buttons__outer-wrap uagb-block-8c8c541b wp-block-button\"><div class=\"uagb-button__wrapper\"><a class=\"uagb-buttons-repeater wp-block-button__link\" href=\"https:\/\/cectechsupport.com\/fr\/30-day-doa-condenser-coil-form\/\" onclick=\"return true;\" rel=\"follow noopener\" target=\"_self\"><div class=\"uagb-button__link\">30 jours - Formulaire de bobine de condenseur DOA<\/div><\/a><\/div><\/div>\n<\/div><\/div>\n<\/div>\n\n\n\n<div class=\"wp-block-column is-vertically-aligned-bottom is-layout-flow wp-block-column-is-layout-flow\" style=\"flex-basis:66.66%\">\n<p>Utilisez ce formulaire pour signaler une bobine de condenseur DOA (moins de 30 jours \u00e0 compter du d\u00e9marrage) afin de recevoir l&#039;autorisation d&#039;\u00e9change DOA. Ce formulaire remplace l&#039;ancien formulaire SCA une fois approuv\u00e9, une fois soumis, vous recevrez une copie afin que vous puissiez utiliser ce formulaire pour d\u00e9marrer le processus de garantie.<\/p>\n\n\n\n<p><strong>Une fois soumis, un TSR doit examiner et approuver le remplacement de l&#039;unit\u00e9. Vous serez contact\u00e9<\/strong> <strong>par un TSR avec soit une approbation, soit une action corrective.<\/strong><\/p>\n<\/div>\n<\/div>\n\n\n\n<hr class=\"wp-block-separator has-alpha-channel-opacity is-style-wide\"\/>\n\n\n\n<div class=\"wp-block-columns is-layout-flex wp-container-core-columns-is-layout-28f84493 wp-block-columns-is-layout-flex\">\n<div class=\"wp-block-column is-vertically-aligned-center is-layout-flow wp-block-column-is-layout-flow\" style=\"flex-basis:33.33%\">\n<div class=\"wp-block-uagb-buttons uagb-buttons__outer-wrap uagb-btn__default-btn uagb-btn-tablet__default-btn uagb-btn-mobile__default-btn uagb-block-0953edcb\"><div class=\"uagb-buttons__wrap uagb-buttons-layout-wrap\">\n<div class=\"wp-block-uagb-buttons-child uagb-buttons__outer-wrap uagb-block-8179c017 wp-block-button\"><div class=\"uagb-button__wrapper\"><a class=\"uagb-buttons-repeater wp-block-button__link\" href=\"https:\/\/cectechsupport.com\/fr\/refrigerant-leak-reporting-form\/\" onclick=\"return true;\" rel=\"follow noopener\" target=\"_self\"><div class=\"uagb-button__link\">Formulaire de rapport de fuite de r\u00e9frig\u00e9rant<\/div><\/a><\/div><\/div>\n<\/div><\/div>\n<\/div>\n\n\n\n<div class=\"wp-block-column is-vertically-aligned-bottom is-layout-flow wp-block-column-is-layout-flow\" style=\"flex-basis:66.66%\">\n<p>Utilisez ce formulaire pour signaler une fuite de r\u00e9frig\u00e9rant. Celle-ci est obligatoire pour les \u00e9quipements neufs ou pour les demandes de concession de main-d&#039;\u0153uvre et\/ou de mat\u00e9riel. Un minimum de 1 vid\u00e9o et 1 photo est requis et DOIT MONTRER DES BULLES\u00a0!<\/p>\n<\/div>\n<\/div>\n\n\n\n<hr class=\"wp-block-separator has-alpha-channel-opacity is-style-wide\"\/>\n\n\n\n<div class=\"wp-block-cover is-light\" style=\"min-height:165px;aspect-ratio:unset;\"><span aria-hidden=\"true\" class=\"wp-block-cover__background has-background-dim\"><\/span><img loading=\"lazy\" decoding=\"async\" width=\"974\" height=\"513\" class=\"wp-block-cover__image-background wp-image-44067\" alt=\"\" src=\"https:\/\/cectechsupport.com\/wp-content\/uploads\/2023\/09\/startup-chart-pics.png\" data-object-fit=\"cover\" srcset=\"https:\/\/cectechsupport.com\/wp-content\/uploads\/2023\/09\/startup-chart-pics.png 974w, https:\/\/cectechsupport.com\/wp-content\/uploads\/2023\/09\/startup-chart-pics-300x158.png 300w, https:\/\/cectechsupport.com\/wp-content\/uploads\/2023\/09\/startup-chart-pics-768x405.png 768w, https:\/\/cectechsupport.com\/wp-content\/uploads\/2023\/09\/startup-chart-pics-18x9.png 18w, https:\/\/cectechsupport.com\/wp-content\/uploads\/2023\/09\/startup-chart-pics-600x316.png 600w\" sizes=\"auto, (max-width: 974px) 100vw, 974px\" \/><div class=\"wp-block-cover__inner-container is-layout-flow wp-block-cover-is-layout-flow\">\n<p><\/p>\n\n\n\n<p class=\"has-text-align-center has-large-font-size coblocks-animate has-custom-lineheight has-custom-letterspacing\" style=\"line-height:2.59;letter-spacing:2.1px;font-size:78px\" data-coblocks-animation=\"slideInRight\"><strong><a href=\"https:\/\/cectechsupport.com\/fr\/start-up-sheet-report\/\" target=\"_blank\" rel=\"noreferrer noopener\">Rapport de feuille de d\u00e9marrage<\/a><\/strong><\/p>\n<\/div><\/div>","protected":false},"excerpt":{"rendered":"<p>En combinant votre connaissance de l&#039;\u00e9quipement avec la technologie et un processus efficace, le support technique peut am\u00e9liorer la productivit\u00e9 de votre chantier. Gr\u00e2ce \u00e0 nos outils mobiles destin\u00e9s \u00e0 limiter vos efforts en limitant les champs obligatoires en fonction du type de rapport que vous remplissez, vous soumettrez avec succ\u00e8s un rapport de terrain lors de votre premier [\u2026]<\/p>","protected":false},"author":1,"featured_media":0,"parent":0,"menu_order":0,"comment_status":"closed","ping_status":"closed","template":"","meta":{"_coblocks_attr":"","_coblocks_dimensions":"","_coblocks_responsive_height":"","_coblocks_accordion_ie_support":"","_uag_custom_page_level_css":"","site-sidebar-layout":"default","site-content-layout":"content-boxed-container","ast-site-content-layout":"normal-width-container","site-content-style":"boxed","site-sidebar-style":"unboxed","ast-global-header-display":"","ast-banner-title-visibility":"","ast-main-header-display":"","ast-hfb-above-header-display":"","ast-hfb-below-header-display":"","ast-hfb-mobile-header-display":"","site-post-title":"","ast-breadcrumbs-content":"","ast-featured-img":"","footer-sml-layout":"","theme-transparent-header-meta":"","adv-header-id-meta":"","stick-header-meta":"","header-above-stick-meta":"","header-main-stick-meta":"","header-below-stick-meta":"","astra-migrate-meta-layouts":"set","ast-page-background-enabled":"default","ast-page-background-meta":{"desktop":{"background-color":"","background-image":"","background-repeat":"repeat","background-position":"center center","background-size":"auto","background-attachment":"scroll","background-type":"","background-media":"","overlay-type":"","overlay-color":"","overlay-opacity":"","overlay-gradient":""},"tablet":{"background-color":"","background-image":"","background-repeat":"repeat","background-position":"center center","background-size":"auto","background-attachment":"scroll","background-type":"","background-media":"","overlay-type":"","overlay-color":"","overlay-opacity":"","overlay-gradient":""},"mobile":{"background-color":"","background-image":"","background-repeat":"repeat","background-position":"center center","background-size":"auto","background-attachment":"scroll","background-type":"","background-media":"","overlay-type":"","overlay-color":"","overlay-opacity":"","overlay-gradient":""}},"ast-content-background-meta":{"desktop":{"background-color":"var(--ast-global-color-5)","background-image":"","background-repeat":"repeat","background-position":"center center","background-size":"auto","background-attachment":"scroll","background-type":"","background-media":"","overlay-type":"","overlay-color":"","overlay-opacity":"","overlay-gradient":""},"tablet":{"background-color":"var(--ast-global-color-5)","background-image":"","background-repeat":"repeat","background-position":"center center","background-size":"auto","background-attachment":"scroll","background-type":"","background-media":"","overlay-type":"","overlay-color":"","overlay-opacity":"","overlay-gradient":""},"mobile":{"background-color":"var(--ast-global-color-5)","background-image":"","background-repeat":"repeat","background-position":"center center","background-size":"auto","background-attachment":"scroll","background-type":"","background-media":"","overlay-type":"","overlay-color":"","overlay-opacity":"","overlay-gradient":""}},"footnotes":""},"class_list":["post-1888","page","type-page","status-publish","hentry"],"uagb_featured_image_src":{"full":false,"thumbnail":false,"medium":false,"medium_large":false,"large":false,"1536x1536":false,"2048x2048":false,"trp-custom-language-flag":false,"woocommerce_thumbnail":false,"woocommerce_single":false,"woocommerce_gallery_thumbnail":false},"uagb_author_info":{"display_name":"Josh Goodman","author_link":"https:\/\/cectechsupport.com\/fr\/author\/joshg\/"},"uagb_comment_info":0,"uagb_excerpt":"Combining your knowledge of the equipment with technology and an efficient process, Technical Support can improve your jobsite productivity. Using our mobile based tools which are intended to limit your effort by limiting the required fields based on the type of report you are filling, you will successfully submit a Field Report on your first&hellip;","_links":{"self":[{"href":"https:\/\/cectechsupport.com\/fr\/wp-json\/wp\/v2\/pages\/1888","targetHints":{"allow":["GET"]}}],"collection":[{"href":"https:\/\/cectechsupport.com\/fr\/wp-json\/wp\/v2\/pages"}],"about":[{"href":"https:\/\/cectechsupport.com\/fr\/wp-json\/wp\/v2\/types\/page"}],"author":[{"embeddable":true,"href":"https:\/\/cectechsupport.com\/fr\/wp-json\/wp\/v2\/users\/1"}],"replies":[{"embeddable":true,"href":"https:\/\/cectechsupport.com\/fr\/wp-json\/wp\/v2\/comments?post=1888"}],"version-history":[{"count":22,"href":"https:\/\/cectechsupport.com\/fr\/wp-json\/wp\/v2\/pages\/1888\/revisions"}],"predecessor-version":[{"id":45791,"href":"https:\/\/cectechsupport.com\/fr\/wp-json\/wp\/v2\/pages\/1888\/revisions\/45791"}],"wp:attachment":[{"href":"https:\/\/cectechsupport.com\/fr\/wp-json\/wp\/v2\/media?parent=1888"}],"curies":[{"name":"wp","href":"https:\/\/api.w.org\/{rel}","templated":true}]}}