{"id":2306,"date":"2023-01-06T17:10:44","date_gmt":"2023-01-06T22:10:44","guid":{"rendered":"https:\/\/cectechsupport.com\/?page_id=2306"},"modified":"2024-07-07T08:45:35","modified_gmt":"2024-07-07T12:45:35","slug":"toshiba-carrier-vrf","status":"publish","type":"page","link":"https:\/\/cectechsupport.com\/fr\/toshiba-carrier-vrf\/","title":{"rendered":"Toshiba\/Carrier VRF"},"content":{"rendered":"<div class=\"wp-block-uagb-container uagb-block-cd20edcb alignfull uagb-is-root-container\"><div class=\"uagb-container-inner-blocks-wrap\">\n<div class=\"wp-block-uagb-container uagb-block-10c3cf65\">\n<p class=\"has-text-align-center has-custom-transform\" style=\"text-transform:uppercase;font-size:25px\"><a href=\"https:\/\/cectechsupport.com\/fr\/toshiba-heatpump\/\" target=\"_blank\" rel=\"noreferrer noopener\">pompe \u00e0 chaleur\/r\u00e9cup\u00e9ration de chaleur<\/a><\/p>\n<\/div>\n\n\n\n<div class=\"wp-block-uagb-container uagb-block-3dc40d3b\"><\/div>\n\n\n\n<div class=\"wp-block-uagb-container uagb-block-c23b4684\">\n<p class=\"has-text-align-center has-custom-transform\" style=\"text-transform:uppercase;font-size:25px\">unit\u00e9s int\u00e9rieures<\/p>\n<\/div>\n\n\n\n<div class=\"wp-block-uagb-container uagb-block-51219880\">\n<p class=\"has-text-align-center has-custom-transform\" style=\"text-transform:uppercase;font-size:25px\"><a href=\"https:\/\/cectechsupport.com\/fr\/toshiba-carrier-quick-reference-guide\/\" data-type=\"URL\" target=\"_blank\" rel=\"noreferrer noopener\">manette<\/a><\/p>\n<\/div>\n\n\n\n<div class=\"wp-block-uagb-container uagb-block-11005189\">\n<p class=\"has-text-align-center has-custom-transform\" style=\"text-transform:uppercase;font-size:25px\">s\u00e9lecteur de d\u00e9bit<\/p>\n<\/div>\n\n\n\n<div class=\"wp-block-uagb-container uagb-block-302c4899\">\n<p class=\"has-text-align-center has-custom-transform\" style=\"text-transform:uppercase;font-size:25px\">liste de contr\u00f4le<\/p>\n<\/div>\n<\/div><\/div>","protected":false},"excerpt":{"rendered":"<p>Liste de contr\u00f4le du s\u00e9lecteur de d\u00e9bit du contr\u00f4leur des unit\u00e9s int\u00e9rieures de pompe \u00e0 chaleur\/r\u00e9cup\u00e9ration de chaleur<\/p>","protected":false},"author":46,"featured_media":0,"parent":0,"menu_order":0,"comment_status":"closed","ping_status":"closed","template":"","meta":{"_coblocks_attr":"","_coblocks_dimensions":"","_coblocks_responsive_height":"","_coblocks_accordion_ie_support":"","_uag_custom_page_level_css":"","site-sidebar-layout":"default","site-content-layout":"","ast-site-content-layout":"default","site-content-style":"default","site-sidebar-style":"default","ast-global-header-display":"","ast-banner-title-visibility":"","ast-main-header-display":"","ast-hfb-above-header-display":"","ast-hfb-below-header-display":"","ast-hfb-mobile-header-display":"","site-post-title":"","ast-breadcrumbs-content":"","ast-featured-img":"","footer-sml-layout":"","theme-transparent-header-meta":"","adv-header-id-meta":"","stick-header-meta":"","header-above-stick-meta":"","header-main-stick-meta":"","header-below-stick-meta":"","astra-migrate-meta-layouts":"default","ast-page-background-enabled":"default","ast-page-background-meta":{"desktop":{"background-color":"","background-image":"","background-repeat":"repeat","background-position":"center center","background-size":"auto","background-attachment":"scroll","background-type":"","background-media":"","overlay-type":"","overlay-color":"","overlay-opacity":"","overlay-gradient":""},"tablet":{"background-color":"","background-image":"","background-repeat":"repeat","background-position":"center center","background-size":"auto","background-attachment":"scroll","background-type":"","background-media":"","overlay-type":"","overlay-color":"","overlay-opacity":"","overlay-gradient":""},"mobile":{"background-color":"","background-image":"","background-repeat":"repeat","background-position":"center center","background-size":"auto","background-attachment":"scroll","background-type":"","background-media":"","overlay-type":"","overlay-color":"","overlay-opacity":"","overlay-gradient":""}},"ast-content-background-meta":{"desktop":{"background-color":"var(--ast-global-color-5)","background-image":"","background-repeat":"repeat","background-position":"center center","background-size":"auto","background-attachment":"scroll","background-type":"","background-media":"","overlay-type":"","overlay-color":"","overlay-opacity":"","overlay-gradient":""},"tablet":{"background-color":"var(--ast-global-color-5)","background-image":"","background-repeat":"repeat","background-position":"center center","background-size":"auto","background-attachment":"scroll","background-type":"","background-media":"","overlay-type":"","overlay-color":"","overlay-opacity":"","overlay-gradient":""},"mobile":{"background-color":"var(--ast-global-color-5)","background-image":"","background-repeat":"repeat","background-position":"center center","background-size":"auto","background-attachment":"scroll","background-type":"","background-media":"","overlay-type":"","overlay-color":"","overlay-opacity":"","overlay-gradient":""}},"footnotes":""},"class_list":["post-2306","page","type-page","status-publish","hentry"],"uagb_featured_image_src":{"full":false,"thumbnail":false,"medium":false,"medium_large":false,"large":false,"1536x1536":false,"2048x2048":false,"trp-custom-language-flag":false,"woocommerce_thumbnail":false,"woocommerce_single":false,"woocommerce_gallery_thumbnail":false},"uagb_author_info":{"display_name":"Francois Lesperance","author_link":"https:\/\/cectechsupport.com\/fr\/author\/francois-lesperance\/"},"uagb_comment_info":0,"uagb_excerpt":"heatpump\/Heat Recovery indoor units controller flow selector checklist","_links":{"self":[{"href":"https:\/\/cectechsupport.com\/fr\/wp-json\/wp\/v2\/pages\/2306","targetHints":{"allow":["GET"]}}],"collection":[{"href":"https:\/\/cectechsupport.com\/fr\/wp-json\/wp\/v2\/pages"}],"about":[{"href":"https:\/\/cectechsupport.com\/fr\/wp-json\/wp\/v2\/types\/page"}],"author":[{"embeddable":true,"href":"https:\/\/cectechsupport.com\/fr\/wp-json\/wp\/v2\/users\/46"}],"replies":[{"embeddable":true,"href":"https:\/\/cectechsupport.com\/fr\/wp-json\/wp\/v2\/comments?post=2306"}],"version-history":[{"count":4,"href":"https:\/\/cectechsupport.com\/fr\/wp-json\/wp\/v2\/pages\/2306\/revisions"}],"predecessor-version":[{"id":3547,"href":"https:\/\/cectechsupport.com\/fr\/wp-json\/wp\/v2\/pages\/2306\/revisions\/3547"}],"wp:attachment":[{"href":"https:\/\/cectechsupport.com\/fr\/wp-json\/wp\/v2\/media?parent=2306"}],"curies":[{"name":"wp","href":"https:\/\/api.w.org\/{rel}","templated":true}]}}