{"id":3508,"date":"2023-03-21T14:22:52","date_gmt":"2023-03-21T18:22:52","guid":{"rendered":"https:\/\/cectechsupport.com\/?page_id=3508"},"modified":"2024-07-07T08:45:31","modified_gmt":"2024-07-07T12:45:31","slug":"return-forms","status":"publish","type":"page","link":"https:\/\/cectechsupport.com\/fr\/return-forms\/","title":{"rendered":"Formulaires de retour"},"content":{"rendered":"<div class=\"wpforms-container wpforms-container-full wpforms-container-save-resume wpforms-block\" id=\"wpforms-3472\"><form id=\"wpforms-form-3472\" class=\"wpforms-validate wpforms-form\" data-formid=\"3472\" method=\"post\" enctype=\"multipart\/form-data\" action=\"\/fr\/wp-json\/wp\/v2\/pages\/3508\" data-token=\"dbec62aa9e7b35b5f9cbb9d4e314a4a8\" data-token-time=\"1777719854\" data-trp-original-action=\"\/fr\/wp-json\/wp\/v2\/pages\/3508\"><noscript class=\"wpforms-error-noscript\">Veuillez activer JavaScript dans votre navigateur pour remplir ce formulaire.<\/noscript><div class=\"wpforms-field-container\"><div id=\"wpforms-3472-field_19-container\" class=\"wpforms-field wpforms-field-select wpforms-field-select-style-classic\" data-field-type=\"select\" data-field-id=\"19\"><label class=\"wpforms-field-label\" for=\"wpforms-3472-field_19\">Repr\u00e9sentant technique CE <span class=\"wpforms-required-label\">*<\/span><\/label><select id=\"wpforms-3472-field_19\" class=\"wpforms-field-medium wpforms-field-required\" name=\"wpforms[fields][19]\" required=\"required\"><option value=\"Travis Powers\"  class=\"choice-1 depth-1\"  >Travis Pouvoirs<\/option><option value=\"Francois Lesperance\"  class=\"choice-10 depth-1\"  >Fran\u00e7ois Lesp\u00e9rance<\/option><option value=\"Brad Nakamura\"  class=\"choice-2 depth-1\"  >Brad Nakamura<\/option><option value=\"Graham Hogarth\"  class=\"choice-3 depth-1\"  >Graham Hogarth<\/option><option value=\"Alein Bertrand\"  class=\"choice-4 depth-1\"  >Alexandre Bertrand<\/option><option value=\"Colin Harris\"  class=\"choice-5 depth-1\"  >Colin Harris<\/option><option value=\"Omar Gulban\"  class=\"choice-6 depth-1\"  >Omar Goulban<\/option><option value=\"Stephanie Sosnowski\"  class=\"choice-7 depth-1\"  >St\u00e9phanie Sosnowski<\/option><option value=\"Yasser Alkhaldi\"  class=\"choice-8 depth-1\"  >Yasser Alkhaldi<\/option><option value=\"Benjamin Evans\"  class=\"choice-9 depth-1\"  >Benjamin Evans<\/option><\/select><\/div><div id=\"wpforms-3472-field_1-container\" class=\"wpforms-field wpforms-field-email\" data-field-type=\"email\" data-field-id=\"1\"><label class=\"wpforms-field-label\" for=\"wpforms-3472-field_1\">E-mail <span class=\"wpforms-required-label\">*<\/span><\/label><input type=\"email\" id=\"wpforms-3472-field_1\" class=\"wpforms-field-large wpforms-field-required\" name=\"wpforms[fields][1]\" spellcheck=\"false\" required><\/div><div id=\"wpforms-3472-field_3-container\" class=\"wpforms-field wpforms-field-name\" data-field-type=\"name\" data-field-id=\"3\"><label class=\"wpforms-field-label\" for=\"wpforms-3472-field_3\">Nom du revendeur <span class=\"wpforms-required-label\">*<\/span><\/label><input type=\"text\" id=\"wpforms-3472-field_3\" class=\"wpforms-field-large wpforms-field-required\" name=\"wpforms[fields][3]\" required><\/div><div id=\"wpforms-3472-field_17-container\" class=\"wpforms-field wpforms-field-text\" data-field-type=\"text\" data-field-id=\"17\"><label class=\"wpforms-field-label\" for=\"wpforms-3472-field_17\">Num\u00e9ro de cas CEC  <span class=\"wpforms-required-label\">*<\/span><\/label><input type=\"text\" id=\"wpforms-3472-field_17\" class=\"wpforms-field-medium wpforms-field-required\" name=\"wpforms[fields][17]\" required><\/div><div id=\"wpforms-3472-field_24-container\" class=\"wpforms-field wpforms-field-text\" data-field-type=\"text\" data-field-id=\"24\"><label class=\"wpforms-field-label\" for=\"wpforms-3472-field_24\">Num\u00e9ro de dossier de la passerelle  <span class=\"wpforms-required-label\">*<\/span><\/label><input type=\"text\" id=\"wpforms-3472-field_24\" class=\"wpforms-field-medium wpforms-field-required\" name=\"wpforms[fields][24]\" required><div class=\"wpforms-field-description\">S&#039;il n&#039;y a pas de Gateway Case, mettez N\/A<\/div><\/div><div id=\"wpforms-3472-field_21-container\" class=\"wpforms-field wpforms-field-text\" data-field-type=\"text\" data-field-id=\"21\"><label class=\"wpforms-field-label\" for=\"wpforms-3472-field_21\">Num\u00e9ro de mod\u00e8le de l&#039;\u00e9quipement <span class=\"wpforms-required-label\">*<\/span><\/label><input type=\"text\" id=\"wpforms-3472-field_21\" class=\"wpforms-field-medium wpforms-field-required\" name=\"wpforms[fields][21]\" required><\/div><div id=\"wpforms-3472-field_22-container\" class=\"wpforms-field wpforms-field-text\" data-field-type=\"text\" data-field-id=\"22\"><label class=\"wpforms-field-label\" for=\"wpforms-3472-field_22\">Num\u00e9ro de s\u00e9rie du mod\u00e8le d&#039;\u00e9quipement <span class=\"wpforms-required-label\">*<\/span><\/label><input type=\"text\" id=\"wpforms-3472-field_22\" class=\"wpforms-field-medium wpforms-field-required\" name=\"wpforms[fields][22]\" required><\/div><div id=\"wpforms-3472-field_20-container\" class=\"wpforms-field wpforms-field-name\" data-field-type=\"name\" data-field-id=\"20\"><label class=\"wpforms-field-label\" for=\"wpforms-3472-field_20\">Num\u00e9ro de succursale locale <span class=\"wpforms-required-label\">*<\/span><\/label><input type=\"text\" id=\"wpforms-3472-field_20\" class=\"wpforms-field-large wpforms-field-required\" name=\"wpforms[fields][20]\" required><\/div><div id=\"wpforms-3472-field_23-container\" class=\"wpforms-field wpforms-field-name\" data-field-type=\"name\" data-field-id=\"23\"><label class=\"wpforms-field-label\" for=\"wpforms-3472-field_23\">Exp\u00e9dier \u00e0 la succursale <span class=\"wpforms-required-label\">*<\/span><\/label><input type=\"text\" id=\"wpforms-3472-field_23\" class=\"wpforms-field-large wpforms-field-required\" name=\"wpforms[fields][23]\" required><\/div><div id=\"wpforms-3472-field_15-container\" class=\"wpforms-field wpforms-field-name\" data-field-type=\"name\" data-field-id=\"15\"><label class=\"wpforms-field-label\" for=\"wpforms-3472-field_15\">Nom de la soci\u00e9t\u00e9 de transport <span class=\"wpforms-required-label\">*<\/span><\/label><input type=\"text\" id=\"wpforms-3472-field_15\" class=\"wpforms-field-medium wpforms-field-required\" name=\"wpforms[fields][15]\" required><\/div><div id=\"wpforms-3472-field_12-container\" class=\"wpforms-field wpforms-field-date-time\" data-field-type=\"date-time\" data-field-id=\"12\"><label class=\"wpforms-field-label\" for=\"wpforms-3472-field_12\">Date d&#039;exp\u00e9dition <span class=\"wpforms-required-label\">*<\/span><\/label><div class=\"wpforms-datepicker-wrap\"><input type=\"text\" id=\"wpforms-3472-field_12\" class=\"wpforms-field-date-time-date wpforms-datepicker wpforms-field-required wpforms-field-medium\" data-date-format=\"m\/d\/Y\" data-disable-past-dates=\"0\" data-input=\"true\" name=\"wpforms[fields][12][date]\" required><a title=\"Effacer la date\" data-clear role=\"button\" tabindex=\"0\" class=\"wpforms-datepicker-clear\" aria-label=\"Effacer la date\" style=\"display:none;\"><\/a><\/div><div class=\"wpforms-field-description\">La date \u00e0 laquelle l&#039;unit\u00e9 a \u00e9t\u00e9 exp\u00e9di\u00e9e<\/div><\/div><div id=\"wpforms-3472-field_16-container\" class=\"wpforms-field wpforms-field-text\" data-field-type=\"text\" data-field-id=\"16\"><label class=\"wpforms-field-label\" for=\"wpforms-3472-field_16\">Num\u00e9ro de suivi <span class=\"wpforms-required-label\">*<\/span><\/label><input type=\"text\" id=\"wpforms-3472-field_16\" class=\"wpforms-field-medium wpforms-field-required\" name=\"wpforms[fields][16]\" required><\/div><div id=\"wpforms-3472-field_11-container\" class=\"wpforms-field wpforms-field-checkbox wpforms-list-3-columns\" data-field-type=\"checkbox\" data-field-id=\"11\"><label class=\"wpforms-field-label\">Possibilit\u00e9 de retour <span class=\"wpforms-required-label\">*<\/span><\/label><ul id=\"wpforms-3472-field_11\" class=\"wpforms-field-required\" data-choice-limit=\"1\"><li class=\"choice-4 depth-1\"><input type=\"checkbox\" id=\"wpforms-3472-field_11_4\" data-rule-check-limit=\"true\" name=\"wpforms[fields][11][]\" value=\"Damage for the LAB\" required><label class=\"wpforms-field-label-inline\" for=\"wpforms-3472-field_11_4\">Dommage pour le LAB<\/label><\/li><li class=\"choice-2 depth-1\"><input type=\"checkbox\" id=\"wpforms-3472-field_11_2\" data-rule-check-limit=\"true\" name=\"wpforms[fields][11][]\" value=\"Unit to be test in the LAB\" required><label class=\"wpforms-field-label-inline\" for=\"wpforms-3472-field_11_2\">Unit\u00e9 \u00e0 tester au LAB<\/label><\/li><li class=\"choice-5 depth-1\"><input type=\"checkbox\" id=\"wpforms-3472-field_11_5\" data-rule-check-limit=\"true\" name=\"wpforms[fields][11][]\" value=\"Unit for Dominic Poulin TSM Carrier\" required><label class=\"wpforms-field-label-inline\" for=\"wpforms-3472-field_11_5\">Unit\u00e9 pour Dominic Poulin TSM Carrier<\/label><\/li><\/ul><\/div><div id=\"wpforms-3472-field_2-container\" class=\"wpforms-field wpforms-field-textarea\" data-field-type=\"textarea\" data-field-id=\"2\"><label class=\"wpforms-field-label\" for=\"wpforms-3472-field_2\">Pourquoi cet appareil est-il retourn\u00e9  <span class=\"wpforms-required-label\">*<\/span><\/label><textarea id=\"wpforms-3472-field_2\" class=\"wpforms-field-medium wpforms-field-required\" name=\"wpforms[fields][2]\" required><\/textarea><\/div><\/div><!-- .wpforms-field-container --><div class=\"wpforms-field wpforms-field-hp\"><label for=\"wpforms-3472-field-hp\" class=\"wpforms-field-label\">Nom<\/label><input type=\"text\" name=\"wpforms[hp]\" id=\"wpforms-3472-field-hp\" class=\"wpforms-field-medium\"><\/div><div class=\"wpforms-recaptcha-container wpforms-is-recaptcha wpforms-is-recaptcha-type-v2\" ><div class=\"g-recaptcha\" data-sitekey=\"6Lc-Rn4jAAAAAAWITvLWBxsHY_hTbjYX9iiYxx6g\"><\/div><input type=\"text\" name=\"g-recaptcha-hidden\" class=\"wpforms-recaptcha-hidden\" style=\"position:absolute!important;clip:rect(0,0,0,0)!important;height:1px!important;width:1px!important;border:0!important;overflow:hidden!important;padding:0!important;margin:0!important;\" data-rule-recaptcha=\"1\"><\/div><div class=\"wpforms-submit-container\" ><input type=\"hidden\" name=\"wpforms[id]\" value=\"3472\"><input type=\"hidden\" name=\"page_title\" value=\"\"><input type=\"hidden\" name=\"page_url\" value=\"https:\/\/cectechsupport.com\/fr\/wp-json\/wp\/v2\/pages\/3508\"><input type=\"hidden\" name=\"url_referer\" value=\"\"><button type=\"submit\" name=\"wpforms[submit]\" id=\"wpforms-submit-3472\" class=\"wpforms-submit\" data-alt-text=\"Sending...\" data-submit-text=\"Send Form\" aria-live=\"assertive\" value=\"wpforms-submit\">Envoyer le formulaire<\/button><a href=\"#\" class=\"wpforms-save-resume-button\"><span>Enregistrer et reprendre plus tard<\/span><\/a><\/div><input type=\"hidden\" name=\"trp-form-language\" value=\"fr\"\/><\/form><\/div>  <!-- .wpforms-container -->\n<div class=\"wpforms-save-resume-confirmation\" id=\"wpforms-save-resume-confirmation-3472\" style=\"display: none\">\n\n\t\n\t<div class=\"message\">\n\t\t<p>Votre entr\u00e9e de formulaire a \u00e9t\u00e9 enregistr\u00e9e et un lien unique a \u00e9t\u00e9 cr\u00e9\u00e9 auquel vous pouvez acc\u00e9der pour reprendre ce formulaire.<\/p>\n<p>Entrez votre adresse e-mail pour recevoir le lien par e-mail. Vous pouvez \u00e9galement copier et enregistrer le lien ci-dessous.<\/p>\n<p>Veuillez noter que ce lien ne doit pas \u00eatre partag\u00e9 et expirera dans 30 jours, apr\u00e8s quoi votre entr\u00e9e de formulaire sera supprim\u00e9e.<\/p>\n\t<\/div>\n\n\t<div class=\"wpforms-save-resume-actions\">\n\t\t\t\t\t<div class=\"wpforms-field\">\n\t\t\t\t<label class=\"wpforms-field-label wpforms-save-resume-label\">\n\t\t\t\t\tCopier le lien\t\t\t\t<\/label>\n\t\t\t\t<div class=\"wpforms-save-resume-shortcode-container\">\n\t\t\t\t\t<input type=\"text\" class=\"wpforms-save-resume-shortcode\" value=\"\" disabled \/>\n\t\t\t\t\t<span class=\"wpforms-save-resume-shortcode-copy\" title=\"Copier le lien du CV dans le presse-papiers\">\n\t\t\t\t\t\t\t<span class=\"copy-icon\"><\/span>\n\t\t\t\t\t\t<\/span>\n\t\t\t\t<\/div>\n\t\t\t<\/div>\n\t\t\n\t\t\t\t\t<form class=\"wpforms-validate wpforms-form wpforms-save-resume-email-notification\" method=\"post\" action=\"\/fr\/wp-json\/wp\/v2\/pages\/3508\" data-token=\"2690560b505917d4f5971d35b792477e\" data-trp-original-action=\"\/fr\/wp-json\/wp\/v2\/pages\/3508\">\n\t\t\t\t<div class=\"wpforms-field wpforms-field-email\">\n\t\t\t\t\t<label class=\"wpforms-field-label wpforms-save-resume-label\">\n\t\t\t\t\t\tE-mail\t\t\t\t\t\t<span class=\"wpforms-required-label\">*<\/span>\n\t\t\t\t\t<\/label>\n\t\t\t\t\t<input type=\"email\" name=\"wpforms[save_resume_email]\" required>\n\t\t\t\t<\/div>\n\t\t\t\t<div class=\"wpforms-submit-container\">\n\t\t\t\t\t<input type=\"hidden\" id=\"_wpnonce\" name=\"_wpnonce\" value=\"6de2081781\" \/><input type=\"hidden\" name=\"_wp_http_referer\" value=\"\/fr\/wp-json\/wp\/v2\/pages\/3508\" \/>\t\t\t\t\t<input type=\"hidden\" name=\"wpforms[form_id]\" value=\"3472\">\n\t\t\t\t\t<input type=\"hidden\" name=\"wpforms[entry_id]\" class=\"wpforms-save-resume-entry-id\" value=\"\">\n\t\t\t\t\t<button type=\"submit\" name=\"wpforms[save-resume]\" class=\"wpforms-submit\" value=\"wpforms-submit\" disabled>\n\t\t\t\t\t\tEnvoyer un lien\t\t\t\t\t<\/button>\n\t\t\t\t<\/div>\n\t\t\t<input type=\"hidden\" name=\"trp-form-language\" value=\"fr\"\/><\/form>\n\t\t\t<\/div>\n<\/div>","protected":false},"excerpt":{"rendered":"","protected":false},"author":46,"featured_media":0,"parent":0,"menu_order":0,"comment_status":"closed","ping_status":"closed","template":"","meta":{"_coblocks_attr":"","_coblocks_dimensions":"","_coblocks_responsive_height":"","_coblocks_accordion_ie_support":"","_uag_custom_page_level_css":"","site-sidebar-layout":"default","site-content-layout":"","ast-site-content-layout":"default","site-content-style":"default","site-sidebar-style":"default","ast-global-header-display":"","ast-banner-title-visibility":"","ast-main-header-display":"","ast-hfb-above-header-display":"","ast-hfb-below-header-display":"","ast-hfb-mobile-header-display":"","site-post-title":"","ast-breadcrumbs-content":"","ast-featured-img":"","footer-sml-layout":"","theme-transparent-header-meta":"","adv-header-id-meta":"","stick-header-meta":"","header-above-stick-meta":"","header-main-stick-meta":"","header-below-stick-meta":"","astra-migrate-meta-layouts":"default","ast-page-background-enabled":"default","ast-page-background-meta":{"desktop":{"background-color":"","background-image":"","background-repeat":"repeat","background-position":"center center","background-size":"auto","background-attachment":"scroll","background-type":"","background-media":"","overlay-type":"","overlay-color":"","overlay-opacity":"","overlay-gradient":""},"tablet":{"background-color":"","background-image":"","background-repeat":"repeat","background-position":"center center","background-size":"auto","background-attachment":"scroll","background-type":"","background-media":"","overlay-type":"","overlay-color":"","overlay-opacity":"","overlay-gradient":""},"mobile":{"background-color":"","background-image":"","background-repeat":"repeat","background-position":"center center","background-size":"auto","background-attachment":"scroll","background-type":"","background-media":"","overlay-type":"","overlay-color":"","overlay-opacity":"","overlay-gradient":""}},"ast-content-background-meta":{"desktop":{"background-color":"var(--ast-global-color-5)","background-image":"","background-repeat":"repeat","background-position":"center center","background-size":"auto","background-attachment":"scroll","background-type":"","background-media":"","overlay-type":"","overlay-color":"","overlay-opacity":"","overlay-gradient":""},"tablet":{"background-color":"var(--ast-global-color-5)","background-image":"","background-repeat":"repeat","background-position":"center center","background-size":"auto","background-attachment":"scroll","background-type":"","background-media":"","overlay-type":"","overlay-color":"","overlay-opacity":"","overlay-gradient":""},"mobile":{"background-color":"var(--ast-global-color-5)","background-image":"","background-repeat":"repeat","background-position":"center center","background-size":"auto","background-attachment":"scroll","background-type":"","background-media":"","overlay-type":"","overlay-color":"","overlay-opacity":"","overlay-gradient":""}},"footnotes":""},"class_list":["post-3508","page","type-page","status-publish","hentry"],"uagb_featured_image_src":{"full":false,"thumbnail":false,"medium":false,"medium_large":false,"large":false,"1536x1536":false,"2048x2048":false,"trp-custom-language-flag":false,"woocommerce_thumbnail":false,"woocommerce_single":false,"woocommerce_gallery_thumbnail":false},"uagb_author_info":{"display_name":"Francois Lesperance","author_link":"https:\/\/cectechsupport.com\/fr\/author\/francois-lesperance\/"},"uagb_comment_info":0,"uagb_excerpt":null,"_links":{"self":[{"href":"https:\/\/cectechsupport.com\/fr\/wp-json\/wp\/v2\/pages\/3508","targetHints":{"allow":["GET"]}}],"collection":[{"href":"https:\/\/cectechsupport.com\/fr\/wp-json\/wp\/v2\/pages"}],"about":[{"href":"https:\/\/cectechsupport.com\/fr\/wp-json\/wp\/v2\/types\/page"}],"author":[{"embeddable":true,"href":"https:\/\/cectechsupport.com\/fr\/wp-json\/wp\/v2\/users\/46"}],"replies":[{"embeddable":true,"href":"https:\/\/cectechsupport.com\/fr\/wp-json\/wp\/v2\/comments?post=3508"}],"version-history":[{"count":1,"href":"https:\/\/cectechsupport.com\/fr\/wp-json\/wp\/v2\/pages\/3508\/revisions"}],"predecessor-version":[{"id":3509,"href":"https:\/\/cectechsupport.com\/fr\/wp-json\/wp\/v2\/pages\/3508\/revisions\/3509"}],"wp:attachment":[{"href":"https:\/\/cectechsupport.com\/fr\/wp-json\/wp\/v2\/media?parent=3508"}],"curies":[{"name":"wp","href":"https:\/\/api.w.org\/{rel}","templated":true}]}}