{"id":3539,"date":"2023-03-23T14:38:45","date_gmt":"2023-03-23T18:38:45","guid":{"rendered":"https:\/\/cectechsupport.com\/?page_id=3539"},"modified":"2024-07-07T08:45:30","modified_gmt":"2024-07-07T12:45:30","slug":"toshiba-heatpump","status":"publish","type":"page","link":"https:\/\/cectechsupport.com\/fr\/toshiba-heatpump\/","title":{"rendered":"Toshiba Pompe \u00e0 chaleur et r\u00e9cup\u00e9ration de chaleur"},"content":{"rendered":"<div class=\"wp-block-uagb-container uagb-block-48b1c65a alignfull uagb-is-root-container\"><div class=\"uagb-container-inner-blocks-wrap\">\n<div class=\"wp-block-uagb-container uagb-block-9487cae4\">\n<figure class=\"wp-block-image aligncenter size-medium\"><img loading=\"lazy\" decoding=\"async\" width=\"300\" height=\"300\" src=\"https:\/\/cectechsupport.com\/wp-content\/uploads\/2023\/03\/toshiba-carrier-vrf-outdoor-unit-500x500-2-300x300.webp\" alt=\"\" class=\"wp-image-3545\" srcset=\"https:\/\/cectechsupport.com\/wp-content\/uploads\/2023\/03\/toshiba-carrier-vrf-outdoor-unit-500x500-2-300x300.webp 300w, https:\/\/cectechsupport.com\/wp-content\/uploads\/2023\/03\/toshiba-carrier-vrf-outdoor-unit-500x500-2-150x150.webp 150w, https:\/\/cectechsupport.com\/wp-content\/uploads\/2023\/03\/toshiba-carrier-vrf-outdoor-unit-500x500-2-12x12.webp 12w, https:\/\/cectechsupport.com\/wp-content\/uploads\/2023\/03\/toshiba-carrier-vrf-outdoor-unit-500x500-2-100x100.webp 100w, https:\/\/cectechsupport.com\/wp-content\/uploads\/2023\/03\/toshiba-carrier-vrf-outdoor-unit-500x500-2.webp 500w\" sizes=\"auto, (max-width: 300px) 100vw, 300px\" \/><\/figure>\n\n\n\n<figure class=\"wp-block-image aligncenter size-medium\"><img loading=\"lazy\" decoding=\"async\" width=\"300\" height=\"169\" src=\"https:\/\/cectechsupport.com\/wp-content\/uploads\/2023\/03\/mini-vrf-image-1-300x169.jpg\" alt=\"\" class=\"wp-image-3542\" srcset=\"https:\/\/cectechsupport.com\/wp-content\/uploads\/2023\/03\/mini-vrf-image-1-300x169.jpg 300w, https:\/\/cectechsupport.com\/wp-content\/uploads\/2023\/03\/mini-vrf-image-1-1024x576.jpg 1024w, https:\/\/cectechsupport.com\/wp-content\/uploads\/2023\/03\/mini-vrf-image-1-768x432.jpg 768w, https:\/\/cectechsupport.com\/wp-content\/uploads\/2023\/03\/mini-vrf-image-1-1536x864.jpg 1536w, https:\/\/cectechsupport.com\/wp-content\/uploads\/2023\/03\/mini-vrf-image-1-18x10.jpg 18w, https:\/\/cectechsupport.com\/wp-content\/uploads\/2023\/03\/mini-vrf-image-1-600x338.jpg 600w, https:\/\/cectechsupport.com\/wp-content\/uploads\/2023\/03\/mini-vrf-image-1.jpg 1920w\" sizes=\"auto, (max-width: 300px) 100vw, 300px\" \/><\/figure>\n<\/div>\n\n\n\n<div class=\"wp-block-uagb-container uagb-block-10d4a916\">\n<figure class=\"wp-block-image aligncenter size-medium\"><img loading=\"lazy\" decoding=\"async\" width=\"203\" height=\"300\" src=\"https:\/\/cectechsupport.com\/wp-content\/uploads\/2023\/03\/carrier-nouveau-systeme-vrf-toshiba-1-203x300.jpg\" alt=\"\" class=\"wp-image-3544\" srcset=\"https:\/\/cectechsupport.com\/wp-content\/uploads\/2023\/03\/carrier-nouveau-systeme-vrf-toshiba-1-203x300.jpg 203w, https:\/\/cectechsupport.com\/wp-content\/uploads\/2023\/03\/carrier-nouveau-systeme-vrf-toshiba-1-8x12.jpg 8w, https:\/\/cectechsupport.com\/wp-content\/uploads\/2023\/03\/carrier-nouveau-systeme-vrf-toshiba-1.jpg 400w\" sizes=\"auto, (max-width: 203px) 100vw, 203px\" \/><\/figure>\n<\/div>\n\n\n\n<div class=\"wp-block-uagb-container uagb-block-201a9abf\">\n<p><a rel=\"noreferrer noopener\" href=\"https:\/\/www.shareddocs.com\/hvac\/docs\/1001\/Public\/01\/EB99850701.pdf\" target=\"_blank\">Manuel d&#039;installation Mini-VRF<\/a> <\/p>\n\n\n\n<p><a href=\"https:\/\/www.shareddocs.com\/hvac\/docs\/1001\/Public\/08\/E16-3P1-1.pdf\" target=\"_blank\" rel=\"noreferrer noopener\">Donn\u00e9es produit Mini-VRF<\/a><\/p>\n\n\n\n<p><a href=\"https:\/\/www.shareddocs.com\/hvac\/docs\/1001\/Public\/09\/EH99972301.pdf\" target=\"_blank\" rel=\"noreferrer noopener\">Manuel du propri\u00e9taire Mini-VRF<\/a><\/p>\n\n\n\n<p><a rel=\"noreferrer noopener\" href=\"https:\/\/www.shareddocs.com\/hvac\/docs\/1001\/Public\/01\/SVM-16062.pdf\" target=\"_blank\">Service manuel<\/a> SMMS<\/p>\n\n\n\n<p><a rel=\"noreferrer noopener\" href=\"https:\/\/www.shareddocs.com\/hvac\/docs\/1001\/Public\/07\/E16-001-3.pdf\" target=\"_blank\">Manuel des donn\u00e9es produit<\/a> SMMS<\/p>\n\n\n\n<p><a rel=\"noreferrer noopener\" href=\"https:\/\/www.shareddocs.com\/hvac\/docs\/1001\/Public\/02\/1117907101.pdf\" target=\"_blank\">Le manuel du propri\u00e9taire<\/a> SMMS<\/p>\n<\/div>\n\n\n\n<div class=\"wp-block-uagb-container uagb-block-bcaafe75\">\n<p><a rel=\"noreferrer noopener\" href=\"https:\/\/www.shareddocs.com\/hvac\/docs\/1001\/Public\/02\/1122001201_04.pdf\" target=\"_blank\">Manuel d&#039;installation Monophas\u00e9<\/a> SHRM<\/p>\n\n\n\n<p><a rel=\"noreferrer noopener\" href=\"https:\/\/www.shareddocs.com\/hvac\/docs\/1001\/Public\/0F\/1122001101-2.pdf\" target=\"_blank\">Installation Manuel<\/a> SHRM<\/p>\n\n\n\n<p><a rel=\"noreferrer noopener\" href=\"https:\/\/www.shareddocs.com\/hvac\/docs\/1010\/Public\/0C\/SVM-16081-14.pdf\" target=\"_blank\">Service manuel<\/a> SHRM<\/p>\n\n\n\n<p><a rel=\"noreferrer noopener\" href=\"https:\/\/www.shareddocs.com\/hvac\/docs\/1001\/Public\/0A\/E16-007-8.pdf\" target=\"_blank\">Donn\u00e9es du produit<\/a> SHRM<\/p>\n\n\n\n<p><a rel=\"noreferrer noopener\" href=\"https:\/\/www.shareddocs.com\/hvac\/docs\/1009\/Public\/0A\/112200201.pdf\" target=\"_blank\">Le manuel du propri\u00e9taire<\/a> SHRM<\/p>\n<\/div>\n<\/div><\/div>","protected":false},"excerpt":{"rendered":"<p>Manuel d&#039;installation Mini-VRF Donn\u00e9es produit Mini-VRF Manuel du propri\u00e9taire Mini-VRF Manuel d&#039;entretien Mini-VRF Manuel de donn\u00e9es produit SMMS Manuel du propri\u00e9taire SMMS Manuel d&#039;installation SMMS Manuel d&#039;installation SHRM monophas\u00e9 Manuel d&#039;entretien SHRM Donn\u00e9es produit SHRM Manuel du propri\u00e9taire SHRM<\/p>","protected":false},"author":46,"featured_media":0,"parent":0,"menu_order":0,"comment_status":"closed","ping_status":"closed","template":"","meta":{"_coblocks_attr":"","_coblocks_dimensions":"","_coblocks_responsive_height":"","_coblocks_accordion_ie_support":"","_uag_custom_page_level_css":"","site-sidebar-layout":"default","site-content-layout":"","ast-site-content-layout":"default","site-content-style":"default","site-sidebar-style":"default","ast-global-header-display":"","ast-banner-title-visibility":"","ast-main-header-display":"","ast-hfb-above-header-display":"","ast-hfb-below-header-display":"","ast-hfb-mobile-header-display":"","site-post-title":"","ast-breadcrumbs-content":"","ast-featured-img":"","footer-sml-layout":"","theme-transparent-header-meta":"","adv-header-id-meta":"","stick-header-meta":"","header-above-stick-meta":"","header-main-stick-meta":"","header-below-stick-meta":"","astra-migrate-meta-layouts":"default","ast-page-background-enabled":"default","ast-page-background-meta":{"desktop":{"background-color":"","background-image":"","background-repeat":"repeat","background-position":"center center","background-size":"auto","background-attachment":"scroll","background-type":"","background-media":"","overlay-type":"","overlay-color":"","overlay-opacity":"","overlay-gradient":""},"tablet":{"background-color":"","background-image":"","background-repeat":"repeat","background-position":"center center","background-size":"auto","background-attachment":"scroll","background-type":"","background-media":"","overlay-type":"","overlay-color":"","overlay-opacity":"","overlay-gradient":""},"mobile":{"background-color":"","background-image":"","background-repeat":"repeat","background-position":"center center","background-size":"auto","background-attachment":"scroll","background-type":"","background-media":"","overlay-type":"","overlay-color":"","overlay-opacity":"","overlay-gradient":""}},"ast-content-background-meta":{"desktop":{"background-color":"var(--ast-global-color-5)","background-image":"","background-repeat":"repeat","background-position":"center center","background-size":"auto","background-attachment":"scroll","background-type":"","background-media":"","overlay-type":"","overlay-color":"","overlay-opacity":"","overlay-gradient":""},"tablet":{"background-color":"var(--ast-global-color-5)","background-image":"","background-repeat":"repeat","background-position":"center center","background-size":"auto","background-attachment":"scroll","background-type":"","background-media":"","overlay-type":"","overlay-color":"","overlay-opacity":"","overlay-gradient":""},"mobile":{"background-color":"var(--ast-global-color-5)","background-image":"","background-repeat":"repeat","background-position":"center center","background-size":"auto","background-attachment":"scroll","background-type":"","background-media":"","overlay-type":"","overlay-color":"","overlay-opacity":"","overlay-gradient":""}},"footnotes":""},"class_list":["post-3539","page","type-page","status-publish","hentry"],"uagb_featured_image_src":{"full":false,"thumbnail":false,"medium":false,"medium_large":false,"large":false,"1536x1536":false,"2048x2048":false,"trp-custom-language-flag":false,"woocommerce_thumbnail":false,"woocommerce_single":false,"woocommerce_gallery_thumbnail":false},"uagb_author_info":{"display_name":"Francois Lesperance","author_link":"https:\/\/cectechsupport.com\/fr\/author\/francois-lesperance\/"},"uagb_comment_info":0,"uagb_excerpt":"Installation Manual Mini-VRF Product Data Mini-VRF Owner&#8217;s Manual Mini-VRF Service Manual SMMS Product Data Manual SMMS Owner&#8217;s Manual SMMS Installation Manual Single Phase SHRM Installation Manual SHRM Service Manual SHRM Product Data SHRM Owner&#8217;s Manual SHRM","_links":{"self":[{"href":"https:\/\/cectechsupport.com\/fr\/wp-json\/wp\/v2\/pages\/3539","targetHints":{"allow":["GET"]}}],"collection":[{"href":"https:\/\/cectechsupport.com\/fr\/wp-json\/wp\/v2\/pages"}],"about":[{"href":"https:\/\/cectechsupport.com\/fr\/wp-json\/wp\/v2\/types\/page"}],"author":[{"embeddable":true,"href":"https:\/\/cectechsupport.com\/fr\/wp-json\/wp\/v2\/users\/46"}],"replies":[{"embeddable":true,"href":"https:\/\/cectechsupport.com\/fr\/wp-json\/wp\/v2\/comments?post=3539"}],"version-history":[{"count":4,"href":"https:\/\/cectechsupport.com\/fr\/wp-json\/wp\/v2\/pages\/3539\/revisions"}],"predecessor-version":[{"id":43958,"href":"https:\/\/cectechsupport.com\/fr\/wp-json\/wp\/v2\/pages\/3539\/revisions\/43958"}],"wp:attachment":[{"href":"https:\/\/cectechsupport.com\/fr\/wp-json\/wp\/v2\/media?parent=3539"}],"curies":[{"name":"wp","href":"https:\/\/api.w.org\/{rel}","templated":true}]}}