{"id":43501,"date":"2023-05-10T11:48:37","date_gmt":"2023-05-10T15:48:37","guid":{"rendered":"https:\/\/cectechsupport.com\/?page_id=43501"},"modified":"2024-07-07T08:45:25","modified_gmt":"2024-07-07T12:45:25","slug":"questions-and-answers","status":"publish","type":"page","link":"https:\/\/cectechsupport.com\/fr\/questions-and-answers\/","title":{"rendered":"Questions et r\u00e9ponses"},"content":{"rendered":"<p>Les questions qui ont retenu notre attention sur les formations en ligne ou en pr\u00e9sentiel seront not\u00e9es ici et nous y r\u00e9pondrons au plus vite \u00e0 l&#039;appui de documents ou de vid\u00e9os.<\/p>\n\n\n\n<div class=\"wp-block-uagb-container uagb-block-5e9eb55d alignfull uagb-is-root-container\"><div class=\"uagb-container-inner-blocks-wrap\">\n<div class=\"wp-block-uagb-container uagb-block-7c3310fa\">\n<p>40MUAA\/38MURA Question : Est-ce que le ventilateur s&#039;arr\u00eatera pendant le d\u00e9givrage dans le sc\u00e9nario 1 ?<\/p>\n\n\n\n<p>Questions 40MBAB\u00a0: Puis-je utiliser le chauffage AUX si une erreur de communication se produit\u00a0? (EL01)<\/p>\n<\/div>\n\n\n\n<div class=\"wp-block-uagb-container uagb-block-0bfea419\">\n<p><a rel=\"noreferrer noopener\" href=\"https:\/\/cectechsupport.com\/fr\/40muaa-38mura-defrost-operation-scenario-1\/\" target=\"_blank\">Cliquez sur ce lien <\/a>40MUAA\/38MURA<\/p>\n\n\n\n<p><a href=\"https:\/\/cectechsupport.com\/fr\/40mbab-aux-heat-with-communication-issue\/\" data-type=\"link\" data-id=\"https:\/\/cectechsupport.com\/40mbab-aux-heat-with-communication-issue\/\">Cliquez sur ce lien<\/a> 40MBAB<\/p>\n<\/div>\n<\/div><\/div>","protected":false},"excerpt":{"rendered":"<p>Les questions qui ont retenu notre attention concernant la formation en ligne ou en pr\u00e9sentiel seront not\u00e9es ici et nous y r\u00e9pondrons le plus rapidement possible \u00e0 l&#039;aide de documents ou de vid\u00e9os. 40MUAA\/38MURA Question : Le ventilateur s&#039;arr\u00eatera-t-il pendant le d\u00e9givrage dans le sc\u00e9nario 1 ? Questions 40MBAB\u00a0: Puis-je utiliser le chauffage AUX si la communication [\u2026]<\/p>","protected":false},"author":46,"featured_media":0,"parent":0,"menu_order":0,"comment_status":"closed","ping_status":"closed","template":"","meta":{"_coblocks_attr":"","_coblocks_dimensions":"","_coblocks_responsive_height":"","_coblocks_accordion_ie_support":"","_uag_custom_page_level_css":"","site-sidebar-layout":"default","site-content-layout":"","ast-site-content-layout":"default","site-content-style":"default","site-sidebar-style":"default","ast-global-header-display":"","ast-banner-title-visibility":"","ast-main-header-display":"","ast-hfb-above-header-display":"","ast-hfb-below-header-display":"","ast-hfb-mobile-header-display":"","site-post-title":"","ast-breadcrumbs-content":"","ast-featured-img":"","footer-sml-layout":"","theme-transparent-header-meta":"","adv-header-id-meta":"","stick-header-meta":"","header-above-stick-meta":"","header-main-stick-meta":"","header-below-stick-meta":"","astra-migrate-meta-layouts":"set","ast-page-background-enabled":"default","ast-page-background-meta":{"desktop":{"background-color":"","background-image":"","background-repeat":"repeat","background-position":"center center","background-size":"auto","background-attachment":"scroll","background-type":"","background-media":"","overlay-type":"","overlay-color":"","overlay-opacity":"","overlay-gradient":""},"tablet":{"background-color":"","background-image":"","background-repeat":"repeat","background-position":"center center","background-size":"auto","background-attachment":"scroll","background-type":"","background-media":"","overlay-type":"","overlay-color":"","overlay-opacity":"","overlay-gradient":""},"mobile":{"background-color":"","background-image":"","background-repeat":"repeat","background-position":"center center","background-size":"auto","background-attachment":"scroll","background-type":"","background-media":"","overlay-type":"","overlay-color":"","overlay-opacity":"","overlay-gradient":""}},"ast-content-background-meta":{"desktop":{"background-color":"var(--ast-global-color-5)","background-image":"","background-repeat":"repeat","background-position":"center center","background-size":"auto","background-attachment":"scroll","background-type":"","background-media":"","overlay-type":"","overlay-color":"","overlay-opacity":"","overlay-gradient":""},"tablet":{"background-color":"var(--ast-global-color-5)","background-image":"","background-repeat":"repeat","background-position":"center center","background-size":"auto","background-attachment":"scroll","background-type":"","background-media":"","overlay-type":"","overlay-color":"","overlay-opacity":"","overlay-gradient":""},"mobile":{"background-color":"var(--ast-global-color-5)","background-image":"","background-repeat":"repeat","background-position":"center center","background-size":"auto","background-attachment":"scroll","background-type":"","background-media":"","overlay-type":"","overlay-color":"","overlay-opacity":"","overlay-gradient":""}},"footnotes":""},"class_list":["post-43501","page","type-page","status-publish","hentry"],"uagb_featured_image_src":{"full":false,"thumbnail":false,"medium":false,"medium_large":false,"large":false,"1536x1536":false,"2048x2048":false,"trp-custom-language-flag":false,"woocommerce_thumbnail":false,"woocommerce_single":false,"woocommerce_gallery_thumbnail":false},"uagb_author_info":{"display_name":"Francois Lesperance","author_link":"https:\/\/cectechsupport.com\/fr\/author\/francois-lesperance\/"},"uagb_comment_info":0,"uagb_excerpt":"The questions that have caught our attention to online or in-person training will be noted here and we will answers them as quick as possible with support of documents or videos. 40MUAA\/38MURA Question : Is the fan will stop during the defrost in scenario 1? 40MBAB Questions : Can I use AUX heat if Communication&hellip;","_links":{"self":[{"href":"https:\/\/cectechsupport.com\/fr\/wp-json\/wp\/v2\/pages\/43501","targetHints":{"allow":["GET"]}}],"collection":[{"href":"https:\/\/cectechsupport.com\/fr\/wp-json\/wp\/v2\/pages"}],"about":[{"href":"https:\/\/cectechsupport.com\/fr\/wp-json\/wp\/v2\/types\/page"}],"author":[{"embeddable":true,"href":"https:\/\/cectechsupport.com\/fr\/wp-json\/wp\/v2\/users\/46"}],"replies":[{"embeddable":true,"href":"https:\/\/cectechsupport.com\/fr\/wp-json\/wp\/v2\/comments?post=43501"}],"version-history":[{"count":7,"href":"https:\/\/cectechsupport.com\/fr\/wp-json\/wp\/v2\/pages\/43501\/revisions"}],"predecessor-version":[{"id":45781,"href":"https:\/\/cectechsupport.com\/fr\/wp-json\/wp\/v2\/pages\/43501\/revisions\/45781"}],"wp:attachment":[{"href":"https:\/\/cectechsupport.com\/fr\/wp-json\/wp\/v2\/media?parent=43501"}],"curies":[{"name":"wp","href":"https:\/\/api.w.org\/{rel}","templated":true}]}}