{"id":43649,"date":"2023-05-19T15:28:19","date_gmt":"2023-05-19T19:28:19","guid":{"rendered":"https:\/\/cectechsupport.com\/?page_id=43649"},"modified":"2024-07-07T08:45:24","modified_gmt":"2024-07-07T12:45:24","slug":"40muaa-38mura-defrost-operation-scenario-1","status":"publish","type":"page","link":"https:\/\/cectechsupport.com\/fr\/40muaa-38mura-defrost-operation-scenario-1\/","title":{"rendered":"40MUAA\/38MURA Op\u00e9ration de d\u00e9givrage sc\u00e9nario 1"},"content":{"rendered":"<figure class=\"wp-block-video coblocks-animate\" data-coblocks-animation=\"slideInBottom\"><video height=\"1280\" style=\"aspect-ratio: 720 \/ 1280;\" width=\"720\" controls src=\"https:\/\/cectechsupport.com\/wp-content\/uploads\/2023\/05\/Defrost-MURA-scenario-1.mp4\"><\/video><\/figure>","protected":false},"excerpt":{"rendered":"","protected":false},"author":46,"featured_media":0,"parent":0,"menu_order":0,"comment_status":"closed","ping_status":"closed","template":"","meta":{"_coblocks_attr":"","_coblocks_dimensions":"","_coblocks_responsive_height":"","_coblocks_accordion_ie_support":"","_uag_custom_page_level_css":"","site-sidebar-layout":"default","site-content-layout":"","ast-site-content-layout":"default","site-content-style":"default","site-sidebar-style":"default","ast-global-header-display":"","ast-banner-title-visibility":"","ast-main-header-display":"","ast-hfb-above-header-display":"","ast-hfb-below-header-display":"","ast-hfb-mobile-header-display":"","site-post-title":"","ast-breadcrumbs-content":"","ast-featured-img":"","footer-sml-layout":"","theme-transparent-header-meta":"","adv-header-id-meta":"","stick-header-meta":"","header-above-stick-meta":"","header-main-stick-meta":"","header-below-stick-meta":"","astra-migrate-meta-layouts":"default","ast-page-background-enabled":"default","ast-page-background-meta":{"desktop":{"background-color":"","background-image":"","background-repeat":"repeat","background-position":"center center","background-size":"auto","background-attachment":"scroll","background-type":"","background-media":"","overlay-type":"","overlay-color":"","overlay-opacity":"","overlay-gradient":""},"tablet":{"background-color":"","background-image":"","background-repeat":"repeat","background-position":"center center","background-size":"auto","background-attachment":"scroll","background-type":"","background-media":"","overlay-type":"","overlay-color":"","overlay-opacity":"","overlay-gradient":""},"mobile":{"background-color":"","background-image":"","background-repeat":"repeat","background-position":"center center","background-size":"auto","background-attachment":"scroll","background-type":"","background-media":"","overlay-type":"","overlay-color":"","overlay-opacity":"","overlay-gradient":""}},"ast-content-background-meta":{"desktop":{"background-color":"var(--ast-global-color-5)","background-image":"","background-repeat":"repeat","background-position":"center center","background-size":"auto","background-attachment":"scroll","background-type":"","background-media":"","overlay-type":"","overlay-color":"","overlay-opacity":"","overlay-gradient":""},"tablet":{"background-color":"var(--ast-global-color-5)","background-image":"","background-repeat":"repeat","background-position":"center center","background-size":"auto","background-attachment":"scroll","background-type":"","background-media":"","overlay-type":"","overlay-color":"","overlay-opacity":"","overlay-gradient":""},"mobile":{"background-color":"var(--ast-global-color-5)","background-image":"","background-repeat":"repeat","background-position":"center center","background-size":"auto","background-attachment":"scroll","background-type":"","background-media":"","overlay-type":"","overlay-color":"","overlay-opacity":"","overlay-gradient":""}},"footnotes":""},"class_list":["post-43649","page","type-page","status-publish","hentry"],"uagb_featured_image_src":{"full":false,"thumbnail":false,"medium":false,"medium_large":false,"large":false,"1536x1536":false,"2048x2048":false,"trp-custom-language-flag":false,"woocommerce_thumbnail":false,"woocommerce_single":false,"woocommerce_gallery_thumbnail":false},"uagb_author_info":{"display_name":"Francois Lesperance","author_link":"https:\/\/cectechsupport.com\/fr\/author\/francois-lesperance\/"},"uagb_comment_info":0,"uagb_excerpt":null,"_links":{"self":[{"href":"https:\/\/cectechsupport.com\/fr\/wp-json\/wp\/v2\/pages\/43649","targetHints":{"allow":["GET"]}}],"collection":[{"href":"https:\/\/cectechsupport.com\/fr\/wp-json\/wp\/v2\/pages"}],"about":[{"href":"https:\/\/cectechsupport.com\/fr\/wp-json\/wp\/v2\/types\/page"}],"author":[{"embeddable":true,"href":"https:\/\/cectechsupport.com\/fr\/wp-json\/wp\/v2\/users\/46"}],"replies":[{"embeddable":true,"href":"https:\/\/cectechsupport.com\/fr\/wp-json\/wp\/v2\/comments?post=43649"}],"version-history":[{"count":2,"href":"https:\/\/cectechsupport.com\/fr\/wp-json\/wp\/v2\/pages\/43649\/revisions"}],"predecessor-version":[{"id":43654,"href":"https:\/\/cectechsupport.com\/fr\/wp-json\/wp\/v2\/pages\/43649\/revisions\/43654"}],"wp:attachment":[{"href":"https:\/\/cectechsupport.com\/fr\/wp-json\/wp\/v2\/media?parent=43649"}],"curies":[{"name":"wp","href":"https:\/\/api.w.org\/{rel}","templated":true}]}}