{"id":45099,"date":"2024-01-22T16:23:38","date_gmt":"2024-01-22T21:23:38","guid":{"rendered":"https:\/\/cectechsupport.com\/?page_id=45099"},"modified":"2024-07-07T08:45:20","modified_gmt":"2024-07-07T12:45:20","slug":"combustion-air-calculator-form","status":"publish","type":"page","link":"https:\/\/cectechsupport.com\/fr\/combustion-air-calculator-form\/","title":{"rendered":"Formulaire de calcul de l&#039;air de combustion"},"content":{"rendered":"<div class=\"wpforms-container wpforms-container-full wpforms-form-abandonment wpforms-container-save-resume wpforms-block wpforms-block-2b41298a-8a4e-4e92-9525-4d3df469c903\" id=\"wpforms-45094\"><form id=\"wpforms-form-45094\" class=\"wpforms-validate wpforms-form wpforms-ajax-form\" data-formid=\"45094\" method=\"post\" enctype=\"multipart\/form-data\" action=\"\/fr\/wp-json\/wp\/v2\/pages\/45099\" data-token=\"5d135389dbdbed7507730fb196621cc8\" data-token-time=\"1777306990\" data-trp-original-action=\"\/fr\/wp-json\/wp\/v2\/pages\/45099\"><noscript class=\"wpforms-error-noscript\">Veuillez activer JavaScript dans votre navigateur pour remplir ce formulaire.<\/noscript><div class=\"wpforms-field-container\"><div id=\"wpforms-45094-field_1-container\" class=\"wpforms-field wpforms-field-radio wpforms-list-inline wpforms-conditional-trigger\" data-field-type=\"radio\" data-field-id=\"1\"><label class=\"wpforms-field-label\">Vous travaillez sur une fournaise 80% ou 90% ? <span class=\"wpforms-required-label\">*<\/span><\/label><ul id=\"wpforms-45094-field_1\" class=\"wpforms-field-required\"><li class=\"choice-1 depth-1\"><input type=\"radio\" id=\"wpforms-45094-field_1_1\" name=\"wpforms[fields][1]\" value=\"80%\" required><label class=\"wpforms-field-label-inline\" for=\"wpforms-45094-field_1_1\">80%<\/label><\/li><li class=\"choice-2 depth-1\"><input type=\"radio\" id=\"wpforms-45094-field_1_2\" name=\"wpforms[fields][1]\" value=\"90%\" required><label class=\"wpforms-field-label-inline\" for=\"wpforms-45094-field_1_2\">90%<\/label><\/li><\/ul><\/div><div id=\"wpforms-45094-field_3-container\" class=\"wpforms-field wpforms-field-layout\" data-field-type=\"layout\" data-field-id=\"3\"><div class=\"wpforms-field-layout-columns wpforms-field-layout-preset-33-33-33\"><div class=\"wpforms-layout-column wpforms-layout-column-33\" ><div id=\"wpforms-45094-field_2-container\" class=\"wpforms-field wpforms-field-text wpforms-conditional-field wpforms-conditional-show wpforms-conditional-trigger\" data-field-type=\"text\" data-field-id=\"2\" style=\"display:none;\"><label class=\"wpforms-field-label\" for=\"wpforms-45094-field_2\">Veuillez entrer le nombre TOTAL de BTU de tous les appareils au gaz install\u00e9s dans l&#039;espace. <span class=\"wpforms-required-label\">*<\/span><\/label><input type=\"text\" id=\"wpforms-45094-field_2\" class=\"wpforms-field-medium wpforms-field-required\" name=\"wpforms[fields][2]\" required><div class=\"wpforms-field-description\">Veuillez inclure la consommation totale de BTU des chauffe-eau, des s\u00e9cheuses, etc.<\/div><\/div><\/div><div class=\"wpforms-layout-column wpforms-layout-column-33\" ><div id=\"wpforms-45094-field_4-container\" class=\"wpforms-field wpforms-field-text wpforms-conditional-field wpforms-conditional-show wpforms-conditional-trigger wpforms-calculations-field\" data-field-type=\"text\" data-field-id=\"4\" style=\"display:none;\"><label class=\"wpforms-field-label\" for=\"wpforms-45094-field_4\">Vous avez besoin de autant de pieds cubes d\u2019air pour soutenir vos appareils.<\/label><input type=\"text\" id=\"wpforms-45094-field_4\" class=\"wpforms-field-medium\" name=\"wpforms[fields][4]\" readonly=\"readonly\" ><\/div><\/div><div class=\"wpforms-layout-column wpforms-layout-column-33\" ><\/div><\/div><\/div><div id=\"wpforms-45094-field_7-container\" class=\"wpforms-field wpforms-field-content wpforms-conditional-field wpforms-conditional-show\" data-field-type=\"content\" data-field-id=\"7\" style=\"display:none;\"><div id=\"wpforms-45094-field_7\" class=\"wpforms-field-medium wpforms-field-row\"><h4>Entrez maintenant la taille de la pi\u00e8ce o\u00f9 les appareils sont install\u00e9s.<\/h4>\n<div class=\"wpforms-field-content-display-frontend-clear\"><\/div><\/div><\/div><div id=\"wpforms-45094-field_6-container\" class=\"wpforms-field wpforms-field-layout\" data-field-type=\"layout\" data-field-id=\"6\"><div class=\"wpforms-field-layout-columns wpforms-field-layout-preset-25-25-25-25\"><div class=\"wpforms-layout-column wpforms-layout-column-25\" ><div id=\"wpforms-45094-field_8-container\" class=\"wpforms-field wpforms-field-text wpforms-conditional-field wpforms-conditional-show\" data-field-type=\"text\" data-field-id=\"8\" style=\"display:none;\"><label class=\"wpforms-field-label\" for=\"wpforms-45094-field_8\">Largeur de la pi\u00e8ce <span class=\"wpforms-required-label\">*<\/span><\/label><input type=\"text\" id=\"wpforms-45094-field_8\" class=\"wpforms-field-medium wpforms-field-required\" name=\"wpforms[fields][8]\" required><\/div><\/div><div class=\"wpforms-layout-column wpforms-layout-column-25\" ><div id=\"wpforms-45094-field_9-container\" class=\"wpforms-field wpforms-field-text wpforms-conditional-field wpforms-conditional-show\" data-field-type=\"text\" data-field-id=\"9\" style=\"display:none;\"><label class=\"wpforms-field-label\" for=\"wpforms-45094-field_9\">Longueur de la pi\u00e8ce <span class=\"wpforms-required-label\">*<\/span><\/label><input type=\"text\" id=\"wpforms-45094-field_9\" class=\"wpforms-field-medium wpforms-field-required\" name=\"wpforms[fields][9]\" required><\/div><\/div><div class=\"wpforms-layout-column wpforms-layout-column-25\" ><div id=\"wpforms-45094-field_10-container\" class=\"wpforms-field wpforms-field-text wpforms-conditional-field wpforms-conditional-show\" data-field-type=\"text\" data-field-id=\"10\" style=\"display:none;\"><label class=\"wpforms-field-label\" for=\"wpforms-45094-field_10\">Hauteur de la pi\u00e8ce <span class=\"wpforms-required-label\">*<\/span><\/label><input type=\"text\" id=\"wpforms-45094-field_10\" class=\"wpforms-field-medium wpforms-field-required\" name=\"wpforms[fields][10]\" required><\/div><\/div><div class=\"wpforms-layout-column wpforms-layout-column-25\" ><div id=\"wpforms-45094-field_11-container\" class=\"wpforms-field wpforms-field-text wpforms-conditional-field wpforms-conditional-show wpforms-conditional-trigger wpforms-calculations-field\" data-field-type=\"text\" data-field-id=\"11\" style=\"display:none;\"><label class=\"wpforms-field-label\" for=\"wpforms-45094-field_11\">L\u2019espace contient autant de pieds cubes d\u2019air.<\/label><input type=\"text\" id=\"wpforms-45094-field_11\" class=\"wpforms-field-medium\" name=\"wpforms[fields][11]\" readonly=\"readonly\" ><\/div><\/div><\/div><\/div><div id=\"wpforms-45094-field_12-container\" class=\"wpforms-field wpforms-field-text wpforms-conditional-field wpforms-conditional-show wpforms-calculations-field\" data-field-type=\"text\" data-field-id=\"12\" style=\"display:none;\"><label class=\"wpforms-field-label\" for=\"wpforms-45094-field_12\">Votre espace peut prendre en charge autant de BTU.<\/label><input type=\"text\" id=\"wpforms-45094-field_12\" class=\"wpforms-field-small\" name=\"wpforms[fields][12]\" readonly=\"readonly\" ><\/div><div id=\"wpforms-45094-field_13-container\" class=\"wpforms-field wpforms-field-hidden wpforms-conditional-trigger wpforms-calculations-field\" data-field-type=\"hidden\" data-field-id=\"13\"><input type=\"hidden\" id=\"wpforms-45094-field_13\" name=\"wpforms[fields][13]\"><\/div><div id=\"wpforms-45094-field_14-container\" class=\"wpforms-field wpforms-field-text wpforms-conditional-field wpforms-conditional-show wpforms-calculations-field\" data-field-type=\"text\" data-field-id=\"14\" style=\"display:none;\"><label class=\"wpforms-field-label\" for=\"wpforms-45094-field_14\">Vous devez ajouter suffisamment d&#039;air pour supporter autant de BTU suppl\u00e9mentaires.<\/label><input type=\"text\" id=\"wpforms-45094-field_14\" class=\"wpforms-field-small\" name=\"wpforms[fields][14]\" readonly=\"readonly\" ><\/div><div id=\"wpforms-45094-field_15-container\" class=\"wpforms-field wpforms-field-content wpforms-conditional-field wpforms-conditional-show\" data-field-type=\"content\" data-field-id=\"15\" style=\"display:none;\"><div id=\"wpforms-45094-field_15\" class=\"wpforms-field-medium wpforms-field-row\"><h4><strong>Toutes nos f\u00e9licitations!!! Vous disposez de suffisamment d\u2019air de combustion pour votre fournaise 80%.<\/strong><\/h4>\n<div class=\"wpforms-field-content-display-frontend-clear\"><\/div><\/div><\/div><div id=\"wpforms-45094-field_16-container\" class=\"wpforms-field wpforms-field-content wpforms-conditional-field wpforms-conditional-show\" data-field-type=\"content\" data-field-id=\"16\" style=\"display:none;\"><div id=\"wpforms-45094-field_16\" class=\"wpforms-field-medium wpforms-field-row\"><h4><strong>Toutes nos f\u00e9licitations!!! Vous disposez de suffisamment d\u2019air de combustion pour votre fournaise 90%. Vous pouvez utiliser 1 tuyau de ventilation.<\/strong><\/h4>\n<div class=\"wpforms-field-content-display-frontend-clear\"><\/div><\/div><\/div><div id=\"wpforms-45094-field_17-container\" class=\"wpforms-field wpforms-field-content wpforms-conditional-field wpforms-conditional-show\" data-field-type=\"content\" data-field-id=\"17\" style=\"display:none;\"><div id=\"wpforms-45094-field_17\" class=\"wpforms-field-medium wpforms-field-row\"><h4><strong>Vous n&#039;avez pas assez d&#039;air de combustion. Vous devez installer 2 tuyaux de ventilation, 1 pour l&#039;air frais et 1 pour l&#039;\u00e9vent d&#039;\u00e9vacuation.<\/strong><\/h4>\n<div class=\"wpforms-field-content-display-frontend-clear\"><\/div><\/div><\/div><div id=\"wpforms-45094-field_18-container\" class=\"wpforms-field wpforms-field-content wpforms-conditional-field wpforms-conditional-show\" data-field-type=\"content\" data-field-id=\"18\" style=\"display:none;\"><div id=\"wpforms-45094-field_18\" class=\"wpforms-field-medium wpforms-field-row\"><h4>Ou<\/h4>\n<div class=\"wpforms-field-content-display-frontend-clear\"><\/div><\/div><\/div><div id=\"wpforms-45094-field_19-container\" class=\"wpforms-field wpforms-field-content wpforms-conditional-field wpforms-conditional-show\" data-field-type=\"content\" data-field-id=\"19\" style=\"display:none;\"><div id=\"wpforms-45094-field_19\" class=\"wpforms-field-medium wpforms-field-row\"><h4><strong>Vous devrez ajouter de l&#039;air dans la pi\u00e8ce. Vous pouvez utiliser des grilles de transfert dans un autre espace pour obtenir de l&#039;air d&#039;une autre pi\u00e8ce ou obtenir de l&#039;air frais de l&#039;ext\u00e9rieur de la structure. Si vous installez des grilles de transfert dans une autre pi\u00e8ce, vous aurez besoin de 2 jeux de grilles, 1 jeu install\u00e9 en hauteur sur le mur et 1 jeu install\u00e9 en basse sur le mur.<\/strong><\/h4>\n<div class=\"wpforms-field-content-display-frontend-clear\"><\/div><\/div><\/div><div id=\"wpforms-45094-field_20-container\" class=\"wpforms-field wpforms-field-text wpforms-conditional-field wpforms-conditional-show wpforms-calculations-field\" data-field-type=\"text\" data-field-id=\"20\" style=\"display:none;\"><label class=\"wpforms-field-label\" for=\"wpforms-45094-field_20\">Vos grils doivent avoir autant de pouces carr\u00e9s GRATUITS d\u2019espace.<\/label><input type=\"text\" id=\"wpforms-45094-field_20\" class=\"wpforms-field-small\" name=\"wpforms[fields][20]\" readonly=\"readonly\" ><div class=\"wpforms-field-description\">Il ne s&#039;agit pas de la totalit\u00e9 de la surface du gril, mais de l&#039;ouverture r\u00e9elle de l&#039;espace libre du gril. Veuillez v\u00e9rifier aupr\u00e8s des donn\u00e9es du produit du fabricant pour trouver l&#039;espace libre du gril.<\/div><\/div><div id=\"wpforms-45094-field_21-container\" class=\"wpforms-field wpforms-field-text wpforms-conditional-field wpforms-conditional-show wpforms-calculations-field\" data-field-type=\"text\" data-field-id=\"21\" style=\"display:none;\"><label class=\"wpforms-field-label\" for=\"wpforms-45094-field_21\">La pi\u00e8ce \u00e0 laquelle ces grils doivent se connecter doit mesurer au moins autant de pieds cubes.<\/label><input type=\"text\" id=\"wpforms-45094-field_21\" class=\"wpforms-field-small\" name=\"wpforms[fields][21]\" readonly=\"readonly\" ><\/div><div id=\"wpforms-45094-field_22-container\" class=\"wpforms-field wpforms-field-text wpforms-conditional-field wpforms-conditional-show wpforms-conditional-trigger wpforms-calculations-field\" data-field-type=\"text\" data-field-id=\"22\" style=\"display:none;\"><label class=\"wpforms-field-label\" for=\"wpforms-45094-field_22\">La pi\u00e8ce doit mesurer au moins autant de pieds carr\u00e9s avec la hauteur de plafond existante que vous avez saisie.<\/label><input type=\"text\" id=\"wpforms-45094-field_22\" class=\"wpforms-field-small\" name=\"wpforms[fields][22]\" readonly=\"readonly\" ><\/div><div id=\"wpforms-45094-field_25-container\" class=\"wpforms-field wpforms-field-hidden\" data-field-type=\"hidden\" data-field-id=\"25\"><input type=\"hidden\" id=\"wpforms-45094-field_25\" name=\"wpforms[fields][25]\"><\/div><div id=\"wpforms-45094-field_24-container\" class=\"wpforms-field wpforms-field-hidden\" data-field-type=\"hidden\" data-field-id=\"24\"><input type=\"hidden\" id=\"wpforms-45094-field_24\" name=\"wpforms[fields][24]\"><\/div><div id=\"wpforms-45094-field_26-container\" class=\"wpforms-field wpforms-field-hidden\" data-field-type=\"hidden\" data-field-id=\"26\"><input type=\"hidden\" id=\"wpforms-45094-field_26\" name=\"wpforms[fields][26]\"><\/div><div id=\"wpforms-45094-field_30-container\" class=\"wpforms-field wpforms-field-radio wpforms-list-inline wpforms-conditional-field wpforms-conditional-show\" data-field-type=\"radio\" data-field-id=\"30\" style=\"display:none;\"><label class=\"wpforms-field-label\">Cet outil a-t-il r\u00e9pondu \u00e0 vos questions ? <span class=\"wpforms-required-label\">*<\/span><\/label><ul id=\"wpforms-45094-field_30\" class=\"wpforms-field-required\"><li class=\"choice-1 depth-1\"><input type=\"radio\" id=\"wpforms-45094-field_30_1\" name=\"wpforms[fields][30]\" value=\"Yes\" required><label class=\"wpforms-field-label-inline\" for=\"wpforms-45094-field_30_1\">Oui<\/label><\/li><li class=\"choice-2 depth-1\"><input type=\"radio\" id=\"wpforms-45094-field_30_2\" name=\"wpforms[fields][30]\" value=\"No\" required><label class=\"wpforms-field-label-inline\" for=\"wpforms-45094-field_30_2\">Non<\/label><\/li><\/ul><\/div><\/div><!-- .wpforms-field-container --><div class=\"wpforms-submit-container\" ><input type=\"hidden\" name=\"wpforms[id]\" value=\"45094\"><input type=\"hidden\" name=\"page_title\" value=\"\"><input type=\"hidden\" name=\"page_url\" value=\"https:\/\/cectechsupport.com\/fr\/wp-json\/wp\/v2\/pages\/45099\"><input type=\"hidden\" name=\"url_referer\" value=\"\"><button type=\"submit\" name=\"wpforms[submit]\" id=\"wpforms-submit-45094\" class=\"wpforms-submit wpf-calc-form\" data-alt-text=\"Sending...\" data-submit-text=\"Submit\" aria-live=\"assertive\" value=\"wpforms-submit\">Soumettre<\/button><img loading=\"lazy\" decoding=\"async\" src=\"https:\/\/cectechsupport.com\/wp-content\/plugins\/wpforms\/assets\/images\/submit-spin.svg\" class=\"wpforms-submit-spinner\" style=\"display: none;\" width=\"26\" height=\"26\" alt=\"Loading\"><\/div><input type=\"hidden\" name=\"trp-form-language\" value=\"fr\"\/><\/form><\/div>  <!-- .wpforms-container -->","protected":false},"excerpt":{"rendered":"","protected":false},"author":1,"featured_media":0,"parent":0,"menu_order":0,"comment_status":"closed","ping_status":"closed","template":"","meta":{"_coblocks_attr":"","_coblocks_dimensions":"","_coblocks_responsive_height":"","_coblocks_accordion_ie_support":"","_uag_custom_page_level_css":"","site-sidebar-layout":"default","site-content-layout":"","ast-site-content-layout":"default","site-content-style":"default","site-sidebar-style":"default","ast-global-header-display":"","ast-banner-title-visibility":"","ast-main-header-display":"","ast-hfb-above-header-display":"","ast-hfb-below-header-display":"","ast-hfb-mobile-header-display":"","site-post-title":"","ast-breadcrumbs-content":"","ast-featured-img":"","footer-sml-layout":"","theme-transparent-header-meta":"","adv-header-id-meta":"","stick-header-meta":"","header-above-stick-meta":"","header-main-stick-meta":"","header-below-stick-meta":"","astra-migrate-meta-layouts":"set","ast-page-background-enabled":"default","ast-page-background-meta":{"desktop":{"background-color":"","background-image":"","background-repeat":"repeat","background-position":"center center","background-size":"auto","background-attachment":"scroll","background-type":"","background-media":"","overlay-type":"","overlay-color":"","overlay-opacity":"","overlay-gradient":""},"tablet":{"background-color":"","background-image":"","background-repeat":"repeat","background-position":"center center","background-size":"auto","background-attachment":"scroll","background-type":"","background-media":"","overlay-type":"","overlay-color":"","overlay-opacity":"","overlay-gradient":""},"mobile":{"background-color":"","background-image":"","background-repeat":"repeat","background-position":"center center","background-size":"auto","background-attachment":"scroll","background-type":"","background-media":"","overlay-type":"","overlay-color":"","overlay-opacity":"","overlay-gradient":""}},"ast-content-background-meta":{"desktop":{"background-color":"var(--ast-global-color-5)","background-image":"","background-repeat":"repeat","background-position":"center center","background-size":"auto","background-attachment":"scroll","background-type":"","background-media":"","overlay-type":"","overlay-color":"","overlay-opacity":"","overlay-gradient":""},"tablet":{"background-color":"var(--ast-global-color-5)","background-image":"","background-repeat":"repeat","background-position":"center center","background-size":"auto","background-attachment":"scroll","background-type":"","background-media":"","overlay-type":"","overlay-color":"","overlay-opacity":"","overlay-gradient":""},"mobile":{"background-color":"var(--ast-global-color-5)","background-image":"","background-repeat":"repeat","background-position":"center center","background-size":"auto","background-attachment":"scroll","background-type":"","background-media":"","overlay-type":"","overlay-color":"","overlay-opacity":"","overlay-gradient":""}},"footnotes":""},"class_list":["post-45099","page","type-page","status-publish","hentry"],"uagb_featured_image_src":{"full":false,"thumbnail":false,"medium":false,"medium_large":false,"large":false,"1536x1536":false,"2048x2048":false,"trp-custom-language-flag":false,"woocommerce_thumbnail":false,"woocommerce_single":false,"woocommerce_gallery_thumbnail":false},"uagb_author_info":{"display_name":"Josh Goodman","author_link":"https:\/\/cectechsupport.com\/fr\/author\/joshg\/"},"uagb_comment_info":0,"uagb_excerpt":null,"_links":{"self":[{"href":"https:\/\/cectechsupport.com\/fr\/wp-json\/wp\/v2\/pages\/45099","targetHints":{"allow":["GET"]}}],"collection":[{"href":"https:\/\/cectechsupport.com\/fr\/wp-json\/wp\/v2\/pages"}],"about":[{"href":"https:\/\/cectechsupport.com\/fr\/wp-json\/wp\/v2\/types\/page"}],"author":[{"embeddable":true,"href":"https:\/\/cectechsupport.com\/fr\/wp-json\/wp\/v2\/users\/1"}],"replies":[{"embeddable":true,"href":"https:\/\/cectechsupport.com\/fr\/wp-json\/wp\/v2\/comments?post=45099"}],"version-history":[{"count":2,"href":"https:\/\/cectechsupport.com\/fr\/wp-json\/wp\/v2\/pages\/45099\/revisions"}],"predecessor-version":[{"id":45766,"href":"https:\/\/cectechsupport.com\/fr\/wp-json\/wp\/v2\/pages\/45099\/revisions\/45766"}],"wp:attachment":[{"href":"https:\/\/cectechsupport.com\/fr\/wp-json\/wp\/v2\/media?parent=45099"}],"curies":[{"name":"wp","href":"https:\/\/api.w.org\/{rel}","templated":true}]}}