{"id":45983,"date":"2025-02-13T12:53:03","date_gmt":"2025-02-13T17:53:03","guid":{"rendered":"https:\/\/cectechsupport.com\/?page_id=45983"},"modified":"2025-02-13T12:56:21","modified_gmt":"2025-02-13T17:56:21","slug":"technical-training","status":"publish","type":"page","link":"https:\/\/cectechsupport.com\/fr\/technical-training\/","title":{"rendered":"Formation technique"},"content":{"rendered":"<h3 class=\"wp-block-heading\"><strong>Vous avez parl\u00e9 et nous avons \u00e9cout\u00e9.<\/strong><\/h3>\n\n\n\n<h3 class=\"wp-block-heading has-text-align-center\"><strong>Pr\u00e9sentation <\/strong><\/h3>\n\n\n\n<div class=\"wp-block-uagb-image aligncenter uagb-block-7049b35f wp-block-uagb-image--layout-default wp-block-uagb-image--effect-static wp-block-uagb-image--align-center\"><figure class=\"wp-block-uagb-image__figure\"><a class=\"\" href=\"https:\/\/www.carrierenterprise.com\/\" target=\"_blank\" rel=\"noreferrer noopener\"><img decoding=\"async\" srcset=\"https:\/\/cematraining.com\/wp-content\/uploads\/2024\/08\/Block-1.png ,https:\/\/cematraining.com\/wp-content\/uploads\/2024\/08\/Block-1.png 780w, https:\/\/cematraining.com\/wp-content\/uploads\/2024\/08\/Block-1.png 360w\" sizes=\"auto, (max-width: 480px) 150px\" src=\"https:\/\/cematraining.com\/wp-content\/uploads\/2024\/08\/Block-1.png\" alt=\"\" class=\"uag-image-51125\" width=\"465\" height=\"252\" title=\"Bloc 1\" loading=\"lazy\" role=\"img\"\/><\/a><\/figure><\/div>\n\n\n\n<div style=\"height:37px\" aria-hidden=\"true\" class=\"wp-block-spacer\"><\/div>\n\n\n\n<h3 class=\"wp-block-heading has-text-align-center\"><strong>S&#039;il vous pla\u00eet visitez <a href=\"https:\/\/www.carrierenterprise.com\" target=\"_blank\" rel=\"noreferrer noopener\">Carrierenterprise.ca<\/a> ou votre application HVAC Pro+<\/strong>.<\/h3>\n\n\n\n<h3 class=\"wp-block-heading has-text-align-center\"><strong>Inscrivez-vous ou connectez-vous \u00e0 <a href=\"https:\/\/www.carrierenterprise.com\" target=\"_blank\" rel=\"noreferrer noopener\">Carrierenterprise.ca<\/a> ou votre application HVAC Pro+<\/strong>.<\/h3>\n\n\n\n<h3 class=\"wp-block-heading has-text-align-center\"><strong>Recherchez CE PATH en haut \u00e0 droite de votre \u00e9cran.<\/strong><\/h3>\n\n\n\n<h3 class=\"wp-block-heading has-text-align-center\"><strong>Veuillez visiter <a href=\"https:\/\/www.carrierenterprise.com\/\" target=\"_blank\" rel=\"noreferrer noopener\">Carrierenterprise.ca<\/a> pour ajouter tous les \u00e9l\u00e9ments personnels de votre entreprise \u00e0 votre compte professionnel.<\/strong><\/h3>\n\n\n\n<h3 class=\"wp-block-heading has-text-align-center\"><strong>Cliquez <a href=\"https:\/\/help.carrierenterprise.com\/s\/article\/How-do-I-create-accounts-for-people-from-my-company\" target=\"_blank\" rel=\"noreferrer noopener\">ICI<\/a> pour en savoir plus sur la fa\u00e7on d&#039;ajouter des personnes \u00e0 votre compte d&#039;entreprise.<\/strong><\/h3>","protected":false},"excerpt":{"rendered":"<p>Vous avez parl\u00e9 et nous vous avons \u00e9cout\u00e9. Pr\u00e9sentation\u00a0: Visitez Carrierenterprise.ca ou votre application HVAC Pro+. Inscrivez-vous ou connectez-vous \u00e0 Carrierenterprise.ca ou \u00e0 votre application HVAC Pro+. Recherchez CE PATH en haut \u00e0 droite de votre \u00e9cran. Visitez Carrierenterprise.ca pour ajouter tous les renseignements personnels de votre entreprise \u00e0 votre compte professionnel. Cliquez ICI pour en savoir plus sur [\u2026]<\/p>","protected":false},"author":1,"featured_media":0,"parent":0,"menu_order":0,"comment_status":"closed","ping_status":"closed","template":"","meta":{"_coblocks_attr":"","_coblocks_dimensions":"","_coblocks_responsive_height":"","_coblocks_accordion_ie_support":"","_uag_custom_page_level_css":"","site-sidebar-layout":"default","site-content-layout":"","ast-site-content-layout":"default","site-content-style":"default","site-sidebar-style":"default","ast-global-header-display":"","ast-banner-title-visibility":"","ast-main-header-display":"","ast-hfb-above-header-display":"","ast-hfb-below-header-display":"","ast-hfb-mobile-header-display":"","site-post-title":"","ast-breadcrumbs-content":"","ast-featured-img":"","footer-sml-layout":"","theme-transparent-header-meta":"","adv-header-id-meta":"","stick-header-meta":"","header-above-stick-meta":"","header-main-stick-meta":"","header-below-stick-meta":"","astra-migrate-meta-layouts":"set","ast-page-background-enabled":"default","ast-page-background-meta":{"desktop":{"background-color":"","background-image":"","background-repeat":"repeat","background-position":"center center","background-size":"auto","background-attachment":"scroll","background-type":"","background-media":"","overlay-type":"","overlay-color":"","overlay-opacity":"","overlay-gradient":""},"tablet":{"background-color":"","background-image":"","background-repeat":"repeat","background-position":"center center","background-size":"auto","background-attachment":"scroll","background-type":"","background-media":"","overlay-type":"","overlay-color":"","overlay-opacity":"","overlay-gradient":""},"mobile":{"background-color":"","background-image":"","background-repeat":"repeat","background-position":"center center","background-size":"auto","background-attachment":"scroll","background-type":"","background-media":"","overlay-type":"","overlay-color":"","overlay-opacity":"","overlay-gradient":""}},"ast-content-background-meta":{"desktop":{"background-color":"var(--ast-global-color-5)","background-image":"","background-repeat":"repeat","background-position":"center center","background-size":"auto","background-attachment":"scroll","background-type":"","background-media":"","overlay-type":"","overlay-color":"","overlay-opacity":"","overlay-gradient":""},"tablet":{"background-color":"var(--ast-global-color-5)","background-image":"","background-repeat":"repeat","background-position":"center center","background-size":"auto","background-attachment":"scroll","background-type":"","background-media":"","overlay-type":"","overlay-color":"","overlay-opacity":"","overlay-gradient":""},"mobile":{"background-color":"var(--ast-global-color-5)","background-image":"","background-repeat":"repeat","background-position":"center center","background-size":"auto","background-attachment":"scroll","background-type":"","background-media":"","overlay-type":"","overlay-color":"","overlay-opacity":"","overlay-gradient":""}},"footnotes":""},"class_list":["post-45983","page","type-page","status-publish","hentry"],"uagb_featured_image_src":{"full":false,"thumbnail":false,"medium":false,"medium_large":false,"large":false,"1536x1536":false,"2048x2048":false,"trp-custom-language-flag":false,"woocommerce_thumbnail":false,"woocommerce_single":false,"woocommerce_gallery_thumbnail":false},"uagb_author_info":{"display_name":"Josh Goodman","author_link":"https:\/\/cectechsupport.com\/fr\/author\/joshg\/"},"uagb_comment_info":0,"uagb_excerpt":"You spoke and we listened. Introducing Please Visit Carrierenterprise.ca or your HVAC Pro+ App. Register or sign-in to Carrierenterprise.ca or your HVAC Pro+ App. Look for CE PATH in the top right of your screen. Please visit Carrierenterprise.ca to add all of your company personal to your business account. Click HERE to learn more on&hellip;","_links":{"self":[{"href":"https:\/\/cectechsupport.com\/fr\/wp-json\/wp\/v2\/pages\/45983","targetHints":{"allow":["GET"]}}],"collection":[{"href":"https:\/\/cectechsupport.com\/fr\/wp-json\/wp\/v2\/pages"}],"about":[{"href":"https:\/\/cectechsupport.com\/fr\/wp-json\/wp\/v2\/types\/page"}],"author":[{"embeddable":true,"href":"https:\/\/cectechsupport.com\/fr\/wp-json\/wp\/v2\/users\/1"}],"replies":[{"embeddable":true,"href":"https:\/\/cectechsupport.com\/fr\/wp-json\/wp\/v2\/comments?post=45983"}],"version-history":[{"count":4,"href":"https:\/\/cectechsupport.com\/fr\/wp-json\/wp\/v2\/pages\/45983\/revisions"}],"predecessor-version":[{"id":45989,"href":"https:\/\/cectechsupport.com\/fr\/wp-json\/wp\/v2\/pages\/45983\/revisions\/45989"}],"wp:attachment":[{"href":"https:\/\/cectechsupport.com\/fr\/wp-json\/wp\/v2\/media?parent=45983"}],"curies":[{"name":"wp","href":"https:\/\/api.w.org\/{rel}","templated":true}]}}