{"id":82,"date":"2022-03-16T21:07:19","date_gmt":"2022-03-16T21:07:19","guid":{"rendered":"https:\/\/cectechsupport.com\/?page_id=82"},"modified":"2025-03-13T17:50:32","modified_gmt":"2025-03-13T21:50:32","slug":"home-main","status":"publish","type":"page","link":"https:\/\/cectechsupport.com\/fr\/","title":{"rendered":"Accueil principal"},"content":{"rendered":"<h1 class=\"wp-block-heading has-text-align-center has-custom-font has-black-color has-text-color\" id=\"welcome-to-carrier-enterprise-s-training-site\">BIENVENUE SUR LE SITE D&#039;ASSISTANCE TECHNIQUE DE CARRIER ENTERPRISE<\/h1>\n\n\n\n<section class=\"wp-block-uagb-columns uagb-columns__wrap uagb-columns__background-none uagb-columns__stack-mobile uagb-columns__valign- uagb-columns__gap-10 align uagb-block-daf80161 uagb-columns__columns-3 uagb-columns__max_width-theme\"><div class=\"uagb-columns__overlay\"><\/div><div class=\"uagb-columns__inner-wrap uagb-columns__columns-3\">\n<div class=\"wp-block-uagb-column uagb-column__wrap uagb-column__background-undefined uagb-block-7f710d73\"><div class=\"uagb-column__overlay\"><\/div><\/div>\n\n\n\n<div class=\"wp-block-uagb-column uagb-column__wrap uagb-column__background-undefined uagb-block-72e13f6b\"><div class=\"uagb-column__overlay\"><\/div>\n<figure class=\"wp-block-image aligncenter size-full\"><img loading=\"lazy\" decoding=\"async\" width=\"200\" height=\"200\" src=\"https:\/\/cectechsupport.com\/wp-content\/uploads\/2023\/08\/ce-2023-logo-blk_sq-transp-2-200x200-1.png\" alt=\"\" class=\"wp-image-44005\" srcset=\"https:\/\/cectechsupport.com\/wp-content\/uploads\/2023\/08\/ce-2023-logo-blk_sq-transp-2-200x200-1.png 200w, https:\/\/cectechsupport.com\/wp-content\/uploads\/2023\/08\/ce-2023-logo-blk_sq-transp-2-200x200-1-150x150.png 150w, https:\/\/cectechsupport.com\/wp-content\/uploads\/2023\/08\/ce-2023-logo-blk_sq-transp-2-200x200-1-12x12.png 12w, https:\/\/cectechsupport.com\/wp-content\/uploads\/2023\/08\/ce-2023-logo-blk_sq-transp-2-200x200-1-100x100.png 100w\" sizes=\"auto, (max-width: 200px) 100vw, 200px\" \/><\/figure>\n<\/div>\n\n\n\n<div class=\"wp-block-uagb-column uagb-column__wrap uagb-column__background-undefined uagb-block-bfd77f9b\"><div class=\"uagb-column__overlay\"><\/div><\/div>\n<\/div><\/section>\n\n\n\n<p class=\"has-black-color has-text-color\">Bienvenue sur le site de support technique de Carrier Enterprise, con\u00e7u par des techniciens CVC pour des techniciens CVC.<br>Alors que les produits continuent d&#039;\u00eatre am\u00e9lior\u00e9s avec des am\u00e9liorations et des avanc\u00e9es technologiques qui sont int\u00e9gr\u00e9es \u00e0 l&#039;\u00e9quipement, notre objectif est d&#039;aider les techniciens CVC d&#039;aujourd&#039;hui \u00e0 acqu\u00e9rir une meilleure compr\u00e9hension de l&#039;installation, du fonctionnement et de l&#039;entretien des \u00e9quipements Carrier, Bryant et Payne.<\/p>\n\n\n\n<p class=\"has-black-color has-text-color\">Nous commen\u00e7ons par fournir une instruction de premi\u00e8re classe \u00e0 chaque technicien qui assiste \u00e0 notre formation. Notre objectif est d&#039;am\u00e9liorer le niveau de connaissances de chaque technicien dans les fondamentaux du CVC, ainsi que dans les domaines des \u00e9quipements Carrier, Bryant et Payne. En cons\u00e9quence, l&#039;efficacit\u00e9 de l&#039;installation et du d\u00e9pannage augmentera, entra\u00eenant une augmentation de la rentabilit\u00e9 de votre technicien. Que ce soit dans nos salles de formation ou en utilisant notre nouvelle salle de classe virtuelle sur le Web, vos techniciens recevront une formation sans pareille.<\/p>\n\n\n\n<p class=\"has-black-color has-text-color\">&nbsp;Tous les cours de formation technique en personne, Zoom et auto-apprentissage sont \u00e9ligibles aux heures de formation continue NATE.<\/p>\n\n\n\n<div class=\"inherit-container-width wp-block-group is-layout-constrained wp-block-group-is-layout-constrained\"><div class=\"wp-block-group__inner-container\">\n<hr class=\"wp-block-separator has-text-color has-black-color has-css-opacity has-black-background-color has-background is-style-wide\"\/>\n\n\n\n<h1 class=\"wp-block-heading has-text-align-center\" id=\"new-request-video-technical-support-with-your-ce-app\"><mark style=\"background-color:rgba(0, 0, 0, 0)\" class=\"has-inline-color has-black-color\">Demandez une assistance technique avec votre application CE<\/mark><\/h1>\n\n\n\n<p><mark style=\"background-color:rgba(0, 0, 0, 0)\" class=\"has-inline-color has-black-color\">NOUVEAU dans l&#039;application CE est l&#039;assistance technique vid\u00e9o, elle permet aux techniciens de montrer \u00e0 un repr\u00e9sentant du support technique ce qu&#039;ils voient ou le TSR pour aider \u00e0 guider le technicien l\u00e0 o\u00f9 il doit \u00eatre, en utilisant la cam\u00e9ra de l&#039;appareil mobile. T\u00e9l\u00e9chargez l&#039;application CE - Contractor Assist d\u00e8s aujourd&#039;hui pour demander une assistance technique vid\u00e9o. Une fois connect\u00e9, soumettez une demande d&#039;assistance technique vid\u00e9o. Si vous n&#039;avez pas de login, veuillez contacter l&#039;administrateur de votre entreprise et lui demander de vous ajouter au profil de l&#039;entreprise, <\/mark><mark style=\"background-color:rgba(0, 0, 0, 0)\" class=\"has-inline-color has-vivid-red-color\"><a rel=\"noreferrer noopener\" href=\"http:\/\/ce.carrierenterprise.com\/website-tutorials\" target=\"_blank\">ajouter un associ\u00e9 \u00e0 l&#039;application CE<\/a>.<\/mark><mark style=\"background-color:rgba(0, 0, 0, 0)\" class=\"has-inline-color has-black-color\">  UN <\/mark>Repr\u00e9sentant du soutien technique<mark style=\"background-color:rgba(0, 0, 0, 0)\" class=\"has-inline-color has-black-color\"> vous rappellera d\u00e8s que possible pour vous aider \u00e0 r\u00e9soudre les probl\u00e8mes, la vid\u00e9o peut ne pas \u00eatre n\u00e9cessaire pour chaque demande.  <\/mark><\/p>\n\n\n\n<div class=\"wp-block-columns is-layout-flex wp-container-core-columns-is-layout-28f84493 wp-block-columns-is-layout-flex\">\n<div class=\"wp-block-column is-vertically-aligned-top is-layout-constrained wp-container-core-column-is-layout-a839da79 wp-block-column-is-layout-constrained\" style=\"flex-basis:200px\"><\/div>\n\n\n\n<div class=\"wp-block-column is-layout-flow wp-block-column-is-layout-flow\" style=\"flex-basis:400px\">\n<figure class=\"wp-block-embed is-type-video is-provider-vimeo wp-block-embed-vimeo wp-embed-aspect-16-9 wp-has-aspect-ratio\"><div class=\"wp-block-embed__wrapper\">\n<iframe loading=\"lazy\" src=\"https:\/\/player.vimeo.com\/video\/609943097?dnt=1&amp;app_id=122963\" width=\"500\" height=\"281\" frameborder=\"0\" allow=\"autoplay; fullscreen; picture-in-picture; clipboard-write; encrypted-media\"><\/iframe>\n<\/div><\/figure>\n<\/div>\n\n\n\n<div class=\"wp-block-column is-layout-flow wp-block-column-is-layout-flow\" style=\"flex-basis:400px\">\n<h2 class=\"wp-block-heading has-text-align-center has-ast-global-color-8-color has-text-color\"><strong>Obtenez l&#039;application CE<\/strong><\/h2>\n\n\n\n<figure class=\"wp-block-image aligncenter size-large is-resized\"><a href=\"http:\/\/apps.apple.com\/us\/app\/ce-hvac-contractor-assist\/id512637219?itsct=apps_box_link&amp;itscg=30200\" target=\"_blank\" rel=\"noopener\"><img decoding=\"async\" src=\"https:\/\/cematraining.com\/wp-content\/uploads\/2021\/06\/apple-black.png\" alt=\"\" class=\"wp-image-30341\" style=\"width:144px;height:48px\"\/><\/a><\/figure>\n\n\n\n<figure class=\"wp-block-image aligncenter size-large is-resized\"><a href=\"https:\/\/play.google.com\/store\/apps\/details?id=com.es.CE\" target=\"_blank\" rel=\"noopener\"><img decoding=\"async\" src=\"https:\/\/cematraining.com\/wp-content\/uploads\/2021\/06\/Google.png\" alt=\"\" class=\"wp-image-30343\" style=\"width:166px;height:50px\"\/><\/a><\/figure>\n<\/div>\n<\/div>\n\n\n\n<hr class=\"wp-block-separator has-text-color has-black-color has-css-opacity has-black-background-color has-background is-style-wide\"\/>\n\n\n\n\n\n<hr class=\"wp-block-separator has-text-color has-black-color has-css-opacity has-black-background-color has-background is-style-wide\"\/>\n\n\n\n<h2 class=\"wp-block-heading has-text-align-center\" id=\"meet-the-team\"><strong><a href=\"https:\/\/cectechsupport.com\/fr\/meet-the-team\/\">Rencontrer l&#039;\u00e9quipe<\/a><\/strong><\/h2>\n\n\n\n<hr class=\"wp-block-separator has-text-color has-black-color has-css-opacity has-black-background-color has-background is-style-default\"\/>\n\n\n\n<figure class=\"wp-block-image aligncenter size-full\"><a href=\"https:\/\/cectechsupport.com\/fr\/questions-and-answers\/\" target=\"_blank\" rel=\"noreferrer noopener\"><img loading=\"lazy\" decoding=\"async\" width=\"297\" height=\"180\" src=\"https:\/\/cectechsupport.com\/wp-content\/uploads\/2023\/05\/QandA.jpg\" alt=\"\" class=\"wp-image-43500\" srcset=\"https:\/\/cectechsupport.com\/wp-content\/uploads\/2023\/05\/QandA.jpg 297w, https:\/\/cectechsupport.com\/wp-content\/uploads\/2023\/05\/QandA-18x12.jpg 18w\" sizes=\"auto, (max-width: 297px) 100vw, 297px\" \/><\/a><\/figure>\n<\/div><\/div>","protected":false},"excerpt":{"rendered":"<p>BIENVENUE SUR LE SITE D&#039;ASSISTANCE TECHNIQUE DE CARRIER ENTERPRISE Bienvenue sur le site d&#039;assistance technique de Carrier Enterprise, construit par des techniciens CVC pour les techniciens CVC. Alors que les produits continuent d&#039;\u00eatre am\u00e9lior\u00e9s avec des am\u00e9liorations et des avanc\u00e9es technologiques int\u00e9gr\u00e9es \u00e0 l&#039;\u00e9quipement, notre objectif est d&#039;aider les techniciens CVC d&#039;aujourd&#039;hui \u00e0 acqu\u00e9rir un meilleure compr\u00e9hension de l&#039;installation, du fonctionnement et de l&#039;entretien de [\u2026]<\/p>","protected":false},"author":1,"featured_media":0,"parent":0,"menu_order":0,"comment_status":"closed","ping_status":"closed","template":"","meta":{"_coblocks_attr":"","_coblocks_dimensions":"","_coblocks_responsive_height":"","_coblocks_accordion_ie_support":"","_uag_custom_page_level_css":"","site-sidebar-layout":"right-sidebar","site-content-layout":"plain-container","ast-site-content-layout":"normal-width-container","site-content-style":"unboxed","site-sidebar-style":"unboxed","ast-global-header-display":"","ast-banner-title-visibility":"","ast-main-header-display":"","ast-hfb-above-header-display":"","ast-hfb-below-header-display":"","ast-hfb-mobile-header-display":"","site-post-title":"disabled","ast-breadcrumbs-content":"","ast-featured-img":"","footer-sml-layout":"","theme-transparent-header-meta":"default","adv-header-id-meta":"","stick-header-meta":"","header-above-stick-meta":"","header-main-stick-meta":"","header-below-stick-meta":"","astra-migrate-meta-layouts":"set","ast-page-background-enabled":"default","ast-page-background-meta":{"desktop":{"background-color":"","background-image":"","background-repeat":"repeat","background-position":"center center","background-size":"auto","background-attachment":"scroll","background-type":"","background-media":"","overlay-type":"","overlay-color":"","overlay-opacity":"","overlay-gradient":""},"tablet":{"background-color":"","background-image":"","background-repeat":"repeat","background-position":"center center","background-size":"auto","background-attachment":"scroll","background-type":"","background-media":"","overlay-type":"","overlay-color":"","overlay-opacity":"","overlay-gradient":""},"mobile":{"background-color":"","background-image":"","background-repeat":"repeat","background-position":"center center","background-size":"auto","background-attachment":"scroll","background-type":"","background-media":"","overlay-type":"","overlay-color":"","overlay-opacity":"","overlay-gradient":""}},"ast-content-background-meta":{"desktop":{"background-color":"var(--ast-global-color-5)","background-image":"","background-repeat":"repeat","background-position":"center center","background-size":"auto","background-attachment":"scroll","background-type":"","background-media":"","overlay-type":"","overlay-color":"","overlay-opacity":"","overlay-gradient":""},"tablet":{"background-color":"var(--ast-global-color-5)","background-image":"","background-repeat":"repeat","background-position":"center center","background-size":"auto","background-attachment":"scroll","background-type":"","background-media":"","overlay-type":"","overlay-color":"","overlay-opacity":"","overlay-gradient":""},"mobile":{"background-color":"var(--ast-global-color-5)","background-image":"","background-repeat":"repeat","background-position":"center center","background-size":"auto","background-attachment":"scroll","background-type":"","background-media":"","overlay-type":"","overlay-color":"","overlay-opacity":"","overlay-gradient":""}},"footnotes":""},"class_list":["post-82","page","type-page","status-publish","hentry"],"uagb_featured_image_src":{"full":false,"thumbnail":false,"medium":false,"medium_large":false,"large":false,"1536x1536":false,"2048x2048":false,"trp-custom-language-flag":false,"woocommerce_thumbnail":false,"woocommerce_single":false,"woocommerce_gallery_thumbnail":false},"uagb_author_info":{"display_name":"Josh Goodman","author_link":"https:\/\/cectechsupport.com\/fr\/author\/joshg\/"},"uagb_comment_info":0,"uagb_excerpt":"WELCOME TO CARRIER ENTERPRISE&#8217;S TECHNICAL SUPPORT SITE Welcome to Carrier Enterprise\u2019s Technical Support site, built by HVAC tech&#8217;s for HVAC tech&#8217;s.As products continue to be enhanced with improvements and technology advancements that are incorporated into the equipment our goal is to help todays HVAC Technician gain a better understanding in installation, operation and servicing of&hellip;","_links":{"self":[{"href":"https:\/\/cectechsupport.com\/fr\/wp-json\/wp\/v2\/pages\/82","targetHints":{"allow":["GET"]}}],"collection":[{"href":"https:\/\/cectechsupport.com\/fr\/wp-json\/wp\/v2\/pages"}],"about":[{"href":"https:\/\/cectechsupport.com\/fr\/wp-json\/wp\/v2\/types\/page"}],"author":[{"embeddable":true,"href":"https:\/\/cectechsupport.com\/fr\/wp-json\/wp\/v2\/users\/1"}],"replies":[{"embeddable":true,"href":"https:\/\/cectechsupport.com\/fr\/wp-json\/wp\/v2\/comments?post=82"}],"version-history":[{"count":42,"href":"https:\/\/cectechsupport.com\/fr\/wp-json\/wp\/v2\/pages\/82\/revisions"}],"predecessor-version":[{"id":46000,"href":"https:\/\/cectechsupport.com\/fr\/wp-json\/wp\/v2\/pages\/82\/revisions\/46000"}],"wp:attachment":[{"href":"https:\/\/cectechsupport.com\/fr\/wp-json\/wp\/v2\/media?parent=82"}],"curies":[{"name":"wp","href":"https:\/\/api.w.org\/{rel}","templated":true}]}}