{"id":2930,"date":"2023-01-23T08:37:16","date_gmt":"2023-01-23T15:37:16","guid":{"rendered":"https:\/\/cectechsupport.com\/?post_type=product&#038;p=2930"},"modified":"2024-07-07T08:45:33","modified_gmt":"2024-07-07T12:45:33","slug":"2023-carrier-bryant-zoning-systems-self-study-course","status":"publish","type":"product","link":"https:\/\/cectechsupport.com\/fr\/produit\/2023-carrier-bryant-zoning-systems-self-study-course\/","title":{"rendered":"Cours d&#039;autoformation sur les syst\u00e8mes de zonage Carrier\/Bryant 2023"},"content":{"rendered":"<p>Ce cours couvrira l&#039;application de zonage, la conception du syst\u00e8me, les calculs et les formules de d\u00e9bit d&#039;air. L&#039;accent est mis sur la conception, l&#039;installation, la configuration et les diagnostics avanc\u00e9s appropri\u00e9s.<\/p>","protected":false},"excerpt":{"rendered":"<p>Ce cours couvrira l&#039;application de zonage, la conception du syst\u00e8me, les calculs et les formules de d\u00e9bit d&#039;air. L&#039;accent est mis sur la conception, l&#039;installation, la configuration et les diagnostics avanc\u00e9s appropri\u00e9s.<\/p>","protected":false},"featured_media":2924,"comment_status":"closed","ping_status":"closed","template":"","meta":{"_coblocks_attr":"","_coblocks_dimensions":"","_coblocks_responsive_height":"","_coblocks_accordion_ie_support":"","_uag_custom_page_level_css":"","site-sidebar-layout":"default","site-content-layout":"default","ast-site-content-layout":"default","site-content-style":"default","site-sidebar-style":"default","ast-global-header-display":"","ast-banner-title-visibility":"","ast-main-header-display":"","ast-hfb-above-header-display":"","ast-hfb-below-header-display":"","ast-hfb-mobile-header-display":"","site-post-title":"","ast-breadcrumbs-content":"","ast-featured-img":"","footer-sml-layout":"","theme-transparent-header-meta":"default","adv-header-id-meta":"","stick-header-meta":"default","header-above-stick-meta":"","header-main-stick-meta":"","header-below-stick-meta":"","astra-migrate-meta-layouts":"default","ast-page-background-enabled":"default","ast-page-background-meta":{"desktop":{"background-color":"","background-image":"","background-repeat":"repeat","background-position":"center center","background-size":"auto","background-attachment":"scroll","background-type":"","background-media":"","overlay-type":"","overlay-color":"","overlay-opacity":"","overlay-gradient":""},"tablet":{"background-color":"","background-image":"","background-repeat":"repeat","background-position":"center center","background-size":"auto","background-attachment":"scroll","background-type":"","background-media":"","overlay-type":"","overlay-color":"","overlay-opacity":"","overlay-gradient":""},"mobile":{"background-color":"","background-image":"","background-repeat":"repeat","background-position":"center center","background-size":"auto","background-attachment":"scroll","background-type":"","background-media":"","overlay-type":"","overlay-color":"","overlay-opacity":"","overlay-gradient":""}},"ast-content-background-meta":{"desktop":{"background-color":"var(--ast-global-color-5)","background-image":"","background-repeat":"repeat","background-position":"center center","background-size":"auto","background-attachment":"scroll","background-type":"","background-media":"","overlay-type":"","overlay-color":"","overlay-opacity":"","overlay-gradient":""},"tablet":{"background-color":"var(--ast-global-color-5)","background-image":"","background-repeat":"repeat","background-position":"center center","background-size":"auto","background-attachment":"scroll","background-type":"","background-media":"","overlay-type":"","overlay-color":"","overlay-opacity":"","overlay-gradient":""},"mobile":{"background-color":"var(--ast-global-color-5)","background-image":"","background-repeat":"repeat","background-position":"center center","background-size":"auto","background-attachment":"scroll","background-type":"","background-media":"","overlay-type":"","overlay-color":"","overlay-opacity":"","overlay-gradient":""}}},"product_brand":[],"product_cat":[40],"product_tag":[],"class_list":{"0":"post-2930","1":"product","2":"type-product","3":"status-publish","4":"has-post-thumbnail","6":"product_cat-self-study","7":"desktop-align-center","8":"tablet-align-center","9":"mobile-align-center","10":"ast-product-gallery-layout-horizontal","11":"ast-product-gallery-with-no-image","12":"ast-magnify-disabled","14":"first","15":"instock","16":"virtual","17":"sold-individually","18":"purchasable","19":"product-type-simple"},"uagb_featured_image_src":{"full":["https:\/\/cectechsupport.com\/wp-content\/uploads\/2022\/09\/Carrier-Bryant-Zoning.png",787,473,false],"thumbnail":["https:\/\/cectechsupport.com\/wp-content\/uploads\/2022\/09\/Carrier-Bryant-Zoning-150x150.png",150,150,true],"medium":["https:\/\/cectechsupport.com\/wp-content\/uploads\/2022\/09\/Carrier-Bryant-Zoning-300x180.png",300,180,true],"medium_large":["https:\/\/cectechsupport.com\/wp-content\/uploads\/2022\/09\/Carrier-Bryant-Zoning-768x462.png",768,462,true],"large":["https:\/\/cectechsupport.com\/wp-content\/uploads\/2022\/09\/Carrier-Bryant-Zoning.png",787,473,false],"1536x1536":["https:\/\/cectechsupport.com\/wp-content\/uploads\/2022\/09\/Carrier-Bryant-Zoning.png",787,473,false],"2048x2048":["https:\/\/cectechsupport.com\/wp-content\/uploads\/2022\/09\/Carrier-Bryant-Zoning.png",787,473,false],"trp-custom-language-flag":["https:\/\/cectechsupport.com\/wp-content\/uploads\/2022\/09\/Carrier-Bryant-Zoning.png",18,12,false],"woocommerce_thumbnail":["https:\/\/cectechsupport.com\/wp-content\/uploads\/2022\/09\/Carrier-Bryant-Zoning-300x300.png",300,300,true],"woocommerce_single":["https:\/\/cectechsupport.com\/wp-content\/uploads\/2022\/09\/Carrier-Bryant-Zoning-600x361.png",600,361,true],"woocommerce_gallery_thumbnail":["https:\/\/cectechsupport.com\/wp-content\/uploads\/2022\/09\/Carrier-Bryant-Zoning-100x100.png",100,100,true]},"uagb_author_info":{"display_name":"Josh Goodman","author_link":"https:\/\/cectechsupport.com\/fr\/author\/"},"uagb_comment_info":0,"uagb_excerpt":"This class will cover zoning application, system design, airflow calculations and formulas . The class emphasis is on proper design, installation, set up, and advanced diagnostics.","_links":{"self":[{"href":"https:\/\/cectechsupport.com\/fr\/wp-json\/wp\/v2\/product\/2930","targetHints":{"allow":["GET"]}}],"collection":[{"href":"https:\/\/cectechsupport.com\/fr\/wp-json\/wp\/v2\/product"}],"about":[{"href":"https:\/\/cectechsupport.com\/fr\/wp-json\/wp\/v2\/types\/product"}],"replies":[{"embeddable":true,"href":"https:\/\/cectechsupport.com\/fr\/wp-json\/wp\/v2\/comments?post=2930"}],"wp:featuredmedia":[{"embeddable":true,"href":"https:\/\/cectechsupport.com\/fr\/wp-json\/wp\/v2\/media\/2924"}],"wp:attachment":[{"href":"https:\/\/cectechsupport.com\/fr\/wp-json\/wp\/v2\/media?parent=2930"}],"wp:term":[{"taxonomy":"product_brand","embeddable":true,"href":"https:\/\/cectechsupport.com\/fr\/wp-json\/wp\/v2\/product_brand?post=2930"},{"taxonomy":"product_cat","embeddable":true,"href":"https:\/\/cectechsupport.com\/fr\/wp-json\/wp\/v2\/product_cat?post=2930"},{"taxonomy":"product_tag","embeddable":true,"href":"https:\/\/cectechsupport.com\/fr\/wp-json\/wp\/v2\/product_tag?post=2930"}],"curies":[{"name":"wp","href":"https:\/\/api.w.org\/{rel}","templated":true}]}}