{"id":2931,"date":"2023-01-23T08:39:27","date_gmt":"2023-01-23T15:39:27","guid":{"rendered":"https:\/\/cectechsupport.com\/?post_type=product&#038;p=2931"},"modified":"2024-07-07T08:45:33","modified_gmt":"2024-07-07T12:45:33","slug":"2023-infinity-evolution-controls-self-study-course","status":"publish","type":"product","link":"https:\/\/cectechsupport.com\/fr\/produit\/2023-infinity-evolution-controls-self-study-course\/","title":{"rendered":"Cours d&#039;autoformation Infinity\/Evolution Controls 2023"},"content":{"rendered":"<p><strong>Objectif de formation\u00a0:<\/strong><\/p>\n<p>Nous examinerons en profondeur comment cr\u00e9er le compte en ligne du propri\u00e9taire. Une fois termin\u00e9, nous vous montrerons comment afficher les syst\u00e8mes de vos clients sur le portail des concessionnaires. Nous discuterons \u00e9galement de la mani\u00e8re de fixer des accessoires tels que des interrupteurs \u00e0 flotteur, des humidificateurs, des modules ERV et SAMS pour la domotique.<\/p>\n<p>\u00c0 la fin de ce cours, le technicien sera en mesure d&#039;installer et de d\u00e9panner les contr\u00f4leurs Infinity ou Evolution de derni\u00e8re g\u00e9n\u00e9ration de Carrier ou Bryant en toute confiance. Permettre au technicien de d\u00e9montrer comment utiliser la commande pour le propri\u00e9taire, notamment\u00a0:<br \/>\n\u2022 Installation du syst\u00e8me Infinity\u2122<br \/>\n\u2022 Caract\u00e9ristiques op\u00e9rationnelles des syst\u00e8mes Infinity\u2122<br \/>\n\u2022<strong>\u00a0Nouveau<\/strong>\u00a0Fonctionnalit\u00e9s de contr\u00f4le de l&#039;\u00e9cran tactile<br \/>\n\u2022 D\u00e9pannage<br \/>\n\u2022 Fonctionnement Wi-Fi<br \/>\n\u2022 Bases du zonage<br \/>\n\u2022 Programmation et d\u00e9marrage du syst\u00e8me de contr\u00f4le Infinity\u2122<br \/>\n\u2022 Temp\u00e9rature, Humidit\u00e9, D\u00e9shumidification, Ventilation, horaires, r\u00e9glages<\/p>\n<p><strong>Aper\u00e7u du s\u00e9minaire\u00a0:<\/strong><\/p>\n<p>\u2022\u00a0<strong>Nouveau<\/strong>\u00a0les caract\u00e9ristiques du mod\u00e8le -B incluent\u00a0:<br \/>\n\u2022\u00a0<strong>Nouveau<\/strong> L&#039;\u00e9cran est 20% plus grand que le contr\u00f4le -A<br \/>\n\u2022\u00a0<strong>Nouveau<\/strong>\u00a0La d\u00e9tection d&#039;occupation permet \u00e0 l&#039;utilisateur de programmer des temps d&#039;absence plus \u00e9conomes en \u00e9nergie et permet \u00e0 l&#039;occupation<br \/>\nLe capteur modifie le syst\u00e8me sur les param\u00e8tres de confort lorsque l&#039;espace est occup\u00e9.<br \/>\n\u2022\u00a0<strong>NOUVEAU<\/strong>\u00a0Toutes les commandes sont compatibles Wi-Fi, ce qui permet aux concessionnaires de profiter pleinement des avantages du nouveau concessionnaire<br \/>\nPortail.<br \/>\n\u2022 Connexion \u00e0 deux fils \u00e0 l&#039;\u00e9quipement ext\u00e9rieur \u00e0 deux \u00e9tages ou plus du syst\u00e8me Infinity (y compris les \u00e9quipements g\u00e9othermiques divis\u00e9s).<br \/>\nunit\u00e9s)<br \/>\n\u2022\u00a0<strong>Nouveau<\/strong> s\u00e9lection du mode pour satisfaire les demandes simultan\u00e9es de chauffage et de refroidissement via un mode automatique plus agressif<br \/>\nAlgorithme de changement\u00a0: l&#039;installateur doit l&#039;activer (disponible uniquement dans les applications de zonage)<\/p>\n<p><strong>Ce cours est con\u00e7u pour le repr\u00e9sentant commercial, l&#039;installateur, le technicien de service et le directeur de service.<\/strong><\/p>\n<p>T<span style=\"font-size: 1rem;\">sa classe est admissible \u00e0 <strong>4 heures de cr\u00e9dits FAD et 4 heures de cr\u00e9dits NATE<\/strong> dans les sp\u00e9cialit\u00e9s suivantes : ACIN, ACSV, ADIN, ADSV, HPIN, HPSV, GFIN, GFSV.\u00a0 \u00a0 \u00a0<\/span><\/p>","protected":false},"excerpt":{"rendered":"<p>Objectif de la formation\u00a0: Nous examinerons en profondeur comment cr\u00e9er un compte en ligne pour les propri\u00e9taires. Une fois termin\u00e9, nous vous montrerons comment afficher les syst\u00e8mes de vos clients sur le portail des concessionnaires. Nous discuterons \u00e9galement de la mani\u00e8re de fixer des accessoires tels que des interrupteurs \u00e0 flotteur, des humidificateurs, des modules ERV et SAMS pour la domotique. \u00c0 [\u2026]<\/p>","protected":false},"featured_media":2937,"comment_status":"closed","ping_status":"closed","template":"","meta":{"_coblocks_attr":"","_coblocks_dimensions":"","_coblocks_responsive_height":"","_coblocks_accordion_ie_support":"","_uag_custom_page_level_css":"","site-sidebar-layout":"default","site-content-layout":"default","ast-site-content-layout":"default","site-content-style":"default","site-sidebar-style":"default","ast-global-header-display":"","ast-banner-title-visibility":"","ast-main-header-display":"","ast-hfb-above-header-display":"","ast-hfb-below-header-display":"","ast-hfb-mobile-header-display":"","site-post-title":"","ast-breadcrumbs-content":"","ast-featured-img":"","footer-sml-layout":"","theme-transparent-header-meta":"default","adv-header-id-meta":"","stick-header-meta":"default","header-above-stick-meta":"","header-main-stick-meta":"","header-below-stick-meta":"","astra-migrate-meta-layouts":"default","ast-page-background-enabled":"default","ast-page-background-meta":{"desktop":{"background-color":"","background-image":"","background-repeat":"repeat","background-position":"center center","background-size":"auto","background-attachment":"scroll","background-type":"","background-media":"","overlay-type":"","overlay-color":"","overlay-opacity":"","overlay-gradient":""},"tablet":{"background-color":"","background-image":"","background-repeat":"repeat","background-position":"center center","background-size":"auto","background-attachment":"scroll","background-type":"","background-media":"","overlay-type":"","overlay-color":"","overlay-opacity":"","overlay-gradient":""},"mobile":{"background-color":"","background-image":"","background-repeat":"repeat","background-position":"center center","background-size":"auto","background-attachment":"scroll","background-type":"","background-media":"","overlay-type":"","overlay-color":"","overlay-opacity":"","overlay-gradient":""}},"ast-content-background-meta":{"desktop":{"background-color":"var(--ast-global-color-5)","background-image":"","background-repeat":"repeat","background-position":"center center","background-size":"auto","background-attachment":"scroll","background-type":"","background-media":"","overlay-type":"","overlay-color":"","overlay-opacity":"","overlay-gradient":""},"tablet":{"background-color":"var(--ast-global-color-5)","background-image":"","background-repeat":"repeat","background-position":"center center","background-size":"auto","background-attachment":"scroll","background-type":"","background-media":"","overlay-type":"","overlay-color":"","overlay-opacity":"","overlay-gradient":""},"mobile":{"background-color":"var(--ast-global-color-5)","background-image":"","background-repeat":"repeat","background-position":"center center","background-size":"auto","background-attachment":"scroll","background-type":"","background-media":"","overlay-type":"","overlay-color":"","overlay-opacity":"","overlay-gradient":""}}},"product_brand":[],"product_cat":[40],"product_tag":[],"class_list":{"0":"post-2931","1":"product","2":"type-product","3":"status-publish","4":"has-post-thumbnail","6":"product_cat-self-study","7":"desktop-align-center","8":"tablet-align-center","9":"mobile-align-center","10":"ast-product-gallery-layout-horizontal","11":"ast-product-gallery-with-no-image","12":"ast-magnify-disabled","14":"first","15":"instock","16":"virtual","17":"sold-individually","18":"purchasable","19":"product-type-simple"},"uagb_featured_image_src":{"full":["https:\/\/cectechsupport.com\/wp-content\/uploads\/2023\/01\/Inf-Evo-Touch-300x142-1.png",300,142,false],"thumbnail":["https:\/\/cectechsupport.com\/wp-content\/uploads\/2023\/01\/Inf-Evo-Touch-300x142-1-150x142.png",150,142,true],"medium":["https:\/\/cectechsupport.com\/wp-content\/uploads\/2023\/01\/Inf-Evo-Touch-300x142-1.png",300,142,false],"medium_large":["https:\/\/cectechsupport.com\/wp-content\/uploads\/2023\/01\/Inf-Evo-Touch-300x142-1.png",300,142,false],"large":["https:\/\/cectechsupport.com\/wp-content\/uploads\/2023\/01\/Inf-Evo-Touch-300x142-1.png",300,142,false],"1536x1536":["https:\/\/cectechsupport.com\/wp-content\/uploads\/2023\/01\/Inf-Evo-Touch-300x142-1.png",300,142,false],"2048x2048":["https:\/\/cectechsupport.com\/wp-content\/uploads\/2023\/01\/Inf-Evo-Touch-300x142-1.png",300,142,false],"trp-custom-language-flag":["https:\/\/cectechsupport.com\/wp-content\/uploads\/2023\/01\/Inf-Evo-Touch-300x142-1-18x9.png",18,9,true],"woocommerce_thumbnail":["https:\/\/cectechsupport.com\/wp-content\/uploads\/2023\/01\/Inf-Evo-Touch-300x142-1.png",300,142,false],"woocommerce_single":["https:\/\/cectechsupport.com\/wp-content\/uploads\/2023\/01\/Inf-Evo-Touch-300x142-1.png",300,142,false],"woocommerce_gallery_thumbnail":["https:\/\/cectechsupport.com\/wp-content\/uploads\/2023\/01\/Inf-Evo-Touch-300x142-1-100x100.png",100,100,true]},"uagb_author_info":{"display_name":"Josh Goodman","author_link":"https:\/\/cectechsupport.com\/fr\/author\/"},"uagb_comment_info":0,"uagb_excerpt":"Training Objective: We will go into an in depth look at how to set up the homeowners online account. Once completed, we will show you how to view your customers systems on the Dealer Portal. We will also discuss how to attach accessories like float switches, humidifiers, ERV\u2019s and SAMS Modules for Home Automation. At&hellip;","_links":{"self":[{"href":"https:\/\/cectechsupport.com\/fr\/wp-json\/wp\/v2\/product\/2931","targetHints":{"allow":["GET"]}}],"collection":[{"href":"https:\/\/cectechsupport.com\/fr\/wp-json\/wp\/v2\/product"}],"about":[{"href":"https:\/\/cectechsupport.com\/fr\/wp-json\/wp\/v2\/types\/product"}],"replies":[{"embeddable":true,"href":"https:\/\/cectechsupport.com\/fr\/wp-json\/wp\/v2\/comments?post=2931"}],"wp:featuredmedia":[{"embeddable":true,"href":"https:\/\/cectechsupport.com\/fr\/wp-json\/wp\/v2\/media\/2937"}],"wp:attachment":[{"href":"https:\/\/cectechsupport.com\/fr\/wp-json\/wp\/v2\/media?parent=2931"}],"wp:term":[{"taxonomy":"product_brand","embeddable":true,"href":"https:\/\/cectechsupport.com\/fr\/wp-json\/wp\/v2\/product_brand?post=2931"},{"taxonomy":"product_cat","embeddable":true,"href":"https:\/\/cectechsupport.com\/fr\/wp-json\/wp\/v2\/product_cat?post=2931"},{"taxonomy":"product_tag","embeddable":true,"href":"https:\/\/cectechsupport.com\/fr\/wp-json\/wp\/v2\/product_tag?post=2931"}],"curies":[{"name":"wp","href":"https:\/\/api.w.org\/{rel}","templated":true}]}}