{"id":2933,"date":"2023-01-23T08:42:34","date_gmt":"2023-01-23T15:42:34","guid":{"rendered":"https:\/\/cectechsupport.com\/?post_type=product&#038;p=2933"},"modified":"2024-07-07T08:45:33","modified_gmt":"2024-07-07T12:45:33","slug":"2023-modern-airflow-duct-design-training-self-study","status":"publish","type":"product","link":"https:\/\/cectechsupport.com\/fr\/produit\/2023-modern-airflow-duct-design-training-self-study\/","title":{"rendered":"2023 Cours d&#039;air moderne et conception de conduits Auto-apprentissage"},"content":{"rendered":"<p class=\"has-text-align-center has-vivid-red-color has-text-color has-medium-font-size\"><strong>ALERTE!!! \u2013 Cette classe n\u00e9cessite l&#039;utilisation du calculateur de conduits ADI Part # MP-9001.<\/strong>\r\n<strong>Ceux-ci peuvent \u00eatre achet\u00e9s dans votre magasin Carrier Enterprise local ou via notre site de commerce \u00e9lectronique \u00e0 <a href=\"https:\/\/www.carrierenterprise.com\/product\/1402917204727\" target=\"_blank\" rel=\"noreferrer noopener\">https:\/\/sc.carrierenterprise.com<\/a><\/strong><\/p>\r\nCe cours se concentre sur la conception et le diagnostic de divers mat\u00e9riaux de conduits et les effets d&#039;une conception et d&#039;une installation de conduits m\u00e9diocres, ainsi que sur les aspects positifs d&#039;un syst\u00e8me de conduits correctement con\u00e7u et install\u00e9.\r\n\r\n<strong>ALERTE!!!<\/strong> \u2013 Cette classe n\u00e9cessite l&#039;utilisation du calculateur de conduits ADI Part # MP-9001. Ceux-ci peuvent \u00eatre achet\u00e9s dans votre magasin Carrier Enterprise local ou via notre site de commerce \u00e9lectronique \u00e0 l&#039;adresse https:\/\/sc.carrierenterprise.com. Les remises FAD et programme seront appliqu\u00e9es lors de la facturation.\r\n\r\n<strong>REMARQUE -<\/strong> Cours d&#039;autoformation ADMISSIBLES AUX HEURES DE CR\u00c9DIT FAD ET NATE. Cette classe re\u00e7oit un <strong>4 heures<\/strong> Cr\u00e9dit de formation FAD et pour les certifications applicables avec NATE\r\n\r\n \r\n\r\n<a href=\"https:\/\/www.carrierenterprise.com\/product\/1402917204727\" target=\"_blank\" rel=\"noreferrer noopener\" data-type=\"URL\" data-id=\"https:\/\/www.carrierenterprise.com\/product\/1402917204727\"><strong>Commandez votre calculateur de conduits ici<\/strong><\/a>","protected":false},"excerpt":{"rendered":"<p>ALERTE!!! \u2013 Cette classe n\u00e9cessite l\u2019utilisation du calculateur de conduits ADI, partie # MP-9001. Ceux-ci peuvent \u00eatre achet\u00e9s dans votre magasin Carrier Enterprise local ou via notre site de commerce \u00e9lectronique \u00e0 l&#039;adresse https:\/\/sc.carrierenterprise.com. Ce cours se concentre sur la conception et le diagnostic de divers mat\u00e9riaux de conduits et sur les effets d&#039;une mauvaise conception et installation de conduits, ainsi que [ \u2026]<\/p>","protected":false},"featured_media":2926,"comment_status":"closed","ping_status":"closed","template":"","meta":{"_coblocks_attr":"","_coblocks_dimensions":"","_coblocks_responsive_height":"","_coblocks_accordion_ie_support":"","_uag_custom_page_level_css":"","site-sidebar-layout":"default","site-content-layout":"default","ast-site-content-layout":"default","site-content-style":"default","site-sidebar-style":"default","ast-global-header-display":"","ast-banner-title-visibility":"","ast-main-header-display":"","ast-hfb-above-header-display":"","ast-hfb-below-header-display":"","ast-hfb-mobile-header-display":"","site-post-title":"","ast-breadcrumbs-content":"","ast-featured-img":"","footer-sml-layout":"","theme-transparent-header-meta":"default","adv-header-id-meta":"","stick-header-meta":"default","header-above-stick-meta":"","header-main-stick-meta":"","header-below-stick-meta":"","astra-migrate-meta-layouts":"default","ast-page-background-enabled":"default","ast-page-background-meta":{"desktop":{"background-color":"","background-image":"","background-repeat":"repeat","background-position":"center center","background-size":"auto","background-attachment":"scroll","background-type":"","background-media":"","overlay-type":"","overlay-color":"","overlay-opacity":"","overlay-gradient":""},"tablet":{"background-color":"","background-image":"","background-repeat":"repeat","background-position":"center center","background-size":"auto","background-attachment":"scroll","background-type":"","background-media":"","overlay-type":"","overlay-color":"","overlay-opacity":"","overlay-gradient":""},"mobile":{"background-color":"","background-image":"","background-repeat":"repeat","background-position":"center center","background-size":"auto","background-attachment":"scroll","background-type":"","background-media":"","overlay-type":"","overlay-color":"","overlay-opacity":"","overlay-gradient":""}},"ast-content-background-meta":{"desktop":{"background-color":"var(--ast-global-color-5)","background-image":"","background-repeat":"repeat","background-position":"center center","background-size":"auto","background-attachment":"scroll","background-type":"","background-media":"","overlay-type":"","overlay-color":"","overlay-opacity":"","overlay-gradient":""},"tablet":{"background-color":"var(--ast-global-color-5)","background-image":"","background-repeat":"repeat","background-position":"center center","background-size":"auto","background-attachment":"scroll","background-type":"","background-media":"","overlay-type":"","overlay-color":"","overlay-opacity":"","overlay-gradient":""},"mobile":{"background-color":"var(--ast-global-color-5)","background-image":"","background-repeat":"repeat","background-position":"center center","background-size":"auto","background-attachment":"scroll","background-type":"","background-media":"","overlay-type":"","overlay-color":"","overlay-opacity":"","overlay-gradient":""}}},"product_brand":[],"product_cat":[40],"product_tag":[],"class_list":{"0":"post-2933","1":"product","2":"type-product","3":"status-publish","4":"has-post-thumbnail","6":"product_cat-self-study","7":"desktop-align-center","8":"tablet-align-center","9":"mobile-align-center","10":"ast-product-gallery-layout-horizontal","11":"ast-product-gallery-with-no-image","12":"ast-magnify-disabled","14":"first","15":"instock","16":"virtual","17":"sold-individually","18":"purchasable","19":"product-type-simple"},"uagb_featured_image_src":{"full":["https:\/\/cectechsupport.com\/wp-content\/uploads\/2022\/12\/Measuring-Airflow.jpg",706,334,false],"thumbnail":["https:\/\/cectechsupport.com\/wp-content\/uploads\/2022\/12\/Measuring-Airflow-150x150.jpg",150,150,true],"medium":["https:\/\/cectechsupport.com\/wp-content\/uploads\/2022\/12\/Measuring-Airflow-300x142.jpg",300,142,true],"medium_large":["https:\/\/cectechsupport.com\/wp-content\/uploads\/2022\/12\/Measuring-Airflow.jpg",706,334,false],"large":["https:\/\/cectechsupport.com\/wp-content\/uploads\/2022\/12\/Measuring-Airflow.jpg",706,334,false],"1536x1536":["https:\/\/cectechsupport.com\/wp-content\/uploads\/2022\/12\/Measuring-Airflow.jpg",706,334,false],"2048x2048":["https:\/\/cectechsupport.com\/wp-content\/uploads\/2022\/12\/Measuring-Airflow.jpg",706,334,false],"trp-custom-language-flag":["https:\/\/cectechsupport.com\/wp-content\/uploads\/2022\/12\/Measuring-Airflow.jpg",18,9,false],"woocommerce_thumbnail":["https:\/\/cectechsupport.com\/wp-content\/uploads\/2022\/12\/Measuring-Airflow-300x300.jpg",300,300,true],"woocommerce_single":["https:\/\/cectechsupport.com\/wp-content\/uploads\/2022\/12\/Measuring-Airflow-600x284.jpg",600,284,true],"woocommerce_gallery_thumbnail":["https:\/\/cectechsupport.com\/wp-content\/uploads\/2022\/12\/Measuring-Airflow-100x100.jpg",100,100,true]},"uagb_author_info":{"display_name":"Josh Goodman","author_link":"https:\/\/cectechsupport.com\/fr\/author\/"},"uagb_comment_info":0,"uagb_excerpt":"ALERT!!! &#8211; This class requires the use of the ADI Duct Calculator Part # MP-9001. These may be purchased at your local Carrier Enterprise store or through our eCommerce site at https:\/\/sc.carrierenterprise.com This course focuses on the design and diagnosis of various duct materials and the effects of poor duct design and installation, as well&hellip;","_links":{"self":[{"href":"https:\/\/cectechsupport.com\/fr\/wp-json\/wp\/v2\/product\/2933","targetHints":{"allow":["GET"]}}],"collection":[{"href":"https:\/\/cectechsupport.com\/fr\/wp-json\/wp\/v2\/product"}],"about":[{"href":"https:\/\/cectechsupport.com\/fr\/wp-json\/wp\/v2\/types\/product"}],"replies":[{"embeddable":true,"href":"https:\/\/cectechsupport.com\/fr\/wp-json\/wp\/v2\/comments?post=2933"}],"wp:featuredmedia":[{"embeddable":true,"href":"https:\/\/cectechsupport.com\/fr\/wp-json\/wp\/v2\/media\/2926"}],"wp:attachment":[{"href":"https:\/\/cectechsupport.com\/fr\/wp-json\/wp\/v2\/media?parent=2933"}],"wp:term":[{"taxonomy":"product_brand","embeddable":true,"href":"https:\/\/cectechsupport.com\/fr\/wp-json\/wp\/v2\/product_brand?post=2933"},{"taxonomy":"product_cat","embeddable":true,"href":"https:\/\/cectechsupport.com\/fr\/wp-json\/wp\/v2\/product_cat?post=2933"},{"taxonomy":"product_tag","embeddable":true,"href":"https:\/\/cectechsupport.com\/fr\/wp-json\/wp\/v2\/product_tag?post=2933"}],"curies":[{"name":"wp","href":"https:\/\/api.w.org\/{rel}","templated":true}]}}