{"id":935,"date":"2022-03-23T14:09:17","date_gmt":"2022-03-23T18:09:17","guid":{"rendered":"https:\/\/cectechsupport.com\/?post_type=product&#038;p=935"},"modified":"2024-07-07T08:45:38","modified_gmt":"2024-07-07T12:45:38","slug":"2023-check-test-startup-self-study","status":"publish","type":"product","link":"https:\/\/cectechsupport.com\/fr\/produit\/2023-check-test-startup-self-study\/","title":{"rendered":"2023 V\u00e9rifier, tester et d\u00e9marrer l&#039;auto-apprentissage"},"content":{"rendered":"<p><strong><mark class=\"has-inline-color has-black-color\">Chargement et d\u00e9marrage du d\u00e9bit d&#039;air r\u00e9sidentiel<\/mark><\/strong><\/p>\n<p><mark class=\"has-inline-color has-black-color\">Le flux d&#039;air est l&#039;un des facteurs les plus importants pour les performances, la charge et la capacit\u00e9 du syst\u00e8me avec les syst\u00e8mes avanc\u00e9s d&#039;aujourd&#039;hui. L&#039;utilisation des \u00ab meilleures pratiques \u00bb de l&#039;industrie et des techniques de d\u00e9marrage appropri\u00e9es est primordiale pour assurer le confort, la capacit\u00e9 et la fiabilit\u00e9 des performances du syst\u00e8me \u00e0 livrer au propri\u00e9taire. Cette formation vous apprendra comment mesurer et calculer le d\u00e9bit d&#039;air, une fois v\u00e9rifi\u00e9, nous discuterons de la charge du syst\u00e8me et de la compr\u00e9hension de la surchauffe et du sous-refroidissement. Nous apprendrons ensuite \u00e0 utiliser ces informations pour calculer les performances du syst\u00e8me.<\/mark><\/p>\n<p><mark class=\"has-inline-color has-black-color\">Cette classe est con\u00e7ue pour le personnel d&#039;installation et de service.<\/mark><\/p>\n<p><strong><mark class=\"has-inline-color has-black-color\">Plan de cours:<\/mark><\/strong><\/p>\n<ul>\n<li><mark class=\"has-inline-color has-black-color\">Bonnes pratiques d&#039;installation<\/mark><\/li>\n<li><mark class=\"has-inline-color has-black-color\">Mesure de base du d\u00e9bit d&#039;air pour thermopompes et fournaises \u00e0 gaz<\/mark><\/li>\n<li><mark class=\"has-inline-color has-black-color\">Cycle de r\u00e9frig\u00e9rant, sous-refroidissement\/surchauffe<\/mark><\/li>\n<li><mark class=\"has-inline-color has-black-color\">Performances et capacit\u00e9 du syst\u00e8me<\/mark><\/li>\n<li><mark class=\"has-inline-color has-black-color\">Outils n\u00e9cessaires \u00e0 l&#039;installation et au d\u00e9marrage<\/mark><\/li>\n<\/ul>","protected":false},"excerpt":{"rendered":"<p>Flux d&#039;air r\u00e9sidentiel Chargement et d\u00e9marrage Le flux d&#039;air est l&#039;un des facteurs les plus importants pour les performances, la charge et la capacit\u00e9 du syst\u00e8me avec les syst\u00e8mes avanc\u00e9s d&#039;aujourd&#039;hui.  L&#039;utilisation des \u00ab\u00a0meilleures pratiques\u00a0\u00bb de l&#039;industrie et des techniques de d\u00e9marrage appropri\u00e9es sont primordiales pour garantir le confort, la capacit\u00e9 et la fiabilit\u00e9 des performances du syst\u00e8me \u00e0 fournir au propri\u00e9taire. Cette formation [\u2026]<\/p>","protected":false},"featured_media":928,"comment_status":"closed","ping_status":"closed","template":"","meta":{"_coblocks_attr":"","_coblocks_dimensions":"","_coblocks_responsive_height":"","_coblocks_accordion_ie_support":"","_uag_custom_page_level_css":"","site-sidebar-layout":"default","site-content-layout":"default","ast-site-content-layout":"default","site-content-style":"default","site-sidebar-style":"default","ast-global-header-display":"","ast-banner-title-visibility":"","ast-main-header-display":"","ast-hfb-above-header-display":"","ast-hfb-below-header-display":"","ast-hfb-mobile-header-display":"","site-post-title":"","ast-breadcrumbs-content":"","ast-featured-img":"","footer-sml-layout":"","theme-transparent-header-meta":"default","adv-header-id-meta":"","stick-header-meta":"default","header-above-stick-meta":"","header-main-stick-meta":"","header-below-stick-meta":"","astra-migrate-meta-layouts":"default","ast-page-background-enabled":"default","ast-page-background-meta":{"desktop":{"background-color":"","background-image":"","background-repeat":"repeat","background-position":"center center","background-size":"auto","background-attachment":"scroll","background-type":"","background-media":"","overlay-type":"","overlay-color":"","overlay-opacity":"","overlay-gradient":""},"tablet":{"background-color":"","background-image":"","background-repeat":"repeat","background-position":"center center","background-size":"auto","background-attachment":"scroll","background-type":"","background-media":"","overlay-type":"","overlay-color":"","overlay-opacity":"","overlay-gradient":""},"mobile":{"background-color":"","background-image":"","background-repeat":"repeat","background-position":"center center","background-size":"auto","background-attachment":"scroll","background-type":"","background-media":"","overlay-type":"","overlay-color":"","overlay-opacity":"","overlay-gradient":""}},"ast-content-background-meta":{"desktop":{"background-color":"var(--ast-global-color-5)","background-image":"","background-repeat":"repeat","background-position":"center center","background-size":"auto","background-attachment":"scroll","background-type":"","background-media":"","overlay-type":"","overlay-color":"","overlay-opacity":"","overlay-gradient":""},"tablet":{"background-color":"var(--ast-global-color-5)","background-image":"","background-repeat":"repeat","background-position":"center center","background-size":"auto","background-attachment":"scroll","background-type":"","background-media":"","overlay-type":"","overlay-color":"","overlay-opacity":"","overlay-gradient":""},"mobile":{"background-color":"var(--ast-global-color-5)","background-image":"","background-repeat":"repeat","background-position":"center center","background-size":"auto","background-attachment":"scroll","background-type":"","background-media":"","overlay-type":"","overlay-color":"","overlay-opacity":"","overlay-gradient":""}}},"product_brand":[],"product_cat":[40],"product_tag":[],"class_list":{"0":"post-935","1":"product","2":"type-product","3":"status-publish","4":"has-post-thumbnail","6":"product_cat-self-study","7":"desktop-align-center","8":"tablet-align-center","9":"mobile-align-center","10":"ast-product-gallery-layout-horizontal","11":"ast-product-gallery-with-no-image","12":"ast-magnify-disabled","14":"first","15":"instock","16":"virtual","17":"sold-individually","18":"purchasable","19":"product-type-simple"},"uagb_featured_image_src":{"full":["https:\/\/cectechsupport.com\/wp-content\/uploads\/2022\/02\/check-test-and-start-300x169-1.png",300,169,false],"thumbnail":["https:\/\/cectechsupport.com\/wp-content\/uploads\/2022\/02\/check-test-and-start-300x169-1-150x150.png",150,150,true],"medium":["https:\/\/cectechsupport.com\/wp-content\/uploads\/2022\/02\/check-test-and-start-300x169-1.png",300,169,false],"medium_large":["https:\/\/cectechsupport.com\/wp-content\/uploads\/2022\/02\/check-test-and-start-300x169-1.png",300,169,false],"large":["https:\/\/cectechsupport.com\/wp-content\/uploads\/2022\/02\/check-test-and-start-300x169-1.png",300,169,false],"1536x1536":["https:\/\/cectechsupport.com\/wp-content\/uploads\/2022\/02\/check-test-and-start-300x169-1.png",300,169,false],"2048x2048":["https:\/\/cectechsupport.com\/wp-content\/uploads\/2022\/02\/check-test-and-start-300x169-1.png",300,169,false],"trp-custom-language-flag":["https:\/\/cectechsupport.com\/wp-content\/uploads\/2022\/02\/check-test-and-start-300x169-1.png",18,10,false],"woocommerce_thumbnail":["https:\/\/cectechsupport.com\/wp-content\/uploads\/2022\/02\/check-test-and-start-300x169-1.png",300,169,false],"woocommerce_single":["https:\/\/cectechsupport.com\/wp-content\/uploads\/2022\/02\/check-test-and-start-300x169-1.png",300,169,false],"woocommerce_gallery_thumbnail":["https:\/\/cectechsupport.com\/wp-content\/uploads\/2022\/02\/check-test-and-start-300x169-1-100x100.png",100,100,true]},"uagb_author_info":{"display_name":"Josh Goodman","author_link":"https:\/\/cectechsupport.com\/fr\/author\/"},"uagb_comment_info":0,"uagb_excerpt":"Residential Airflow Charging and Start up Airflow is one of the most important factors to system performance, charging, and system capacity with today&#8217;s advanced systems. \u00a0Using the industry\u2019s \u201cBest practices\u201d and proper startup techniques are paramount to ensure the comfort, capacity and reliability of the system performance to be delivered to the homeowner. This training&hellip;","_links":{"self":[{"href":"https:\/\/cectechsupport.com\/fr\/wp-json\/wp\/v2\/product\/935","targetHints":{"allow":["GET"]}}],"collection":[{"href":"https:\/\/cectechsupport.com\/fr\/wp-json\/wp\/v2\/product"}],"about":[{"href":"https:\/\/cectechsupport.com\/fr\/wp-json\/wp\/v2\/types\/product"}],"replies":[{"embeddable":true,"href":"https:\/\/cectechsupport.com\/fr\/wp-json\/wp\/v2\/comments?post=935"}],"wp:featuredmedia":[{"embeddable":true,"href":"https:\/\/cectechsupport.com\/fr\/wp-json\/wp\/v2\/media\/928"}],"wp:attachment":[{"href":"https:\/\/cectechsupport.com\/fr\/wp-json\/wp\/v2\/media?parent=935"}],"wp:term":[{"taxonomy":"product_brand","embeddable":true,"href":"https:\/\/cectechsupport.com\/fr\/wp-json\/wp\/v2\/product_brand?post=935"},{"taxonomy":"product_cat","embeddable":true,"href":"https:\/\/cectechsupport.com\/fr\/wp-json\/wp\/v2\/product_cat?post=935"},{"taxonomy":"product_tag","embeddable":true,"href":"https:\/\/cectechsupport.com\/fr\/wp-json\/wp\/v2\/product_tag?post=935"}],"curies":[{"name":"wp","href":"https:\/\/api.w.org\/{rel}","templated":true}]}}