{"id":936,"date":"2022-03-23T14:11:42","date_gmt":"2022-03-23T18:11:42","guid":{"rendered":"https:\/\/cectechsupport.com\/?post_type=product&#038;p=936"},"modified":"2024-07-07T08:45:37","modified_gmt":"2024-07-07T12:45:37","slug":"2023-carrier-bryant-ductless-systems-self-study-course","status":"publish","type":"product","link":"https:\/\/cectechsupport.com\/fr\/produit\/2023-carrier-bryant-ductless-systems-self-study-course\/","title":{"rendered":"Cours d&#039;autoformation sur les syst\u00e8mes sans conduit Carrier\/Bryant 2023"},"content":{"rendered":"<h3 id=\"carrier-bryant-ductless-systems\" class=\"has-text-align-left has-black-color has-text-color\"><strong><mark class=\"has-inline-color has-black-color\">Syst\u00e8mes sans conduit Carrier\/Bryant<\/mark><\/strong><\/h3>\r\n<!-- \/wp:post-content -->\r\n\r\n<!-- wp:paragraph {\"textColor\":\"black\"} -->\r\n<p class=\"has-black-color has-text-color\"><mark class=\"has-inline-color has-black-color\">Nous couvrirons l&#039;installation, le fonctionnement et le d\u00e9pannage des syst\u00e8mes sans conduit Carrier\/Bryant. Nous discuterons des caract\u00e9ristiques et des fonctions de chaque mod\u00e8le et de la mani\u00e8re de le configurer correctement. Nous couvrirons les codes d&#039;erreur de d\u00e9pannage et les \u00e9tapes appropri\u00e9es pour d\u00e9terminer la source du code d&#039;erreur.<\/mark><\/p>\r\n<!-- \/wp:paragraph -->\r\n\r\n<!-- wp:paragraph {\"textColor\":\"black\"} -->\r\n<p class=\"has-black-color has-text-color\"><mark class=\"has-inline-color has-black-color\">Cette classe est con\u00e7ue pour le personnel d&#039;installation et de service.<\/mark><\/p>\r\n<!-- \/wp:paragraph -->\r\n\r\n<!-- wp:heading {\"textAlign\":\"center\",\"textColor\":\"black\"} -->\r\n<h2 id=\"course-outline\" class=\"has-text-align-center has-black-color has-text-color\"><strong><span class=\"has-inline-color has-black-color\">Plan de cours<\/span><\/strong><\/h2>\r\n<!-- \/wp:heading -->\r\n\r\n<!-- wp:list {\"textColor\":\"black\"} -->\r\n<ul class=\"has-black-color has-text-color\">\r\n<li><mark class=\"has-inline-color has-black-color\">Installation simple et multi-t\u00eates sans conduit<\/mark><\/li>\r\n<li><mark class=\"has-inline-color has-black-color\">Configuration sans conduit<\/mark><\/li>\r\n<li><mark class=\"has-inline-color has-black-color\">S\u00e9quence de fonctionnement<\/mark><\/li>\r\n<li><mark class=\"has-inline-color has-black-color\">Codes de d\u00e9pannage expliqu\u00e9s<\/mark><\/li>\r\n<li><mark class=\"has-inline-color has-black-color\">Proc\u00e9dures de d\u00e9pannage<\/mark><\/li>\r\n<li><mark class=\"has-inline-color has-black-color\">Outils n\u00e9cessaires au d\u00e9pannage<\/mark><\/li>\r\n<\/ul>\r\n<!-- \/wp:list -->\r\n\r\n<!-- wp:paragraph {\"textColor\":\"black\"} -->\r\n<h6>Si vous \u00eates un client Carrier Enterprise Mid-Atlantic<\/h6>\r\n<p class=\"has-black-color has-text-color\"><mark class=\"has-inline-color has-black-color\">Les participants qui r\u00e9ussissent le quiz \u00e0 la fin du cours avec un 85% ou sup\u00e9rieur seront \u00e9ligibles pour 6 heures de formation continue NATE et 6 heures de formation pour les distributeurs.<\/mark><\/p>\r\n<!-- \/wp:paragraph -->\r\n\r\n<!-- wp:paragraph {\"align\":\"left\",\"textColor\":\"black\"} -->\r\n<p class=\"has-text-align-left has-black-color has-text-color\"><mark class=\"has-inline-color has-black-color\"><strong>ID de classe NATE 6114-0003<\/strong><\/mark><\/p>","protected":false},"excerpt":{"rendered":"<p>Syst\u00e8mes sans conduits Carrier\/Bryant Nous couvrirons l&#039;installation, le fonctionnement et le d\u00e9pannage des syst\u00e8mes sans conduits Carrier\/Bryant. Nous discuterons des caract\u00e9ristiques et des fonctions de chaque mod\u00e8le et de la mani\u00e8re de le configurer correctement. Nous aborderons le d\u00e9pannage des codes d\u2019erreur et les \u00e9tapes appropri\u00e9es pour d\u00e9terminer la source du code d\u2019erreur. Cette classe est con\u00e7ue pour l&#039;installation et [\u2026]<\/p>","protected":false},"featured_media":929,"comment_status":"closed","ping_status":"closed","template":"","meta":{"_coblocks_attr":"","_coblocks_dimensions":"","_coblocks_responsive_height":"","_coblocks_accordion_ie_support":"","_uag_custom_page_level_css":"","site-sidebar-layout":"default","site-content-layout":"default","ast-site-content-layout":"default","site-content-style":"default","site-sidebar-style":"default","ast-global-header-display":"","ast-banner-title-visibility":"","ast-main-header-display":"","ast-hfb-above-header-display":"","ast-hfb-below-header-display":"","ast-hfb-mobile-header-display":"","site-post-title":"","ast-breadcrumbs-content":"","ast-featured-img":"","footer-sml-layout":"","theme-transparent-header-meta":"default","adv-header-id-meta":"","stick-header-meta":"default","header-above-stick-meta":"","header-main-stick-meta":"","header-below-stick-meta":"","astra-migrate-meta-layouts":"default","ast-page-background-enabled":"default","ast-page-background-meta":{"desktop":{"background-color":"","background-image":"","background-repeat":"repeat","background-position":"center center","background-size":"auto","background-attachment":"scroll","background-type":"","background-media":"","overlay-type":"","overlay-color":"","overlay-opacity":"","overlay-gradient":""},"tablet":{"background-color":"","background-image":"","background-repeat":"repeat","background-position":"center center","background-size":"auto","background-attachment":"scroll","background-type":"","background-media":"","overlay-type":"","overlay-color":"","overlay-opacity":"","overlay-gradient":""},"mobile":{"background-color":"","background-image":"","background-repeat":"repeat","background-position":"center center","background-size":"auto","background-attachment":"scroll","background-type":"","background-media":"","overlay-type":"","overlay-color":"","overlay-opacity":"","overlay-gradient":""}},"ast-content-background-meta":{"desktop":{"background-color":"var(--ast-global-color-5)","background-image":"","background-repeat":"repeat","background-position":"center center","background-size":"auto","background-attachment":"scroll","background-type":"","background-media":"","overlay-type":"","overlay-color":"","overlay-opacity":"","overlay-gradient":""},"tablet":{"background-color":"var(--ast-global-color-5)","background-image":"","background-repeat":"repeat","background-position":"center center","background-size":"auto","background-attachment":"scroll","background-type":"","background-media":"","overlay-type":"","overlay-color":"","overlay-opacity":"","overlay-gradient":""},"mobile":{"background-color":"var(--ast-global-color-5)","background-image":"","background-repeat":"repeat","background-position":"center center","background-size":"auto","background-attachment":"scroll","background-type":"","background-media":"","overlay-type":"","overlay-color":"","overlay-opacity":"","overlay-gradient":""}}},"product_brand":[],"product_cat":[40],"product_tag":[],"class_list":{"0":"post-936","1":"product","2":"type-product","3":"status-publish","4":"has-post-thumbnail","6":"product_cat-self-study","7":"desktop-align-center","8":"tablet-align-center","9":"mobile-align-center","10":"ast-product-gallery-layout-horizontal","11":"ast-product-gallery-with-no-image","12":"ast-magnify-disabled","14":"first","15":"instock","16":"virtual","17":"sold-individually","18":"purchasable","19":"product-type-simple"},"uagb_featured_image_src":{"full":["https:\/\/cectechsupport.com\/wp-content\/uploads\/2022\/02\/DLS-build-slide-v2.png",300,169,false],"thumbnail":["https:\/\/cectechsupport.com\/wp-content\/uploads\/2022\/02\/DLS-build-slide-v2-150x150.png",150,150,true],"medium":["https:\/\/cectechsupport.com\/wp-content\/uploads\/2022\/02\/DLS-build-slide-v2.png",300,169,false],"medium_large":["https:\/\/cectechsupport.com\/wp-content\/uploads\/2022\/02\/DLS-build-slide-v2.png",300,169,false],"large":["https:\/\/cectechsupport.com\/wp-content\/uploads\/2022\/02\/DLS-build-slide-v2.png",300,169,false],"1536x1536":["https:\/\/cectechsupport.com\/wp-content\/uploads\/2022\/02\/DLS-build-slide-v2.png",300,169,false],"2048x2048":["https:\/\/cectechsupport.com\/wp-content\/uploads\/2022\/02\/DLS-build-slide-v2.png",300,169,false],"trp-custom-language-flag":["https:\/\/cectechsupport.com\/wp-content\/uploads\/2022\/02\/DLS-build-slide-v2.png",18,10,false],"woocommerce_thumbnail":["https:\/\/cectechsupport.com\/wp-content\/uploads\/2022\/02\/DLS-build-slide-v2.png",300,169,false],"woocommerce_single":["https:\/\/cectechsupport.com\/wp-content\/uploads\/2022\/02\/DLS-build-slide-v2.png",300,169,false],"woocommerce_gallery_thumbnail":["https:\/\/cectechsupport.com\/wp-content\/uploads\/2022\/02\/DLS-build-slide-v2-100x100.png",100,100,true]},"uagb_author_info":{"display_name":"Josh Goodman","author_link":"https:\/\/cectechsupport.com\/fr\/author\/"},"uagb_comment_info":0,"uagb_excerpt":"Carrier\/Bryant Ductless Systems We will cover installation, operation and troubleshooting of the Carrier\/Bryant ductless systems. We will discuss features and functions of each model and how to set it up properly. We will cover troubleshooting error codes and proper steps in determining the source of the error code. This class is designed for installation and&hellip;","_links":{"self":[{"href":"https:\/\/cectechsupport.com\/fr\/wp-json\/wp\/v2\/product\/936","targetHints":{"allow":["GET"]}}],"collection":[{"href":"https:\/\/cectechsupport.com\/fr\/wp-json\/wp\/v2\/product"}],"about":[{"href":"https:\/\/cectechsupport.com\/fr\/wp-json\/wp\/v2\/types\/product"}],"replies":[{"embeddable":true,"href":"https:\/\/cectechsupport.com\/fr\/wp-json\/wp\/v2\/comments?post=936"}],"wp:featuredmedia":[{"embeddable":true,"href":"https:\/\/cectechsupport.com\/fr\/wp-json\/wp\/v2\/media\/929"}],"wp:attachment":[{"href":"https:\/\/cectechsupport.com\/fr\/wp-json\/wp\/v2\/media?parent=936"}],"wp:term":[{"taxonomy":"product_brand","embeddable":true,"href":"https:\/\/cectechsupport.com\/fr\/wp-json\/wp\/v2\/product_brand?post=936"},{"taxonomy":"product_cat","embeddable":true,"href":"https:\/\/cectechsupport.com\/fr\/wp-json\/wp\/v2\/product_cat?post=936"},{"taxonomy":"product_tag","embeddable":true,"href":"https:\/\/cectechsupport.com\/fr\/wp-json\/wp\/v2\/product_tag?post=936"}],"curies":[{"name":"wp","href":"https:\/\/api.w.org\/{rel}","templated":true}]}}