{"id":937,"date":"2022-03-23T14:12:47","date_gmt":"2022-03-23T18:12:47","guid":{"rendered":"https:\/\/cectechsupport.com\/?post_type=product&#038;p=937"},"modified":"2024-07-07T08:45:37","modified_gmt":"2024-07-07T12:45:37","slug":"2023-next-generation-5-stage-variable-speed-systems-self-study","status":"publish","type":"product","link":"https:\/\/cectechsupport.com\/fr\/produit\/2023-next-generation-5-stage-variable-speed-systems-self-study\/","title":{"rendered":"Auto-apprentissage des syst\u00e8mes \u00e0 vitesse variable de nouvelle g\u00e9n\u00e9ration et \u00e0 5 \u00e9tapes 2023"},"content":{"rendered":"<p>Ce cours couvre l&#039;installation de l&#039;unit\u00e9 ext\u00e9rieure, de l&#039;unit\u00e9 int\u00e9rieure et de l&#039;interface utilisateur. Nous discuterons des caract\u00e9ristiques et des fonctions du syst\u00e8me et de la mani\u00e8re d&#039;assurer une circulation d&#039;air appropri\u00e9e et de comprendre la charge critique de ces syst\u00e8mes. Nous couvrirons les codes d&#039;erreur de d\u00e9pannage et les \u00e9tapes appropri\u00e9es pour d\u00e9terminer la source du code d&#039;erreur.<\/p>\n<p>Cette classe est con\u00e7ue pour le personnel d&#039;installation et de service.<\/p>\n<p>Cette classe est l&#039;une des conditions requises pour que les concessionnaires ach\u00e8tent des produits \u00e0 vitesse variable Carrier et Bryant.<\/p>\n<p><strong data-rich-text-format-boundary=\"true\">Plan de cours:<\/strong><\/p>\n<ul id=\"block-99530f75-47b2-47de-9d99-b7eb6fe6cfa4\" class=\"wp-block block-editor-block-list__block has-selected-ui is-selected rich-text block-editor-rich-text__editable\" tabindex=\"0\" role=\"textbox\" contenteditable=\"true\" aria-label=\"\u00c9crire la liste\u2026\" aria-multiline=\"true\" data-block=\"99530f75-47b2-47de-9d99-b7eb6fe6cfa4\" data-type=\"core\/list\" data-title=\"List\">\n<li>Installation du syst\u00e8me de vitesse variable Infinity Green Speed \/ Extreme Evolution 24\/26<\/li>\n<li>Configuration et fonctionnement du syst\u00e8me de vitesse variable Infinity Green Speed \/ Extreme Evolution 24\/26<\/li>\n<li>Configuration et fonctionnement du ventilo-convecteur FE<\/li>\n<li>D\u00e9marrage de l&#039;interface utilisateur \/ Utilisation en tant qu&#039;outil de service<\/li>\n<li>Codes de d\u00e9pannage expliqu\u00e9s<\/li>\n<li>Proc\u00e9dures de d\u00e9pannage<\/li>\n<li>Outils n\u00e9cessaires pour un d\u00e9pannage correct<\/li>\n<\/ul>\n<p>&nbsp;<\/p>","protected":false},"excerpt":{"rendered":"<p>Ce cours couvre l&#039;installation de l&#039;unit\u00e9 ext\u00e9rieure, de l&#039;unit\u00e9 int\u00e9rieure et de l&#039;interface utilisateur. Nous discuterons des caract\u00e9ristiques et des fonctions du syst\u00e8me et de la mani\u00e8re d&#039;assurer une bonne circulation de l&#039;air et de comprendre la charge critique de ces syst\u00e8mes. Nous aborderons le d\u00e9pannage des codes d\u2019erreur et les \u00e9tapes appropri\u00e9es pour d\u00e9terminer la source du code d\u2019erreur. Ce [\u2026]<\/p>","protected":false},"featured_media":930,"comment_status":"closed","ping_status":"closed","template":"","meta":{"_coblocks_attr":"","_coblocks_dimensions":"","_coblocks_responsive_height":"","_coblocks_accordion_ie_support":"","_uag_custom_page_level_css":"","site-sidebar-layout":"default","site-content-layout":"default","ast-site-content-layout":"default","site-content-style":"default","site-sidebar-style":"default","ast-global-header-display":"","ast-banner-title-visibility":"","ast-main-header-display":"","ast-hfb-above-header-display":"","ast-hfb-below-header-display":"","ast-hfb-mobile-header-display":"","site-post-title":"","ast-breadcrumbs-content":"","ast-featured-img":"","footer-sml-layout":"","theme-transparent-header-meta":"default","adv-header-id-meta":"","stick-header-meta":"default","header-above-stick-meta":"","header-main-stick-meta":"","header-below-stick-meta":"","astra-migrate-meta-layouts":"default","ast-page-background-enabled":"default","ast-page-background-meta":{"desktop":{"background-color":"","background-image":"","background-repeat":"repeat","background-position":"center center","background-size":"auto","background-attachment":"scroll","background-type":"","background-media":"","overlay-type":"","overlay-color":"","overlay-opacity":"","overlay-gradient":""},"tablet":{"background-color":"","background-image":"","background-repeat":"repeat","background-position":"center center","background-size":"auto","background-attachment":"scroll","background-type":"","background-media":"","overlay-type":"","overlay-color":"","overlay-opacity":"","overlay-gradient":""},"mobile":{"background-color":"","background-image":"","background-repeat":"repeat","background-position":"center center","background-size":"auto","background-attachment":"scroll","background-type":"","background-media":"","overlay-type":"","overlay-color":"","overlay-opacity":"","overlay-gradient":""}},"ast-content-background-meta":{"desktop":{"background-color":"var(--ast-global-color-5)","background-image":"","background-repeat":"repeat","background-position":"center center","background-size":"auto","background-attachment":"scroll","background-type":"","background-media":"","overlay-type":"","overlay-color":"","overlay-opacity":"","overlay-gradient":""},"tablet":{"background-color":"var(--ast-global-color-5)","background-image":"","background-repeat":"repeat","background-position":"center center","background-size":"auto","background-attachment":"scroll","background-type":"","background-media":"","overlay-type":"","overlay-color":"","overlay-opacity":"","overlay-gradient":""},"mobile":{"background-color":"var(--ast-global-color-5)","background-image":"","background-repeat":"repeat","background-position":"center center","background-size":"auto","background-attachment":"scroll","background-type":"","background-media":"","overlay-type":"","overlay-color":"","overlay-opacity":"","overlay-gradient":""}}},"product_brand":[],"product_cat":[40],"product_tag":[],"class_list":{"0":"post-937","1":"product","2":"type-product","3":"status-publish","4":"has-post-thumbnail","6":"product_cat-self-study","7":"desktop-align-center","8":"tablet-align-center","9":"mobile-align-center","10":"ast-product-gallery-layout-horizontal","11":"ast-product-gallery-with-no-image","12":"ast-magnify-disabled","14":"first","15":"instock","16":"virtual","17":"sold-individually","18":"purchasable","19":"product-type-simple"},"uagb_featured_image_src":{"full":["https:\/\/cectechsupport.com\/wp-content\/uploads\/2022\/02\/NGIP-build-slide-v2.png",300,169,false],"thumbnail":["https:\/\/cectechsupport.com\/wp-content\/uploads\/2022\/02\/NGIP-build-slide-v2-150x150.png",150,150,true],"medium":["https:\/\/cectechsupport.com\/wp-content\/uploads\/2022\/02\/NGIP-build-slide-v2.png",300,169,false],"medium_large":["https:\/\/cectechsupport.com\/wp-content\/uploads\/2022\/02\/NGIP-build-slide-v2.png",300,169,false],"large":["https:\/\/cectechsupport.com\/wp-content\/uploads\/2022\/02\/NGIP-build-slide-v2.png",300,169,false],"1536x1536":["https:\/\/cectechsupport.com\/wp-content\/uploads\/2022\/02\/NGIP-build-slide-v2.png",300,169,false],"2048x2048":["https:\/\/cectechsupport.com\/wp-content\/uploads\/2022\/02\/NGIP-build-slide-v2.png",300,169,false],"trp-custom-language-flag":["https:\/\/cectechsupport.com\/wp-content\/uploads\/2022\/02\/NGIP-build-slide-v2.png",18,10,false],"woocommerce_thumbnail":["https:\/\/cectechsupport.com\/wp-content\/uploads\/2022\/02\/NGIP-build-slide-v2.png",300,169,false],"woocommerce_single":["https:\/\/cectechsupport.com\/wp-content\/uploads\/2022\/02\/NGIP-build-slide-v2.png",300,169,false],"woocommerce_gallery_thumbnail":["https:\/\/cectechsupport.com\/wp-content\/uploads\/2022\/02\/NGIP-build-slide-v2-100x100.png",100,100,true]},"uagb_author_info":{"display_name":"Josh Goodman","author_link":"https:\/\/cectechsupport.com\/fr\/author\/"},"uagb_comment_info":0,"uagb_excerpt":"This course covers the installation, of the outdoor unit, indoor unit, and User Interface. We will discuss features and functions of the system and how to ensure proper airflow and understand the critical charging of these systems. We will cover troubleshooting error codes and proper steps in determining the source of the error code. This&hellip;","_links":{"self":[{"href":"https:\/\/cectechsupport.com\/fr\/wp-json\/wp\/v2\/product\/937","targetHints":{"allow":["GET"]}}],"collection":[{"href":"https:\/\/cectechsupport.com\/fr\/wp-json\/wp\/v2\/product"}],"about":[{"href":"https:\/\/cectechsupport.com\/fr\/wp-json\/wp\/v2\/types\/product"}],"replies":[{"embeddable":true,"href":"https:\/\/cectechsupport.com\/fr\/wp-json\/wp\/v2\/comments?post=937"}],"wp:featuredmedia":[{"embeddable":true,"href":"https:\/\/cectechsupport.com\/fr\/wp-json\/wp\/v2\/media\/930"}],"wp:attachment":[{"href":"https:\/\/cectechsupport.com\/fr\/wp-json\/wp\/v2\/media?parent=937"}],"wp:term":[{"taxonomy":"product_brand","embeddable":true,"href":"https:\/\/cectechsupport.com\/fr\/wp-json\/wp\/v2\/product_brand?post=937"},{"taxonomy":"product_cat","embeddable":true,"href":"https:\/\/cectechsupport.com\/fr\/wp-json\/wp\/v2\/product_cat?post=937"},{"taxonomy":"product_tag","embeddable":true,"href":"https:\/\/cectechsupport.com\/fr\/wp-json\/wp\/v2\/product_tag?post=937"}],"curies":[{"name":"wp","href":"https:\/\/api.w.org\/{rel}","templated":true}]}}